{"id":15,"date":"2019-02-25T22:17:42","date_gmt":"2019-02-26T01:17:42","guid":{"rendered":"http:\/\/ipads.org.br\/cidadaniajovem\/\/?page_id=15"},"modified":"2020-08-27T16:25:29","modified_gmt":"2020-08-27T19:25:29","slug":"o-projeto","status":"publish","type":"page","link":"http:\/\/ipads.org.br\/cidadaniajovem\/o-projeto\/","title":{"rendered":"O Projeto"},"content":{"rendered":"<p><img decoding=\"async\" loading=\"lazy\" class=\"aligncenter size-full wp-image-250\" src=\"http:\/\/ipads.org.br\/cidadaniajovem\/wp-content\/uploads\/2019\/04\/Captura-de-Tela-2019-04-02-a\u0300s-11.13.40-1024x577.png\" alt=\"\" width=\"1024\" height=\"577\" srcset=\"http:\/\/ipads.org.br\/cidadaniajovem\/wp-content\/uploads\/2019\/04\/Captura-de-Tela-2019-04-02-a\u0300s-11.13.40-1024x577.png 1024w, http:\/\/ipads.org.br\/cidadaniajovem\/wp-content\/uploads\/2019\/04\/Captura-de-Tela-2019-04-02-a\u0300s-11.13.40-1024x577-300x169.png 300w, http:\/\/ipads.org.br\/cidadaniajovem\/wp-content\/uploads\/2019\/04\/Captura-de-Tela-2019-04-02-a\u0300s-11.13.40-1024x577-768x433.png 768w\" sizes=\"(max-width: 709px) 85vw, (max-width: 909px) 67vw, (max-width: 1362px) 62vw, 840px\" \/><\/p>\n<h2>O que \u00e9<\/h2>\n<p><span style=\"font-weight: 400;\">Embora o mundo sofra frequentes mudan\u00e7as de comportamentos e de valores que afetam diretamente a juventude, ainda \u00e9 na adolesc\u00eancia que os indiv\u00edduos passam a exercer a sexualidade com seus riscos associados, ampliam o conv\u00edvio social, vivem a urg\u00eancia de protagonizar a pr\u00f3pria hist\u00f3ria, passam a tomar suas pr\u00f3prias decis\u00f5es e a planejar o futuro, agora j\u00e1 nem t\u00e3o distante.<\/span><\/p>\n<p><span style=\"font-weight: 400;\">Mas, apesar de contar com uma legisla\u00e7\u00e3o exemplar de cuidado e prote\u00e7\u00e3o \u00e0 crian\u00e7a e ao adolescente, o Brasil exp\u00f5e grandes fragilidades: 61 por cento desses meninos e meninas vivem na pobreza, de acordo com relat\u00f3rio do Fundo das Na\u00e7\u00f5es Unidas para a Inf\u00e2ncia (UNICEF), publicado em agosto de 2018. Pobreza n\u00e3o apenas monet\u00e1ria, mas de m\u00faltiplas dimens\u00f5es, que priva esses cidad\u00e3os de direitos b\u00e1sicos ao seu desenvolvimento, como educa\u00e7\u00e3o, saneamento e informa\u00e7\u00e3o.<\/span><\/p>\n<p><span style=\"font-weight: 400;\">Na sa\u00fade do adolescente, o pa\u00eds amarga alguns indicadores sombrios, como os de gravidez precoce, Doen\u00e7as Sexualmente Transmiss\u00edveis, as DSTs, e mortes por Causas Externas. De acordo com a Organiza\u00e7\u00e3o Mundial da Sa\u00fade(OMS), a viol\u00eancia \u00e9 a principal causa de morte entre grupos de 10 a 15 anos de idade.<\/span><\/p>\n<p><span style=\"font-weight: 400;\">A extraordin\u00e1ria fase de transi\u00e7\u00e3o da inf\u00e2ncia para a vida adulta, marcada por tantas descobertas, medos, ansiedades e responsabilidades exige, ent\u00e3o, adapta\u00e7\u00f5es e ajustes que incluem desde os cuidados com o corpo at\u00e9 a mudan\u00e7a de h\u00e1bitos e comportamentos decisivos para a sa\u00fade f\u00edsica e o equil\u00edbrio psicossocial, que ter\u00e3o implica\u00e7\u00f5es diretas em todos os est\u00e1gios subsequentes de suas vidas. <\/span><\/p>\n<p><span style=\"font-weight: 400;\">Com esse prop\u00f3sito, o Instituto de Apoio ao Desenvolvimento Social (IPADS), em parceria com a empresa BAYER, e contando com apoio do Conselho Nacional de Secretarias Municipais de Sa\u00fade (CONASEMS), criou o CIDADANIA JOVEM, projeto que pretende contribuir para a forma\u00e7\u00e3o integral dos adolescentes em condi\u00e7\u00e3o de vulnerabilidade social, numa abordagem intersetorial que busca promover a sa\u00fade e favorecer o protagonismo dos jovens na constru\u00e7\u00e3o da cidadania.<\/span><\/p>\n<p><span style=\"font-weight: 400;\">No Cidadania Jovem, a sa\u00fade \u00e9 entendida como&nbsp; qualidade de vida: envolve o bem estar f\u00edsico, mental, psicol\u00f3gico e emocional que meninos e meninas precisam durante a conturbada fase de transi\u00e7\u00e3o da inf\u00e2ncia para a vida adulta. Entre os temas tratados est\u00e3o a sexualidade, cuidados com o corpo, sa\u00fade, valores, fam\u00edlia, conv\u00edvio&nbsp; social e cidadania.<\/span><\/p>\n<p><span style=\"font-weight: 400;\">&nbsp;Al\u00e9m de atuar diretamente em oficinas com adolescentes das&nbsp; cinco regi\u00f5es brasileiras, ao longo do desenvolvimento de suas a\u00e7\u00f5es o projeto capacita monitores, constr\u00f3i metodologia de trabalho para que os munic\u00edpios multipliquem a experi\u00eancia e gerar\u00e1 documentos sobre Sa\u00fade de Adolescentes para disponibilizar aos profissionais da Aten\u00e7\u00e3o B\u00e1sica do Sistema \u00danico de Sa\u00fade, o SUS, al\u00e9m de v\u00eddeos voltados a diferentes p\u00fablicos e um aplicativo para uso de adolescentes.<\/span><\/p>\n<h2><b>Oficinas&nbsp;<\/b><\/h2>\n<p><span style=\"font-weight: 400;\">Em um primeiro momento, as oficinas do Cidadania Jovem beneficiam 500 adolescentes \u2013 100 em cada um dos cinco munic\u00edpios que representam as diferentes regi\u00f5es brasileiras (Norte, Nordeste, Centro Oeste, Sudeste e Sul).&nbsp;<\/span><\/p>\n<p><span style=\"font-weight: 400;\">O p\u00fablico-alvo priorizado s\u00e3o adolescentes em situa\u00e7\u00e3o de vulnerabilidade social com idade de 12 a 15 anos. Mas o conjunto de atividades considera a faixa et\u00e1ria estabelecida no Estatuto da Crian\u00e7a e do Adolescente (ECA \u2013 Lei 8.069, de 1990 ), que \u00e9 de 12 a 18 anos e, em casos excepcionais expressos em lei, aplic\u00e1vel at\u00e9 os 21 anos de idade.<\/span><\/p>\n<p>A ideia \u00e9 oportunizar o aprendizado em diferentes \u00e1reas do conhecimento para que os adolescentes sintam-se fortalecidos, enfrentem com mais leveza os conflitos comuns nessa fase, desenvolvam sua autoestima, superem poss\u00edveis situa\u00e7\u00f5es de vulnerabilidade no ambiente em que vivem&nbsp; e passem a atuar como protagonistas na constru\u00e7\u00e3o de suas hist\u00f3rias de vida.&nbsp;<\/p>\n<p>\u00c9 um trabalho de educa\u00e7\u00e3o n\u00e3o formal, fora da grade curricular da escola. A a\u00e7\u00e3o educativa se estabelece a partir de palestras sobre sa\u00fade com especialistas convidados e oficinas semanais conduzidas por monitores previamente capacitados pelo projeto. Essas oficinas, que acontecem todos os s\u00e1bados ao longo de 10 meses, pressup\u00f5em &nbsp;o trabalho com vistas \u00e0 promo\u00e7\u00e3o da sa\u00fade e o desenvolvimento de atitudes e habilidades, tendo como base&nbsp; atividades em diferentes formas, como:<\/p>\n<ul>\n<li>arte e movimento,<\/li>\n<li>pr\u00e1ticas esportivas,<\/li>\n<li>hist\u00f3ria, mem\u00f3ria e identidade,<\/li>\n<li>protagonismo e a\u00e7\u00e3o comunit\u00e1ria&nbsp; &nbsp;<\/li>\n<\/ul>\n<h2>Forma\u00e7\u00e3o de monitores<\/h2>\n<p>Em atividades presenciais e em Educa\u00e7\u00e3o a Dist\u00e2ncia (EaD) o Cidadania Jovem promove a capacita\u00e7\u00e3o e oferece apoio permanente aos monitores, selecionados nas cidades onde o projeto \u00e9 desenvolvido. Com essa capacita\u00e7\u00e3o, al\u00e9m da oportunidade de trabalhar nas oficinas do Cidadania Jovem, podem tornar-se agentes educacionais, capazes de desenvolver novos projetos que contribuam para a forma\u00e7\u00e3o integral dos adolescentes de suas comunidades.<\/p>\n<h2><b>Produtos&nbsp;<\/b><\/h2>\n<p><span style=\"font-weight: 400;\">Durante a realiza\u00e7\u00e3o do projeto, a equipe do Cidadania Jovem elabora os documentos \u201c<a href=\"http:\/\/ipads.org.br\/cidadaniajovem\/wp-content\/uploads\/2020\/08\/MANUAL-TE\u0301CNICO-SAU\u0301DE-ADOLESCENTE-DIGITAL.pdf\">Manual T\u00e9cnico para o Cuidado \u00e0 Sa\u00fade do Adolescente na Aten\u00e7\u00e3o B\u00e1sica<\/a>\u201d e o \u201c<a href=\"http:\/\/ipads.org.br\/cidadaniajovem\/wp-content\/uploads\/2020\/08\/CADERNO-DE-PROMOC\u0327A\u0303O-ADOLESCENTE-DIGITAL-1.pdf\">Caderno de Promo\u00e7\u00e3o da Sa\u00fade do Adolescente<\/a>\u201d que ser\u00e3o disponibilizados pelo Conasems aos profissionais da Aten\u00e7\u00e3o B\u00e1sica do SUS dos 5.570 munic\u00edpios brasileiros.&nbsp;<\/span><\/p>\n<p><span style=\"font-weight: 400;\">O Cidadania Jovem tamb\u00e9m trabalha na <a href=\"https:\/\/www.youtube.com\/playlist?list=PLsy2_XBSl_eCGmcA3XtAn-RwOZzBkSKqD\">produ\u00e7\u00e3o de cinco v\u00eddeos<\/a> sobre temas relacionados \u00e0 adolesc\u00eancia, voltados a p\u00fablicos distintos (adolescentes, pais e educadores e profissionais do SUS), al\u00e9m de um aplicativo para uso de adolescentes.<\/span><\/p>\n<p>&nbsp;<\/p>\n","protected":false},"excerpt":{"rendered":"<p>O que \u00e9 Embora o mundo sofra frequentes mudan\u00e7as de comportamentos e de valores que afetam diretamente a juventude, ainda \u00e9 na adolesc\u00eancia que os indiv\u00edduos passam a exercer a sexualidade com seus riscos associados, ampliam o conv\u00edvio social, vivem a urg\u00eancia de protagonizar a pr\u00f3pria hist\u00f3ria, passam a tomar suas pr\u00f3prias decis\u00f5es e a &hellip; <a href=\"http:\/\/ipads.org.br\/cidadaniajovem\/o-projeto\/\" class=\"more-link\">Continue lendo<span class=\"screen-reader-text\"> &#8220;O Projeto&#8221;<\/span><\/a><\/p>\n","protected":false},"author":1,"featured_media":250,"parent":0,"menu_order":0,"comment_status":"closed","ping_status":"closed","template":"","meta":{"ngg_post_thumbnail":0},"yoast_head":"<!-- This site is optimized with the Yoast SEO plugin v20.11 - https:\/\/yoast.com\/wordpress\/plugins\/seo\/ -->\n<title>O Projeto - Cidadania Jovem<\/title>\n<meta name=\"robots\" content=\"index, follow, max-snippet:-1, max-image-preview:large, max-video-preview:-1\" \/>\n<link rel=\"canonical\" href=\"https:\/\/ipads.org.br\/cidadaniajovem\/o-projeto\/\" \/>\n<meta property=\"og:locale\" content=\"pt_BR\" \/>\n<meta property=\"og:type\" content=\"article\" \/>\n<meta property=\"og:title\" content=\"O Projeto - Cidadania Jovem\" \/>\n<meta property=\"og:description\" content=\"O que \u00e9 Embora o mundo sofra frequentes mudan\u00e7as de comportamentos e de valores que afetam diretamente a juventude, ainda \u00e9 na adolesc\u00eancia que os indiv\u00edduos passam a exercer a sexualidade com seus riscos associados, ampliam o conv\u00edvio social, vivem a urg\u00eancia de protagonizar a pr\u00f3pria hist\u00f3ria, passam a tomar suas pr\u00f3prias decis\u00f5es e a &hellip; Continue lendo &quot;O Projeto&quot;\" \/>\n<meta property=\"og:url\" content=\"https:\/\/ipads.org.br\/cidadaniajovem\/o-projeto\/\" \/>\n<meta property=\"og:site_name\" content=\"Cidadania Jovem\" \/>\n<meta property=\"article:modified_time\" content=\"2020-08-27T19:25:29+00:00\" \/>\n<meta property=\"og:image\" content=\"https:\/\/ipads.org.br\/cidadaniajovem\/wp-content\/uploads\/2019\/04\/Captura-de-Tela-2019-04-02-a\u0300s-11.13.40-1024x577.png\" \/>\n\t<meta property=\"og:image:width\" content=\"1024\" \/>\n\t<meta property=\"og:image:height\" content=\"577\" \/>\n\t<meta property=\"og:image:type\" content=\"image\/png\" \/>\n<meta name=\"twitter:card\" content=\"summary_large_image\" \/>\n<meta name=\"twitter:label1\" content=\"Est. tempo de leitura\" \/>\n\t<meta name=\"twitter:data1\" content=\"5 minutos\" \/>\n<script type=\"application\/ld+json\" class=\"yoast-schema-graph\">{\"@context\":\"https:\/\/schema.org\",\"@graph\":[{\"@type\":\"WebPage\",\"@id\":\"https:\/\/ipads.org.br\/cidadaniajovem\/o-projeto\/\",\"url\":\"https:\/\/ipads.org.br\/cidadaniajovem\/o-projeto\/\",\"name\":\"O Projeto - Cidadania Jovem\",\"isPartOf\":{\"@id\":\"https:\/\/ipads.org.br\/cidadaniajovem\/#website\"},\"datePublished\":\"2019-02-26T01:17:42+00:00\",\"dateModified\":\"2020-08-27T19:25:29+00:00\",\"breadcrumb\":{\"@id\":\"https:\/\/ipads.org.br\/cidadaniajovem\/o-projeto\/#breadcrumb\"},\"inLanguage\":\"pt-BR\",\"potentialAction\":[{\"@type\":\"ReadAction\",\"target\":[\"https:\/\/ipads.org.br\/cidadaniajovem\/o-projeto\/\"]}]},{\"@type\":\"BreadcrumbList\",\"@id\":\"https:\/\/ipads.org.br\/cidadaniajovem\/o-projeto\/#breadcrumb\",\"itemListElement\":[{\"@type\":\"ListItem\",\"position\":1,\"name\":\"In\u00edcio\",\"item\":\"https:\/\/ipads.org.br\/cidadaniajovem\/\"},{\"@type\":\"ListItem\",\"position\":2,\"name\":\"O Projeto\"}]},{\"@type\":\"WebSite\",\"@id\":\"https:\/\/ipads.org.br\/cidadaniajovem\/#website\",\"url\":\"https:\/\/ipads.org.br\/cidadaniajovem\/\",\"name\":\"Cidadania Jovem\",\"description\":\"Promo\u00e7\u00e3o da sa\u00fade de adolescentes\",\"potentialAction\":[{\"@type\":\"SearchAction\",\"target\":{\"@type\":\"EntryPoint\",\"urlTemplate\":\"https:\/\/ipads.org.br\/cidadaniajovem\/?s={search_term_string}\"},\"query-input\":\"required name=search_term_string\"}],\"inLanguage\":\"pt-BR\"}]}<\/script>\n<!-- \/ Yoast SEO plugin. -->","yoast_head_json":{"title":"O Projeto - Cidadania Jovem","robots":{"index":"index","follow":"follow","max-snippet":"max-snippet:-1","max-image-preview":"max-image-preview:large","max-video-preview":"max-video-preview:-1"},"canonical":"https:\/\/ipads.org.br\/cidadaniajovem\/o-projeto\/","og_locale":"pt_BR","og_type":"article","og_title":"O Projeto - Cidadania Jovem","og_description":"O que \u00e9 Embora o mundo sofra frequentes mudan\u00e7as de comportamentos e de valores que afetam diretamente a juventude, ainda \u00e9 na adolesc\u00eancia que os indiv\u00edduos passam a exercer a sexualidade com seus riscos associados, ampliam o conv\u00edvio social, vivem a urg\u00eancia de protagonizar a pr\u00f3pria hist\u00f3ria, passam a tomar suas pr\u00f3prias decis\u00f5es e a &hellip; Continue lendo \"O Projeto\"","og_url":"https:\/\/ipads.org.br\/cidadaniajovem\/o-projeto\/","og_site_name":"Cidadania Jovem","article_modified_time":"2020-08-27T19:25:29+00:00","og_image":[{"width":1024,"height":577,"url":"https:\/\/ipads.org.br\/cidadaniajovem\/wp-content\/uploads\/2019\/04\/Captura-de-Tela-2019-04-02-a\u0300s-11.13.40-1024x577.png","type":"image\/png"}],"twitter_card":"summary_large_image","twitter_misc":{"Est. tempo de leitura":"5 minutos"},"schema":{"@context":"https:\/\/schema.org","@graph":[{"@type":"WebPage","@id":"https:\/\/ipads.org.br\/cidadaniajovem\/o-projeto\/","url":"https:\/\/ipads.org.br\/cidadaniajovem\/o-projeto\/","name":"O Projeto - Cidadania Jovem","isPartOf":{"@id":"https:\/\/ipads.org.br\/cidadaniajovem\/#website"},"datePublished":"2019-02-26T01:17:42+00:00","dateModified":"2020-08-27T19:25:29+00:00","breadcrumb":{"@id":"https:\/\/ipads.org.br\/cidadaniajovem\/o-projeto\/#breadcrumb"},"inLanguage":"pt-BR","potentialAction":[{"@type":"ReadAction","target":["https:\/\/ipads.org.br\/cidadaniajovem\/o-projeto\/"]}]},{"@type":"BreadcrumbList","@id":"https:\/\/ipads.org.br\/cidadaniajovem\/o-projeto\/#breadcrumb","itemListElement":[{"@type":"ListItem","position":1,"name":"In\u00edcio","item":"https:\/\/ipads.org.br\/cidadaniajovem\/"},{"@type":"ListItem","position":2,"name":"O Projeto"}]},{"@type":"WebSite","@id":"https:\/\/ipads.org.br\/cidadaniajovem\/#website","url":"https:\/\/ipads.org.br\/cidadaniajovem\/","name":"Cidadania Jovem","description":"Promo\u00e7\u00e3o da sa\u00fade de adolescentes","potentialAction":[{"@type":"SearchAction","target":{"@type":"EntryPoint","urlTemplate":"https:\/\/ipads.org.br\/cidadaniajovem\/?s={search_term_string}"},"query-input":"required name=search_term_string"}],"inLanguage":"pt-BR"}]}},"_links":{"self":[{"href":"http:\/\/ipads.org.br\/cidadaniajovem\/wp-json\/wp\/v2\/pages\/15"}],"collection":[{"href":"http:\/\/ipads.org.br\/cidadaniajovem\/wp-json\/wp\/v2\/pages"}],"about":[{"href":"http:\/\/ipads.org.br\/cidadaniajovem\/wp-json\/wp\/v2\/types\/page"}],"author":[{"embeddable":true,"href":"http:\/\/ipads.org.br\/cidadaniajovem\/wp-json\/wp\/v2\/users\/1"}],"replies":[{"embeddable":true,"href":"http:\/\/ipads.org.br\/cidadaniajovem\/wp-json\/wp\/v2\/comments?post=15"}],"version-history":[{"count":19,"href":"http:\/\/ipads.org.br\/cidadaniajovem\/wp-json\/wp\/v2\/pages\/15\/revisions"}],"predecessor-version":[{"id":842,"href":"http:\/\/ipads.org.br\/cidadaniajovem\/wp-json\/wp\/v2\/pages\/15\/revisions\/842"}],"wp:featuredmedia":[{"embeddable":true,"href":"http:\/\/ipads.org.br\/cidadaniajovem\/wp-json\/wp\/v2\/media\/250"}],"wp:attachment":[{"href":"http:\/\/ipads.org.br\/cidadaniajovem\/wp-json\/wp\/v2\/media?parent=15"}],"curies":[{"name":"wp","href":"https:\/\/api.w.org\/{rel}","templated":true}]}}