{"id":22,"date":"2019-02-26T14:56:31","date_gmt":"2019-02-26T17:56:31","guid":{"rendered":"http:\/\/ipads.org.br\/cidadaniajovem\/\/?page_id=22"},"modified":"2019-04-15T19:51:22","modified_gmt":"2019-04-15T22:51:22","slug":"onde-estamos","status":"publish","type":"page","link":"http:\/\/ipads.org.br\/cidadaniajovem\/onde-estamos\/","title":{"rendered":"Onde estamos"},"content":{"rendered":"<p>Em 2019 o Cidadania Jovem ser\u00e1 desenvolvido em cinco cidades que representam as diferentes regi\u00f5es brasileiras, em \u00e1reas onde as administra\u00e7\u00f5es p\u00fablicas municipais registram expressivas condi\u00e7\u00f5es de vulnerabilidade social entre adolescentes. A realiza\u00e7\u00e3o de todas as atividades conta com o apoio das prefeituras, que ajudam na divulga\u00e7\u00e3o do projeto e disponibilizam espa\u00e7o f\u00edsico para as capacita\u00e7\u00f5es de monitores e oficinas, al\u00e9m de fornecer alimenta\u00e7\u00e3o para os participantes. Veja quais s\u00e3o as cidades que participam do Cidadania Jovem:<br \/>\n&#8211; <a href=\"http:\/\/ipads.org.br\/cidadaniajovem\/\/cascavel-pr\/\">Cascavel, no Paran\u00e1 (Sul); <\/a><br \/>\n&#8211; <a href=\"http:\/\/ipads.org.br\/cidadaniajovem\/\/demerval-lobao-pi\/\">Demerval Lob\u00e3o, no Piau\u00ed (Nordeste); <\/a><br \/>\n&#8211; <a href=\"http:\/\/ipads.org.br\/cidadaniajovem\/goianesia-go\/\">Goian\u00e9sia, em Goi\u00e1s (Centro-Oeste)<\/a>;<br \/>\n&#8211; <a href=\"http:\/\/ipads.org.br\/cidadaniajovem\/\/pedreira-sp\/\">Pedreira, em S\u00e3o Paulo (Sudeste),<\/a><br \/>\n&#8211; <a href=\"http:\/\/ipads.org.br\/cidadaniajovem\/\/rio-preto-da-eva-am\/\">Rio Preto da Eva, no Amazonas (Norte)<\/a><\/p>\n<p>&nbsp;<\/p>\n<p><iframe loading=\"lazy\" src=\"https:\/\/www.google.com\/maps\/d\/embed?mid=17S0mVWcaOAOjU-k7hY164I53nSB2Vqzy&amp;hl=pt-BR\" width=\"640\" height=\"480\"><\/iframe><\/p>\n","protected":false},"excerpt":{"rendered":"<p>Em 2019 o Cidadania Jovem ser\u00e1 desenvolvido em cinco cidades que representam as diferentes regi\u00f5es brasileiras, em \u00e1reas onde as administra\u00e7\u00f5es p\u00fablicas municipais registram expressivas condi\u00e7\u00f5es de vulnerabilidade social entre adolescentes. A realiza\u00e7\u00e3o de todas as atividades conta com o apoio das prefeituras, que ajudam na divulga\u00e7\u00e3o do projeto e disponibilizam espa\u00e7o f\u00edsico para as &hellip; <a href=\"http:\/\/ipads.org.br\/cidadaniajovem\/onde-estamos\/\" class=\"more-link\">Continue lendo<span class=\"screen-reader-text\"> &#8220;Onde estamos&#8221;<\/span><\/a><\/p>\n","protected":false},"author":1,"featured_media":0,"parent":0,"menu_order":0,"comment_status":"closed","ping_status":"closed","template":"","meta":{"ngg_post_thumbnail":0},"yoast_head":"<!-- This site is optimized with the Yoast SEO plugin v20.11 - https:\/\/yoast.com\/wordpress\/plugins\/seo\/ -->\n<title>Onde estamos - Cidadania Jovem<\/title>\n<meta name=\"robots\" content=\"index, follow, max-snippet:-1, max-image-preview:large, max-video-preview:-1\" \/>\n<link rel=\"canonical\" href=\"http:\/\/ipads.org.br\/cidadaniajovem\/onde-estamos\/\" \/>\n<meta property=\"og:locale\" content=\"pt_BR\" \/>\n<meta property=\"og:type\" content=\"article\" \/>\n<meta property=\"og:title\" content=\"Onde estamos - Cidadania Jovem\" \/>\n<meta property=\"og:description\" content=\"Em 2019 o Cidadania Jovem ser\u00e1 desenvolvido em cinco cidades que representam as diferentes regi\u00f5es brasileiras, em \u00e1reas onde as administra\u00e7\u00f5es p\u00fablicas municipais registram expressivas condi\u00e7\u00f5es de vulnerabilidade social entre adolescentes. A realiza\u00e7\u00e3o de todas as atividades conta com o apoio das prefeituras, que ajudam na divulga\u00e7\u00e3o do projeto e disponibilizam espa\u00e7o f\u00edsico para as &hellip; Continue lendo &quot;Onde estamos&quot;\" \/>\n<meta property=\"og:url\" content=\"http:\/\/ipads.org.br\/cidadaniajovem\/onde-estamos\/\" \/>\n<meta property=\"og:site_name\" content=\"Cidadania Jovem\" \/>\n<meta property=\"article:modified_time\" content=\"2019-04-15T22:51:22+00:00\" \/>\n<meta name=\"twitter:card\" content=\"summary_large_image\" \/>\n<meta name=\"twitter:label1\" content=\"Est. tempo de leitura\" \/>\n\t<meta name=\"twitter:data1\" content=\"1 minuto\" \/>\n<script type=\"application\/ld+json\" class=\"yoast-schema-graph\">{\"@context\":\"https:\/\/schema.org\",\"@graph\":[{\"@type\":\"WebPage\",\"@id\":\"http:\/\/ipads.org.br\/cidadaniajovem\/onde-estamos\/\",\"url\":\"http:\/\/ipads.org.br\/cidadaniajovem\/onde-estamos\/\",\"name\":\"Onde estamos - Cidadania Jovem\",\"isPartOf\":{\"@id\":\"https:\/\/ipads.org.br\/cidadaniajovem\/#website\"},\"datePublished\":\"2019-02-26T17:56:31+00:00\",\"dateModified\":\"2019-04-15T22:51:22+00:00\",\"breadcrumb\":{\"@id\":\"http:\/\/ipads.org.br\/cidadaniajovem\/onde-estamos\/#breadcrumb\"},\"inLanguage\":\"pt-BR\",\"potentialAction\":[{\"@type\":\"ReadAction\",\"target\":[\"http:\/\/ipads.org.br\/cidadaniajovem\/onde-estamos\/\"]}]},{\"@type\":\"BreadcrumbList\",\"@id\":\"http:\/\/ipads.org.br\/cidadaniajovem\/onde-estamos\/#breadcrumb\",\"itemListElement\":[{\"@type\":\"ListItem\",\"position\":1,\"name\":\"In\u00edcio\",\"item\":\"https:\/\/ipads.org.br\/cidadaniajovem\/\"},{\"@type\":\"ListItem\",\"position\":2,\"name\":\"Onde estamos\"}]},{\"@type\":\"WebSite\",\"@id\":\"https:\/\/ipads.org.br\/cidadaniajovem\/#website\",\"url\":\"https:\/\/ipads.org.br\/cidadaniajovem\/\",\"name\":\"Cidadania Jovem\",\"description\":\"Promo\u00e7\u00e3o da sa\u00fade de adolescentes\",\"potentialAction\":[{\"@type\":\"SearchAction\",\"target\":{\"@type\":\"EntryPoint\",\"urlTemplate\":\"https:\/\/ipads.org.br\/cidadaniajovem\/?s={search_term_string}\"},\"query-input\":\"required name=search_term_string\"}],\"inLanguage\":\"pt-BR\"}]}<\/script>\n<!-- \/ Yoast SEO plugin. -->","yoast_head_json":{"title":"Onde estamos - Cidadania Jovem","robots":{"index":"index","follow":"follow","max-snippet":"max-snippet:-1","max-image-preview":"max-image-preview:large","max-video-preview":"max-video-preview:-1"},"canonical":"http:\/\/ipads.org.br\/cidadaniajovem\/onde-estamos\/","og_locale":"pt_BR","og_type":"article","og_title":"Onde estamos - Cidadania Jovem","og_description":"Em 2019 o Cidadania Jovem ser\u00e1 desenvolvido em cinco cidades que representam as diferentes regi\u00f5es brasileiras, em \u00e1reas onde as administra\u00e7\u00f5es p\u00fablicas municipais registram expressivas condi\u00e7\u00f5es de vulnerabilidade social entre adolescentes. A realiza\u00e7\u00e3o de todas as atividades conta com o apoio das prefeituras, que ajudam na divulga\u00e7\u00e3o do projeto e disponibilizam espa\u00e7o f\u00edsico para as &hellip; Continue lendo \"Onde estamos\"","og_url":"http:\/\/ipads.org.br\/cidadaniajovem\/onde-estamos\/","og_site_name":"Cidadania Jovem","article_modified_time":"2019-04-15T22:51:22+00:00","twitter_card":"summary_large_image","twitter_misc":{"Est. tempo de leitura":"1 minuto"},"schema":{"@context":"https:\/\/schema.org","@graph":[{"@type":"WebPage","@id":"http:\/\/ipads.org.br\/cidadaniajovem\/onde-estamos\/","url":"http:\/\/ipads.org.br\/cidadaniajovem\/onde-estamos\/","name":"Onde estamos - Cidadania Jovem","isPartOf":{"@id":"https:\/\/ipads.org.br\/cidadaniajovem\/#website"},"datePublished":"2019-02-26T17:56:31+00:00","dateModified":"2019-04-15T22:51:22+00:00","breadcrumb":{"@id":"http:\/\/ipads.org.br\/cidadaniajovem\/onde-estamos\/#breadcrumb"},"inLanguage":"pt-BR","potentialAction":[{"@type":"ReadAction","target":["http:\/\/ipads.org.br\/cidadaniajovem\/onde-estamos\/"]}]},{"@type":"BreadcrumbList","@id":"http:\/\/ipads.org.br\/cidadaniajovem\/onde-estamos\/#breadcrumb","itemListElement":[{"@type":"ListItem","position":1,"name":"In\u00edcio","item":"https:\/\/ipads.org.br\/cidadaniajovem\/"},{"@type":"ListItem","position":2,"name":"Onde estamos"}]},{"@type":"WebSite","@id":"https:\/\/ipads.org.br\/cidadaniajovem\/#website","url":"https:\/\/ipads.org.br\/cidadaniajovem\/","name":"Cidadania Jovem","description":"Promo\u00e7\u00e3o da sa\u00fade de adolescentes","potentialAction":[{"@type":"SearchAction","target":{"@type":"EntryPoint","urlTemplate":"https:\/\/ipads.org.br\/cidadaniajovem\/?s={search_term_string}"},"query-input":"required name=search_term_string"}],"inLanguage":"pt-BR"}]}},"_links":{"self":[{"href":"http:\/\/ipads.org.br\/cidadaniajovem\/wp-json\/wp\/v2\/pages\/22"}],"collection":[{"href":"http:\/\/ipads.org.br\/cidadaniajovem\/wp-json\/wp\/v2\/pages"}],"about":[{"href":"http:\/\/ipads.org.br\/cidadaniajovem\/wp-json\/wp\/v2\/types\/page"}],"author":[{"embeddable":true,"href":"http:\/\/ipads.org.br\/cidadaniajovem\/wp-json\/wp\/v2\/users\/1"}],"replies":[{"embeddable":true,"href":"http:\/\/ipads.org.br\/cidadaniajovem\/wp-json\/wp\/v2\/comments?post=22"}],"version-history":[{"count":12,"href":"http:\/\/ipads.org.br\/cidadaniajovem\/wp-json\/wp\/v2\/pages\/22\/revisions"}],"predecessor-version":[{"id":266,"href":"http:\/\/ipads.org.br\/cidadaniajovem\/wp-json\/wp\/v2\/pages\/22\/revisions\/266"}],"wp:attachment":[{"href":"http:\/\/ipads.org.br\/cidadaniajovem\/wp-json\/wp\/v2\/media?parent=22"}],"curies":[{"name":"wp","href":"https:\/\/api.w.org\/{rel}","templated":true}]}}