{"id":36,"date":"2019-03-07T10:48:07","date_gmt":"2019-03-07T13:48:07","guid":{"rendered":"http:\/\/ipads.org.br\/cidadaniajovem\/\/?page_id=36"},"modified":"2019-03-22T11:57:01","modified_gmt":"2019-03-22T14:57:01","slug":"pedreira-sp","status":"publish","type":"page","link":"http:\/\/ipads.org.br\/cidadaniajovem\/pedreira-sp\/","title":{"rendered":"Pedreira &#8211; SP"},"content":{"rendered":"<p><img decoding=\"async\" loading=\"lazy\" src=\"http:\/\/ipads.org.br\/cidadaniajovem\/\/wp-content\/uploads\/2019\/03\/pedreira_02.jpg\" alt=\"\" width=\"1080\" height=\"720\" class=\"aligncenter size-full wp-image-37\" srcset=\"http:\/\/ipads.org.br\/cidadaniajovem\/wp-content\/uploads\/2019\/03\/pedreira_02.jpg 1080w, http:\/\/ipads.org.br\/cidadaniajovem\/wp-content\/uploads\/2019\/03\/pedreira_02-300x200.jpg 300w, http:\/\/ipads.org.br\/cidadaniajovem\/wp-content\/uploads\/2019\/03\/pedreira_02-768x512.jpg 768w, http:\/\/ipads.org.br\/cidadaniajovem\/wp-content\/uploads\/2019\/03\/pedreira_02-1024x683.jpg 1024w\" sizes=\"(max-width: 709px) 85vw, (max-width: 909px) 67vw, (max-width: 1362px) 62vw, 840px\" \/><\/p>\n<p>Conhecida como \u201cCapital da Porcelana\u201d, por sua expressiva produ\u00e7\u00e3o de artigos de porcelana e lou\u00e7a, Pedreira tem cerca de 46 mil habitantes, pertence ao Circuito das \u00c1guas Paulista e fica a 137 quil\u00f4metros da capital, S\u00e3o Paulo. Ao contr\u00e1rio do que sugere, o nome da cidade n\u00e3o se origina na quantidade de pedras presentes na regi\u00e3o \u00e0 \u00e9poca de sua funda\u00e7\u00e3o. Deve-se, sim, ao grande  n\u00famero de homens chamados \u201cPedro\u201d na fam\u00edlia do fundador, o Cel. Jo\u00e3o Pedro de Godoy Moreira.<\/p>\n<p>Pedreira teve combatentes e chegou a ser bombardeada durante a Revolu\u00e7\u00e3o Constitucionalista de 1932, revolta protagonizada pelo estado de S\u00e3o Paulo para a derrubada do presidente Get\u00falio Vargas (1930-1945) e a convoca\u00e7\u00e3o de uma Assembleia Constituinte. O local  onde os soldados montaram suas trincheiras durante a revolu\u00e7\u00e3o ganhou um monumento que hoje faz parte do Complexo Tur\u00edstico Morro do Cristo, um dos pontos mais visitados da cidade.<\/p>\n<p><img decoding=\"async\" loading=\"lazy\" src=\"http:\/\/ipads.org.br\/cidadaniajovem\/\/wp-content\/uploads\/2019\/03\/pedreira_01.jpg\" alt=\"\" width=\"1080\" height=\"720\" class=\"aligncenter size-full wp-image-38\" srcset=\"http:\/\/ipads.org.br\/cidadaniajovem\/wp-content\/uploads\/2019\/03\/pedreira_01.jpg 1080w, http:\/\/ipads.org.br\/cidadaniajovem\/wp-content\/uploads\/2019\/03\/pedreira_01-300x200.jpg 300w, http:\/\/ipads.org.br\/cidadaniajovem\/wp-content\/uploads\/2019\/03\/pedreira_01-768x512.jpg 768w, http:\/\/ipads.org.br\/cidadaniajovem\/wp-content\/uploads\/2019\/03\/pedreira_01-1024x683.jpg 1024w\" sizes=\"(max-width: 709px) 85vw, (max-width: 909px) 67vw, (max-width: 1362px) 62vw, 840px\" \/><\/p>\n<p>*Fotos: Karen Isis &#8211; Prefeitura Municipal de Pedreira<\/p>\n","protected":false},"excerpt":{"rendered":"<p>Conhecida como \u201cCapital da Porcelana\u201d, por sua expressiva produ\u00e7\u00e3o de artigos de porcelana e lou\u00e7a, Pedreira tem cerca de 46 mil habitantes, pertence ao Circuito das \u00c1guas Paulista e fica a 137 quil\u00f4metros da capital, S\u00e3o Paulo. Ao contr\u00e1rio do que sugere, o nome da cidade n\u00e3o se origina na quantidade de pedras presentes na &hellip; <a href=\"http:\/\/ipads.org.br\/cidadaniajovem\/pedreira-sp\/\" class=\"more-link\">Continue lendo<span class=\"screen-reader-text\"> &#8220;Pedreira &#8211; SP&#8221;<\/span><\/a><\/p>\n","protected":false},"author":1,"featured_media":38,"parent":0,"menu_order":0,"comment_status":"closed","ping_status":"closed","template":"","meta":{"ngg_post_thumbnail":0},"yoast_head":"<!-- This site is optimized with the Yoast SEO plugin v20.11 - https:\/\/yoast.com\/wordpress\/plugins\/seo\/ -->\n<title>Pedreira - SP - Cidadania Jovem<\/title>\n<meta name=\"robots\" content=\"index, follow, max-snippet:-1, max-image-preview:large, max-video-preview:-1\" \/>\n<link rel=\"canonical\" href=\"http:\/\/ipads.org.br\/cidadaniajovem\/pedreira-sp\/\" \/>\n<meta property=\"og:locale\" content=\"pt_BR\" \/>\n<meta property=\"og:type\" content=\"article\" \/>\n<meta property=\"og:title\" content=\"Pedreira - SP - Cidadania Jovem\" \/>\n<meta property=\"og:description\" content=\"Conhecida como \u201cCapital da Porcelana\u201d, por sua expressiva produ\u00e7\u00e3o de artigos de porcelana e lou\u00e7a, Pedreira tem cerca de 46 mil habitantes, pertence ao Circuito das \u00c1guas Paulista e fica a 137 quil\u00f4metros da capital, S\u00e3o Paulo. Ao contr\u00e1rio do que sugere, o nome da cidade n\u00e3o se origina na quantidade de pedras presentes na &hellip; Continue lendo &quot;Pedreira &#8211; SP&quot;\" \/>\n<meta property=\"og:url\" content=\"http:\/\/ipads.org.br\/cidadaniajovem\/pedreira-sp\/\" \/>\n<meta property=\"og:site_name\" content=\"Cidadania Jovem\" \/>\n<meta property=\"article:modified_time\" content=\"2019-03-22T14:57:01+00:00\" \/>\n<meta property=\"og:image\" content=\"http:\/\/ipads.org.br\/cidadaniajovem\/wp-content\/uploads\/2019\/03\/pedreira_01.jpg\" \/>\n\t<meta property=\"og:image:width\" content=\"1080\" \/>\n\t<meta property=\"og:image:height\" content=\"720\" \/>\n\t<meta property=\"og:image:type\" content=\"image\/jpeg\" \/>\n<meta name=\"twitter:card\" content=\"summary_large_image\" \/>\n<meta name=\"twitter:label1\" content=\"Est. tempo de leitura\" \/>\n\t<meta name=\"twitter:data1\" content=\"1 minuto\" \/>\n<script type=\"application\/ld+json\" class=\"yoast-schema-graph\">{\"@context\":\"https:\/\/schema.org\",\"@graph\":[{\"@type\":\"WebPage\",\"@id\":\"http:\/\/ipads.org.br\/cidadaniajovem\/pedreira-sp\/\",\"url\":\"http:\/\/ipads.org.br\/cidadaniajovem\/pedreira-sp\/\",\"name\":\"Pedreira - SP - Cidadania Jovem\",\"isPartOf\":{\"@id\":\"https:\/\/ipads.org.br\/cidadaniajovem\/#website\"},\"datePublished\":\"2019-03-07T13:48:07+00:00\",\"dateModified\":\"2019-03-22T14:57:01+00:00\",\"breadcrumb\":{\"@id\":\"http:\/\/ipads.org.br\/cidadaniajovem\/pedreira-sp\/#breadcrumb\"},\"inLanguage\":\"pt-BR\",\"potentialAction\":[{\"@type\":\"ReadAction\",\"target\":[\"http:\/\/ipads.org.br\/cidadaniajovem\/pedreira-sp\/\"]}]},{\"@type\":\"BreadcrumbList\",\"@id\":\"http:\/\/ipads.org.br\/cidadaniajovem\/pedreira-sp\/#breadcrumb\",\"itemListElement\":[{\"@type\":\"ListItem\",\"position\":1,\"name\":\"In\u00edcio\",\"item\":\"https:\/\/ipads.org.br\/cidadaniajovem\/\"},{\"@type\":\"ListItem\",\"position\":2,\"name\":\"Pedreira &#8211; SP\"}]},{\"@type\":\"WebSite\",\"@id\":\"https:\/\/ipads.org.br\/cidadaniajovem\/#website\",\"url\":\"https:\/\/ipads.org.br\/cidadaniajovem\/\",\"name\":\"Cidadania Jovem\",\"description\":\"Promo\u00e7\u00e3o da sa\u00fade de adolescentes\",\"potentialAction\":[{\"@type\":\"SearchAction\",\"target\":{\"@type\":\"EntryPoint\",\"urlTemplate\":\"https:\/\/ipads.org.br\/cidadaniajovem\/?s={search_term_string}\"},\"query-input\":\"required name=search_term_string\"}],\"inLanguage\":\"pt-BR\"}]}<\/script>\n<!-- \/ Yoast SEO plugin. -->","yoast_head_json":{"title":"Pedreira - SP - Cidadania Jovem","robots":{"index":"index","follow":"follow","max-snippet":"max-snippet:-1","max-image-preview":"max-image-preview:large","max-video-preview":"max-video-preview:-1"},"canonical":"http:\/\/ipads.org.br\/cidadaniajovem\/pedreira-sp\/","og_locale":"pt_BR","og_type":"article","og_title":"Pedreira - SP - Cidadania Jovem","og_description":"Conhecida como \u201cCapital da Porcelana\u201d, por sua expressiva produ\u00e7\u00e3o de artigos de porcelana e lou\u00e7a, Pedreira tem cerca de 46 mil habitantes, pertence ao Circuito das \u00c1guas Paulista e fica a 137 quil\u00f4metros da capital, S\u00e3o Paulo. Ao contr\u00e1rio do que sugere, o nome da cidade n\u00e3o se origina na quantidade de pedras presentes na &hellip; Continue lendo \"Pedreira &#8211; SP\"","og_url":"http:\/\/ipads.org.br\/cidadaniajovem\/pedreira-sp\/","og_site_name":"Cidadania Jovem","article_modified_time":"2019-03-22T14:57:01+00:00","og_image":[{"width":1080,"height":720,"url":"http:\/\/ipads.org.br\/cidadaniajovem\/wp-content\/uploads\/2019\/03\/pedreira_01.jpg","type":"image\/jpeg"}],"twitter_card":"summary_large_image","twitter_misc":{"Est. tempo de leitura":"1 minuto"},"schema":{"@context":"https:\/\/schema.org","@graph":[{"@type":"WebPage","@id":"http:\/\/ipads.org.br\/cidadaniajovem\/pedreira-sp\/","url":"http:\/\/ipads.org.br\/cidadaniajovem\/pedreira-sp\/","name":"Pedreira - SP - Cidadania Jovem","isPartOf":{"@id":"https:\/\/ipads.org.br\/cidadaniajovem\/#website"},"datePublished":"2019-03-07T13:48:07+00:00","dateModified":"2019-03-22T14:57:01+00:00","breadcrumb":{"@id":"http:\/\/ipads.org.br\/cidadaniajovem\/pedreira-sp\/#breadcrumb"},"inLanguage":"pt-BR","potentialAction":[{"@type":"ReadAction","target":["http:\/\/ipads.org.br\/cidadaniajovem\/pedreira-sp\/"]}]},{"@type":"BreadcrumbList","@id":"http:\/\/ipads.org.br\/cidadaniajovem\/pedreira-sp\/#breadcrumb","itemListElement":[{"@type":"ListItem","position":1,"name":"In\u00edcio","item":"https:\/\/ipads.org.br\/cidadaniajovem\/"},{"@type":"ListItem","position":2,"name":"Pedreira &#8211; SP"}]},{"@type":"WebSite","@id":"https:\/\/ipads.org.br\/cidadaniajovem\/#website","url":"https:\/\/ipads.org.br\/cidadaniajovem\/","name":"Cidadania Jovem","description":"Promo\u00e7\u00e3o da sa\u00fade de adolescentes","potentialAction":[{"@type":"SearchAction","target":{"@type":"EntryPoint","urlTemplate":"https:\/\/ipads.org.br\/cidadaniajovem\/?s={search_term_string}"},"query-input":"required name=search_term_string"}],"inLanguage":"pt-BR"}]}},"_links":{"self":[{"href":"http:\/\/ipads.org.br\/cidadaniajovem\/wp-json\/wp\/v2\/pages\/36"}],"collection":[{"href":"http:\/\/ipads.org.br\/cidadaniajovem\/wp-json\/wp\/v2\/pages"}],"about":[{"href":"http:\/\/ipads.org.br\/cidadaniajovem\/wp-json\/wp\/v2\/types\/page"}],"author":[{"embeddable":true,"href":"http:\/\/ipads.org.br\/cidadaniajovem\/wp-json\/wp\/v2\/users\/1"}],"replies":[{"embeddable":true,"href":"http:\/\/ipads.org.br\/cidadaniajovem\/wp-json\/wp\/v2\/comments?post=36"}],"version-history":[{"count":2,"href":"http:\/\/ipads.org.br\/cidadaniajovem\/wp-json\/wp\/v2\/pages\/36\/revisions"}],"predecessor-version":[{"id":98,"href":"http:\/\/ipads.org.br\/cidadaniajovem\/wp-json\/wp\/v2\/pages\/36\/revisions\/98"}],"wp:featuredmedia":[{"embeddable":true,"href":"http:\/\/ipads.org.br\/cidadaniajovem\/wp-json\/wp\/v2\/media\/38"}],"wp:attachment":[{"href":"http:\/\/ipads.org.br\/cidadaniajovem\/wp-json\/wp\/v2\/media?parent=36"}],"curies":[{"name":"wp","href":"https:\/\/api.w.org\/{rel}","templated":true}]}}