{"id":40,"date":"2019-03-07T10:50:27","date_gmt":"2019-03-07T13:50:27","guid":{"rendered":"http:\/\/ipads.org.br\/cidadaniajovem\/\/?page_id=40"},"modified":"2019-04-16T12:31:52","modified_gmt":"2019-04-16T15:31:52","slug":"demerval-lobao-pi","status":"publish","type":"page","link":"http:\/\/ipads.org.br\/cidadaniajovem\/demerval-lobao-pi\/","title":{"rendered":"Demerval Lob\u00e3o &#8211; PI"},"content":{"rendered":"<p><img decoding=\"async\" loading=\"lazy\" class=\"aligncenter size-large wp-image-279\" src=\"http:\/\/ipads.org.br\/cidadaniajovem\/wp-content\/uploads\/2019\/04\/demerval_2-1024x575.jpg\" alt=\"\" width=\"840\" height=\"472\" srcset=\"http:\/\/ipads.org.br\/cidadaniajovem\/wp-content\/uploads\/2019\/04\/demerval_2-1024x575.jpg 1024w, http:\/\/ipads.org.br\/cidadaniajovem\/wp-content\/uploads\/2019\/04\/demerval_2-300x169.jpg 300w, http:\/\/ipads.org.br\/cidadaniajovem\/wp-content\/uploads\/2019\/04\/demerval_2-768x432.jpg 768w, http:\/\/ipads.org.br\/cidadaniajovem\/wp-content\/uploads\/2019\/04\/demerval_2.jpg 1139w\" sizes=\"(max-width: 709px) 85vw, (max-width: 909px) 67vw, (max-width: 1362px) 62vw, 840px\" \/><\/p>\n<p>Com uma popula\u00e7\u00e3o estimada em pouco mais de 13 mil habitantes, Demerval Lob\u00e3o fica a cerca de 35 quil\u00f4metros da capital do Piau\u00ed e faz parte da Grande Teresina. Teve in\u00edcio com a chegada de tr\u00eas irm\u00e3os vindos do Cear\u00e1, que constru\u00edram suas casas em uma \u00e1rea cercada por pequenos morros, conhecida a partir de ent\u00e3o como Morrinhos. O povoado cresceu impulsionado pela pecu\u00e1ria e a extra\u00e7\u00e3o de baba\u00e7u e tucum. Em 1963, foi criado o munic\u00edpio com o nome de Demerval Lob\u00e3o, em homenagem a um pol\u00edtico do estado.<\/p>\n<p>Entre as tradi\u00e7\u00f5es mais respeitadas est\u00e1 o Reizado, uma vers\u00e3o local da Folia de Reis, que come\u00e7a no dia 25 de dezembro, Natal, e dura at\u00e9 6 de janeiro. Nesses per\u00edodo, os \u201ccaretas\u201d, que representam os tr\u00eas reis magos, e personagens com fantasias de animais, como o boi, o jaragu\u00e1 e a ema, percorrem ruas e \u00e1reas rurais \u00e0 noite, com muita cantoria e dan\u00e7a, chamando os moradores para comunicar o nascimento do menino Jesus.<\/p>\n<p><img decoding=\"async\" loading=\"lazy\" class=\"aligncenter size-large wp-image-278\" src=\"http:\/\/ipads.org.br\/cidadaniajovem\/wp-content\/uploads\/2019\/04\/demerval_1-1024x575.jpg\" alt=\"\" width=\"840\" height=\"472\" srcset=\"http:\/\/ipads.org.br\/cidadaniajovem\/wp-content\/uploads\/2019\/04\/demerval_1-1024x575.jpg 1024w, http:\/\/ipads.org.br\/cidadaniajovem\/wp-content\/uploads\/2019\/04\/demerval_1-300x169.jpg 300w, http:\/\/ipads.org.br\/cidadaniajovem\/wp-content\/uploads\/2019\/04\/demerval_1-768x432.jpg 768w, http:\/\/ipads.org.br\/cidadaniajovem\/wp-content\/uploads\/2019\/04\/demerval_1.jpg 1139w\" sizes=\"(max-width: 709px) 85vw, (max-width: 909px) 67vw, (max-width: 1362px) 62vw, 840px\" \/><\/p>\n<p><em>Fotos: Zoom Studio<\/em><\/p>\n","protected":false},"excerpt":{"rendered":"<p>Com uma popula\u00e7\u00e3o estimada em pouco mais de 13 mil habitantes, Demerval Lob\u00e3o fica a cerca de 35 quil\u00f4metros da capital do Piau\u00ed e faz parte da Grande Teresina. Teve in\u00edcio com a chegada de tr\u00eas irm\u00e3os vindos do Cear\u00e1, que constru\u00edram suas casas em uma \u00e1rea cercada por pequenos morros, conhecida a partir de &hellip; <a href=\"http:\/\/ipads.org.br\/cidadaniajovem\/demerval-lobao-pi\/\" class=\"more-link\">Continue lendo<span class=\"screen-reader-text\"> &#8220;Demerval Lob\u00e3o &#8211; PI&#8221;<\/span><\/a><\/p>\n","protected":false},"author":1,"featured_media":0,"parent":0,"menu_order":0,"comment_status":"closed","ping_status":"closed","template":"","meta":{"ngg_post_thumbnail":0},"yoast_head":"<!-- This site is optimized with the Yoast SEO plugin v20.11 - https:\/\/yoast.com\/wordpress\/plugins\/seo\/ -->\n<title>Demerval Lob\u00e3o - PI - Cidadania Jovem<\/title>\n<meta name=\"robots\" content=\"index, follow, max-snippet:-1, max-image-preview:large, max-video-preview:-1\" \/>\n<link rel=\"canonical\" href=\"http:\/\/ipads.org.br\/cidadaniajovem\/demerval-lobao-pi\/\" \/>\n<meta property=\"og:locale\" content=\"pt_BR\" \/>\n<meta property=\"og:type\" content=\"article\" \/>\n<meta property=\"og:title\" content=\"Demerval Lob\u00e3o - PI - Cidadania Jovem\" \/>\n<meta property=\"og:description\" content=\"Com uma popula\u00e7\u00e3o estimada em pouco mais de 13 mil habitantes, Demerval Lob\u00e3o fica a cerca de 35 quil\u00f4metros da capital do Piau\u00ed e faz parte da Grande Teresina. Teve in\u00edcio com a chegada de tr\u00eas irm\u00e3os vindos do Cear\u00e1, que constru\u00edram suas casas em uma \u00e1rea cercada por pequenos morros, conhecida a partir de &hellip; Continue lendo &quot;Demerval Lob\u00e3o &#8211; PI&quot;\" \/>\n<meta property=\"og:url\" content=\"http:\/\/ipads.org.br\/cidadaniajovem\/demerval-lobao-pi\/\" \/>\n<meta property=\"og:site_name\" content=\"Cidadania Jovem\" \/>\n<meta property=\"article:modified_time\" content=\"2019-04-16T15:31:52+00:00\" \/>\n<meta property=\"og:image\" content=\"http:\/\/ipads.org.br\/cidadaniajovem\/wp-content\/uploads\/2019\/04\/demerval_2-1024x575.jpg\" \/>\n<meta name=\"twitter:card\" content=\"summary_large_image\" \/>\n<meta name=\"twitter:label1\" content=\"Est. tempo de leitura\" \/>\n\t<meta name=\"twitter:data1\" content=\"1 minuto\" \/>\n<script type=\"application\/ld+json\" class=\"yoast-schema-graph\">{\"@context\":\"https:\/\/schema.org\",\"@graph\":[{\"@type\":\"WebPage\",\"@id\":\"http:\/\/ipads.org.br\/cidadaniajovem\/demerval-lobao-pi\/\",\"url\":\"http:\/\/ipads.org.br\/cidadaniajovem\/demerval-lobao-pi\/\",\"name\":\"Demerval Lob\u00e3o - PI - Cidadania Jovem\",\"isPartOf\":{\"@id\":\"https:\/\/ipads.org.br\/cidadaniajovem\/#website\"},\"datePublished\":\"2019-03-07T13:50:27+00:00\",\"dateModified\":\"2019-04-16T15:31:52+00:00\",\"breadcrumb\":{\"@id\":\"http:\/\/ipads.org.br\/cidadaniajovem\/demerval-lobao-pi\/#breadcrumb\"},\"inLanguage\":\"pt-BR\",\"potentialAction\":[{\"@type\":\"ReadAction\",\"target\":[\"http:\/\/ipads.org.br\/cidadaniajovem\/demerval-lobao-pi\/\"]}]},{\"@type\":\"BreadcrumbList\",\"@id\":\"http:\/\/ipads.org.br\/cidadaniajovem\/demerval-lobao-pi\/#breadcrumb\",\"itemListElement\":[{\"@type\":\"ListItem\",\"position\":1,\"name\":\"In\u00edcio\",\"item\":\"https:\/\/ipads.org.br\/cidadaniajovem\/\"},{\"@type\":\"ListItem\",\"position\":2,\"name\":\"Demerval Lob\u00e3o &#8211; PI\"}]},{\"@type\":\"WebSite\",\"@id\":\"https:\/\/ipads.org.br\/cidadaniajovem\/#website\",\"url\":\"https:\/\/ipads.org.br\/cidadaniajovem\/\",\"name\":\"Cidadania Jovem\",\"description\":\"Promo\u00e7\u00e3o da sa\u00fade de adolescentes\",\"potentialAction\":[{\"@type\":\"SearchAction\",\"target\":{\"@type\":\"EntryPoint\",\"urlTemplate\":\"https:\/\/ipads.org.br\/cidadaniajovem\/?s={search_term_string}\"},\"query-input\":\"required name=search_term_string\"}],\"inLanguage\":\"pt-BR\"}]}<\/script>\n<!-- \/ Yoast SEO plugin. -->","yoast_head_json":{"title":"Demerval Lob\u00e3o - PI - Cidadania Jovem","robots":{"index":"index","follow":"follow","max-snippet":"max-snippet:-1","max-image-preview":"max-image-preview:large","max-video-preview":"max-video-preview:-1"},"canonical":"http:\/\/ipads.org.br\/cidadaniajovem\/demerval-lobao-pi\/","og_locale":"pt_BR","og_type":"article","og_title":"Demerval Lob\u00e3o - PI - Cidadania Jovem","og_description":"Com uma popula\u00e7\u00e3o estimada em pouco mais de 13 mil habitantes, Demerval Lob\u00e3o fica a cerca de 35 quil\u00f4metros da capital do Piau\u00ed e faz parte da Grande Teresina. Teve in\u00edcio com a chegada de tr\u00eas irm\u00e3os vindos do Cear\u00e1, que constru\u00edram suas casas em uma \u00e1rea cercada por pequenos morros, conhecida a partir de &hellip; Continue lendo \"Demerval Lob\u00e3o &#8211; PI\"","og_url":"http:\/\/ipads.org.br\/cidadaniajovem\/demerval-lobao-pi\/","og_site_name":"Cidadania Jovem","article_modified_time":"2019-04-16T15:31:52+00:00","og_image":[{"url":"http:\/\/ipads.org.br\/cidadaniajovem\/wp-content\/uploads\/2019\/04\/demerval_2-1024x575.jpg"}],"twitter_card":"summary_large_image","twitter_misc":{"Est. tempo de leitura":"1 minuto"},"schema":{"@context":"https:\/\/schema.org","@graph":[{"@type":"WebPage","@id":"http:\/\/ipads.org.br\/cidadaniajovem\/demerval-lobao-pi\/","url":"http:\/\/ipads.org.br\/cidadaniajovem\/demerval-lobao-pi\/","name":"Demerval Lob\u00e3o - PI - Cidadania Jovem","isPartOf":{"@id":"https:\/\/ipads.org.br\/cidadaniajovem\/#website"},"datePublished":"2019-03-07T13:50:27+00:00","dateModified":"2019-04-16T15:31:52+00:00","breadcrumb":{"@id":"http:\/\/ipads.org.br\/cidadaniajovem\/demerval-lobao-pi\/#breadcrumb"},"inLanguage":"pt-BR","potentialAction":[{"@type":"ReadAction","target":["http:\/\/ipads.org.br\/cidadaniajovem\/demerval-lobao-pi\/"]}]},{"@type":"BreadcrumbList","@id":"http:\/\/ipads.org.br\/cidadaniajovem\/demerval-lobao-pi\/#breadcrumb","itemListElement":[{"@type":"ListItem","position":1,"name":"In\u00edcio","item":"https:\/\/ipads.org.br\/cidadaniajovem\/"},{"@type":"ListItem","position":2,"name":"Demerval Lob\u00e3o &#8211; PI"}]},{"@type":"WebSite","@id":"https:\/\/ipads.org.br\/cidadaniajovem\/#website","url":"https:\/\/ipads.org.br\/cidadaniajovem\/","name":"Cidadania Jovem","description":"Promo\u00e7\u00e3o da sa\u00fade de adolescentes","potentialAction":[{"@type":"SearchAction","target":{"@type":"EntryPoint","urlTemplate":"https:\/\/ipads.org.br\/cidadaniajovem\/?s={search_term_string}"},"query-input":"required name=search_term_string"}],"inLanguage":"pt-BR"}]}},"_links":{"self":[{"href":"http:\/\/ipads.org.br\/cidadaniajovem\/wp-json\/wp\/v2\/pages\/40"}],"collection":[{"href":"http:\/\/ipads.org.br\/cidadaniajovem\/wp-json\/wp\/v2\/pages"}],"about":[{"href":"http:\/\/ipads.org.br\/cidadaniajovem\/wp-json\/wp\/v2\/types\/page"}],"author":[{"embeddable":true,"href":"http:\/\/ipads.org.br\/cidadaniajovem\/wp-json\/wp\/v2\/users\/1"}],"replies":[{"embeddable":true,"href":"http:\/\/ipads.org.br\/cidadaniajovem\/wp-json\/wp\/v2\/comments?post=40"}],"version-history":[{"count":5,"href":"http:\/\/ipads.org.br\/cidadaniajovem\/wp-json\/wp\/v2\/pages\/40\/revisions"}],"predecessor-version":[{"id":277,"href":"http:\/\/ipads.org.br\/cidadaniajovem\/wp-json\/wp\/v2\/pages\/40\/revisions\/277"}],"wp:attachment":[{"href":"http:\/\/ipads.org.br\/cidadaniajovem\/wp-json\/wp\/v2\/media?parent=40"}],"curies":[{"name":"wp","href":"https:\/\/api.w.org\/{rel}","templated":true}]}}