{"id":43,"date":"2019-03-07T10:51:02","date_gmt":"2019-03-07T13:51:02","guid":{"rendered":"http:\/\/ipads.org.br\/cidadaniajovem\/\/?page_id=43"},"modified":"2019-04-16T12:21:11","modified_gmt":"2019-04-16T15:21:11","slug":"cascavel-pr","status":"publish","type":"page","link":"http:\/\/ipads.org.br\/cidadaniajovem\/cascavel-pr\/","title":{"rendered":"Cascavel &#8211; PR"},"content":{"rendered":"<p><img decoding=\"async\" loading=\"lazy\" class=\"alignnone size-large wp-image-267\" src=\"http:\/\/ipads.org.br\/cidadaniajovem\/wp-content\/uploads\/2019\/04\/cascavel_1-1024x683.jpg\" alt=\"\" width=\"840\" height=\"560\" srcset=\"http:\/\/ipads.org.br\/cidadaniajovem\/wp-content\/uploads\/2019\/04\/cascavel_1-1024x683.jpg 1024w, http:\/\/ipads.org.br\/cidadaniajovem\/wp-content\/uploads\/2019\/04\/cascavel_1-300x200.jpg 300w, http:\/\/ipads.org.br\/cidadaniajovem\/wp-content\/uploads\/2019\/04\/cascavel_1-768x512.jpg 768w, http:\/\/ipads.org.br\/cidadaniajovem\/wp-content\/uploads\/2019\/04\/cascavel_1-1200x800.jpg 1200w\" sizes=\"(max-width: 709px) 85vw, (max-width: 909px) 67vw, (max-width: 1362px) 62vw, 840px\" \/><\/p>\n<p>Embora seja um munic\u00edpio jovem, desmembrado de Foz do Igua\u00e7u e emancipado em 1951, Cascavel \u00e9 o quinto mais populoso do Paran\u00e1, com mais de 320 mil habitantes. Ostenta v\u00e1rios t\u00edtulos, como os de&nbsp;sede da Regi\u00e3o Metropolitana, Capital Regional do Oeste paranaense e Polo Estrat\u00e9gico do Mercosul. Sua posi\u00e7\u00e3o geogr\u00e1fica justifica o desenvolvimento acelerado: est\u00e1 em um grande entroncamento rodovi\u00e1rio e serve de passagem para Santa Catarina, Rio Grande do Sul e outros estados brasileiros, al\u00e9m de fazer fronteira com Paraguai e Argentina.<\/p>\n<p>A topografia privilegiada permitiu o desenvolvimento planejado da \u00e1rea urbana, que ganhou ruas largas e bairros bem distribu\u00eddos. Com a economia baseada no agroneg\u00f3cio, ind\u00fastria e com\u00e9rcio, \u00e9 uma cidade moderna, que conta com aeroporto, aut\u00f3dromo, est\u00e1dio ol\u00edmpico e mais de uma dezena de institui\u00e7\u00f5es de ensino superior. \u00c9 tamb\u00e9m a segunda cidade do pa\u00eds em saneamento b\u00e1sico, de acordo com relat\u00f3rio do Instituto Trata Brasil, divulgado em 2018.<\/p>\n<p><img decoding=\"async\" loading=\"lazy\" class=\"alignnone size-large wp-image-269\" src=\"http:\/\/ipads.org.br\/cidadaniajovem\/wp-content\/uploads\/2019\/04\/cascavel_2-1024x768.jpg\" alt=\"\" width=\"840\" height=\"630\" srcset=\"http:\/\/ipads.org.br\/cidadaniajovem\/wp-content\/uploads\/2019\/04\/cascavel_2-1024x768.jpg 1024w, http:\/\/ipads.org.br\/cidadaniajovem\/wp-content\/uploads\/2019\/04\/cascavel_2-300x225.jpg 300w, http:\/\/ipads.org.br\/cidadaniajovem\/wp-content\/uploads\/2019\/04\/cascavel_2-768x576.jpg 768w, http:\/\/ipads.org.br\/cidadaniajovem\/wp-content\/uploads\/2019\/04\/cascavel_2-1200x900.jpg 1200w\" sizes=\"(max-width: 709px) 85vw, (max-width: 909px) 67vw, (max-width: 1362px) 62vw, 840px\" \/><\/p>\n<p><img decoding=\"async\" loading=\"lazy\" class=\"alignnone wp-image-272 size-large\" src=\"http:\/\/ipads.org.br\/cidadaniajovem\/wp-content\/uploads\/2019\/04\/cascavel_5-1024x768.jpg\" alt=\"\" width=\"840\" height=\"630\" srcset=\"http:\/\/ipads.org.br\/cidadaniajovem\/wp-content\/uploads\/2019\/04\/cascavel_5-1024x768.jpg 1024w, http:\/\/ipads.org.br\/cidadaniajovem\/wp-content\/uploads\/2019\/04\/cascavel_5-300x225.jpg 300w, http:\/\/ipads.org.br\/cidadaniajovem\/wp-content\/uploads\/2019\/04\/cascavel_5-768x576.jpg 768w, http:\/\/ipads.org.br\/cidadaniajovem\/wp-content\/uploads\/2019\/04\/cascavel_5-1200x900.jpg 1200w\" sizes=\"(max-width: 709px) 85vw, (max-width: 909px) 67vw, (max-width: 1362px) 62vw, 840px\" \/><\/p>\n<p><img decoding=\"async\" loading=\"lazy\" class=\"aligncenter size-large wp-image-273\" src=\"http:\/\/ipads.org.br\/cidadaniajovem\/wp-content\/uploads\/2019\/04\/cascavel_6-1024x535.jpg\" alt=\"\" width=\"840\" height=\"439\" srcset=\"http:\/\/ipads.org.br\/cidadaniajovem\/wp-content\/uploads\/2019\/04\/cascavel_6-1024x535.jpg 1024w, http:\/\/ipads.org.br\/cidadaniajovem\/wp-content\/uploads\/2019\/04\/cascavel_6-300x157.jpg 300w, http:\/\/ipads.org.br\/cidadaniajovem\/wp-content\/uploads\/2019\/04\/cascavel_6-768x401.jpg 768w, http:\/\/ipads.org.br\/cidadaniajovem\/wp-content\/uploads\/2019\/04\/cascavel_6-1200x626.jpg 1200w\" sizes=\"(max-width: 709px) 85vw, (max-width: 909px) 67vw, (max-width: 1362px) 62vw, 840px\" \/><\/p>\n<p><em>Fotos: Secom &#8211; Prefeitura Municipal de Cascavel<\/em><\/p>\n","protected":false},"excerpt":{"rendered":"<p>Embora seja um munic\u00edpio jovem, desmembrado de Foz do Igua\u00e7u e emancipado em 1951, Cascavel \u00e9 o quinto mais populoso do Paran\u00e1, com mais de 320 mil habitantes. Ostenta v\u00e1rios t\u00edtulos, como os de&nbsp;sede da Regi\u00e3o Metropolitana, Capital Regional do Oeste paranaense e Polo Estrat\u00e9gico do Mercosul. Sua posi\u00e7\u00e3o geogr\u00e1fica justifica o desenvolvimento acelerado: est\u00e1 &hellip; <a href=\"http:\/\/ipads.org.br\/cidadaniajovem\/cascavel-pr\/\" class=\"more-link\">Continue lendo<span class=\"screen-reader-text\"> &#8220;Cascavel &#8211; PR&#8221;<\/span><\/a><\/p>\n","protected":false},"author":1,"featured_media":267,"parent":0,"menu_order":0,"comment_status":"closed","ping_status":"closed","template":"","meta":{"ngg_post_thumbnail":0},"yoast_head":"<!-- This site is optimized with the Yoast SEO plugin v20.11 - https:\/\/yoast.com\/wordpress\/plugins\/seo\/ -->\n<title>Cascavel - PR - Cidadania Jovem<\/title>\n<meta name=\"robots\" content=\"index, follow, max-snippet:-1, max-image-preview:large, max-video-preview:-1\" \/>\n<link rel=\"canonical\" href=\"http:\/\/ipads.org.br\/cidadaniajovem\/cascavel-pr\/\" \/>\n<meta property=\"og:locale\" content=\"pt_BR\" \/>\n<meta property=\"og:type\" content=\"article\" \/>\n<meta property=\"og:title\" content=\"Cascavel - PR - Cidadania Jovem\" \/>\n<meta property=\"og:description\" content=\"Embora seja um munic\u00edpio jovem, desmembrado de Foz do Igua\u00e7u e emancipado em 1951, Cascavel \u00e9 o quinto mais populoso do Paran\u00e1, com mais de 320 mil habitantes. Ostenta v\u00e1rios t\u00edtulos, como os de&nbsp;sede da Regi\u00e3o Metropolitana, Capital Regional do Oeste paranaense e Polo Estrat\u00e9gico do Mercosul. Sua posi\u00e7\u00e3o geogr\u00e1fica justifica o desenvolvimento acelerado: est\u00e1 &hellip; Continue lendo &quot;Cascavel &#8211; PR&quot;\" \/>\n<meta property=\"og:url\" content=\"http:\/\/ipads.org.br\/cidadaniajovem\/cascavel-pr\/\" \/>\n<meta property=\"og:site_name\" content=\"Cidadania Jovem\" \/>\n<meta property=\"article:modified_time\" content=\"2019-04-16T15:21:11+00:00\" \/>\n<meta property=\"og:image\" content=\"http:\/\/ipads.org.br\/cidadaniajovem\/wp-content\/uploads\/2019\/04\/cascavel_1-1024x683.jpg\" \/>\n\t<meta property=\"og:image:width\" content=\"1024\" \/>\n\t<meta property=\"og:image:height\" content=\"683\" \/>\n\t<meta property=\"og:image:type\" content=\"image\/jpeg\" \/>\n<meta name=\"twitter:card\" content=\"summary_large_image\" \/>\n<meta name=\"twitter:label1\" content=\"Est. tempo de leitura\" \/>\n\t<meta name=\"twitter:data1\" content=\"1 minuto\" \/>\n<script type=\"application\/ld+json\" class=\"yoast-schema-graph\">{\"@context\":\"https:\/\/schema.org\",\"@graph\":[{\"@type\":\"WebPage\",\"@id\":\"http:\/\/ipads.org.br\/cidadaniajovem\/cascavel-pr\/\",\"url\":\"http:\/\/ipads.org.br\/cidadaniajovem\/cascavel-pr\/\",\"name\":\"Cascavel - PR - Cidadania Jovem\",\"isPartOf\":{\"@id\":\"https:\/\/ipads.org.br\/cidadaniajovem\/#website\"},\"datePublished\":\"2019-03-07T13:51:02+00:00\",\"dateModified\":\"2019-04-16T15:21:11+00:00\",\"breadcrumb\":{\"@id\":\"http:\/\/ipads.org.br\/cidadaniajovem\/cascavel-pr\/#breadcrumb\"},\"inLanguage\":\"pt-BR\",\"potentialAction\":[{\"@type\":\"ReadAction\",\"target\":[\"http:\/\/ipads.org.br\/cidadaniajovem\/cascavel-pr\/\"]}]},{\"@type\":\"BreadcrumbList\",\"@id\":\"http:\/\/ipads.org.br\/cidadaniajovem\/cascavel-pr\/#breadcrumb\",\"itemListElement\":[{\"@type\":\"ListItem\",\"position\":1,\"name\":\"In\u00edcio\",\"item\":\"https:\/\/ipads.org.br\/cidadaniajovem\/\"},{\"@type\":\"ListItem\",\"position\":2,\"name\":\"Cascavel &#8211; PR\"}]},{\"@type\":\"WebSite\",\"@id\":\"https:\/\/ipads.org.br\/cidadaniajovem\/#website\",\"url\":\"https:\/\/ipads.org.br\/cidadaniajovem\/\",\"name\":\"Cidadania Jovem\",\"description\":\"Promo\u00e7\u00e3o da sa\u00fade de adolescentes\",\"potentialAction\":[{\"@type\":\"SearchAction\",\"target\":{\"@type\":\"EntryPoint\",\"urlTemplate\":\"https:\/\/ipads.org.br\/cidadaniajovem\/?s={search_term_string}\"},\"query-input\":\"required name=search_term_string\"}],\"inLanguage\":\"pt-BR\"}]}<\/script>\n<!-- \/ Yoast SEO plugin. -->","yoast_head_json":{"title":"Cascavel - PR - Cidadania Jovem","robots":{"index":"index","follow":"follow","max-snippet":"max-snippet:-1","max-image-preview":"max-image-preview:large","max-video-preview":"max-video-preview:-1"},"canonical":"http:\/\/ipads.org.br\/cidadaniajovem\/cascavel-pr\/","og_locale":"pt_BR","og_type":"article","og_title":"Cascavel - PR - Cidadania Jovem","og_description":"Embora seja um munic\u00edpio jovem, desmembrado de Foz do Igua\u00e7u e emancipado em 1951, Cascavel \u00e9 o quinto mais populoso do Paran\u00e1, com mais de 320 mil habitantes. Ostenta v\u00e1rios t\u00edtulos, como os de&nbsp;sede da Regi\u00e3o Metropolitana, Capital Regional do Oeste paranaense e Polo Estrat\u00e9gico do Mercosul. Sua posi\u00e7\u00e3o geogr\u00e1fica justifica o desenvolvimento acelerado: est\u00e1 &hellip; Continue lendo \"Cascavel &#8211; PR\"","og_url":"http:\/\/ipads.org.br\/cidadaniajovem\/cascavel-pr\/","og_site_name":"Cidadania Jovem","article_modified_time":"2019-04-16T15:21:11+00:00","og_image":[{"width":1024,"height":683,"url":"http:\/\/ipads.org.br\/cidadaniajovem\/wp-content\/uploads\/2019\/04\/cascavel_1-1024x683.jpg","type":"image\/jpeg"}],"twitter_card":"summary_large_image","twitter_misc":{"Est. tempo de leitura":"1 minuto"},"schema":{"@context":"https:\/\/schema.org","@graph":[{"@type":"WebPage","@id":"http:\/\/ipads.org.br\/cidadaniajovem\/cascavel-pr\/","url":"http:\/\/ipads.org.br\/cidadaniajovem\/cascavel-pr\/","name":"Cascavel - PR - Cidadania Jovem","isPartOf":{"@id":"https:\/\/ipads.org.br\/cidadaniajovem\/#website"},"datePublished":"2019-03-07T13:51:02+00:00","dateModified":"2019-04-16T15:21:11+00:00","breadcrumb":{"@id":"http:\/\/ipads.org.br\/cidadaniajovem\/cascavel-pr\/#breadcrumb"},"inLanguage":"pt-BR","potentialAction":[{"@type":"ReadAction","target":["http:\/\/ipads.org.br\/cidadaniajovem\/cascavel-pr\/"]}]},{"@type":"BreadcrumbList","@id":"http:\/\/ipads.org.br\/cidadaniajovem\/cascavel-pr\/#breadcrumb","itemListElement":[{"@type":"ListItem","position":1,"name":"In\u00edcio","item":"https:\/\/ipads.org.br\/cidadaniajovem\/"},{"@type":"ListItem","position":2,"name":"Cascavel &#8211; PR"}]},{"@type":"WebSite","@id":"https:\/\/ipads.org.br\/cidadaniajovem\/#website","url":"https:\/\/ipads.org.br\/cidadaniajovem\/","name":"Cidadania Jovem","description":"Promo\u00e7\u00e3o da sa\u00fade de adolescentes","potentialAction":[{"@type":"SearchAction","target":{"@type":"EntryPoint","urlTemplate":"https:\/\/ipads.org.br\/cidadaniajovem\/?s={search_term_string}"},"query-input":"required name=search_term_string"}],"inLanguage":"pt-BR"}]}},"_links":{"self":[{"href":"http:\/\/ipads.org.br\/cidadaniajovem\/wp-json\/wp\/v2\/pages\/43"}],"collection":[{"href":"http:\/\/ipads.org.br\/cidadaniajovem\/wp-json\/wp\/v2\/pages"}],"about":[{"href":"http:\/\/ipads.org.br\/cidadaniajovem\/wp-json\/wp\/v2\/types\/page"}],"author":[{"embeddable":true,"href":"http:\/\/ipads.org.br\/cidadaniajovem\/wp-json\/wp\/v2\/users\/1"}],"replies":[{"embeddable":true,"href":"http:\/\/ipads.org.br\/cidadaniajovem\/wp-json\/wp\/v2\/comments?post=43"}],"version-history":[{"count":8,"href":"http:\/\/ipads.org.br\/cidadaniajovem\/wp-json\/wp\/v2\/pages\/43\/revisions"}],"predecessor-version":[{"id":276,"href":"http:\/\/ipads.org.br\/cidadaniajovem\/wp-json\/wp\/v2\/pages\/43\/revisions\/276"}],"wp:featuredmedia":[{"embeddable":true,"href":"http:\/\/ipads.org.br\/cidadaniajovem\/wp-json\/wp\/v2\/media\/267"}],"wp:attachment":[{"href":"http:\/\/ipads.org.br\/cidadaniajovem\/wp-json\/wp\/v2\/media?parent=43"}],"curies":[{"name":"wp","href":"https:\/\/api.w.org\/{rel}","templated":true}]}}