{"id":45,"date":"2019-03-07T10:51:31","date_gmt":"2019-03-07T13:51:31","guid":{"rendered":"http:\/\/ipads.org.br\/cidadaniajovem\/\/?page_id=45"},"modified":"2019-03-22T11:57:44","modified_gmt":"2019-03-22T14:57:44","slug":"rio-preto-da-eva-am","status":"publish","type":"page","link":"http:\/\/ipads.org.br\/cidadaniajovem\/rio-preto-da-eva-am\/","title":{"rendered":"Rio Preto da Eva &#8211; AM"},"content":{"rendered":"<p><img decoding=\"async\" loading=\"lazy\" src=\"http:\/\/ipads.org.br\/cidadaniajovem\/\/wp-content\/uploads\/2019\/03\/WhatsApp-Image-2019-03-18-at-09.56.03.jpeg\" alt=\"\" width=\"1280\" height=\"853\" class=\"aligncenter size-full wp-image-79\" srcset=\"http:\/\/ipads.org.br\/cidadaniajovem\/wp-content\/uploads\/2019\/03\/WhatsApp-Image-2019-03-18-at-09.56.03.jpeg 1280w, http:\/\/ipads.org.br\/cidadaniajovem\/wp-content\/uploads\/2019\/03\/WhatsApp-Image-2019-03-18-at-09.56.03-300x200.jpeg 300w, http:\/\/ipads.org.br\/cidadaniajovem\/wp-content\/uploads\/2019\/03\/WhatsApp-Image-2019-03-18-at-09.56.03-768x512.jpeg 768w, http:\/\/ipads.org.br\/cidadaniajovem\/wp-content\/uploads\/2019\/03\/WhatsApp-Image-2019-03-18-at-09.56.03-1024x682.jpeg 1024w, http:\/\/ipads.org.br\/cidadaniajovem\/wp-content\/uploads\/2019\/03\/WhatsApp-Image-2019-03-18-at-09.56.03-1200x800.jpeg 1200w\" sizes=\"(max-width: 709px) 85vw, (max-width: 909px) 67vw, (max-width: 1362px) 62vw, 840px\" \/><\/p>\n<p>Com popula\u00e7\u00e3o estimada em 32 mil habitantes, Rio Preto da Eva faz parte da Regi\u00e3o Metropolitana de Manaus e fica a 78 quil\u00f4metros da capital. Seu nome deve-se \u00e0s \u00e1guas escuras de um rio que corta a cidade e des\u00e1gua no Paran\u00e1 da Eva.  \u00c9 um dos mais recentes munic\u00edpios do Amazonas, emancipado pela segunda vez em 1981 (havia sido elevado a munic\u00edpio em 1961 com o nome de Eva, extinto tr\u00eas anos depois pelo Governo do Estado).<\/p>\n<p>\u00c9 um dos principais destinos de lazer do Amazonas, por seu grande n\u00famero de balne\u00e1rios, cachoeiras, grutas, corredeiras e outros pontos tur\u00edsticos. Ao lado do turismo, as atividades de agricultura, pecu\u00e1ria, pesca, avicultura e extrativismo vegetal completam a receita do munic\u00edpio.<\/p>\n<p>Rio Preto da Eva tamb\u00e9m \u00e9 reconhecido como Terra da Laranja, pela grande  produ\u00e7\u00e3o local da fruta, cuja safra \u00e9 comemorada todos os anos em uma grande festa que acontece durante o m\u00eas de agosto. <\/p>\n<p><img decoding=\"async\" loading=\"lazy\" src=\"http:\/\/ipads.org.br\/cidadaniajovem\/\/wp-content\/uploads\/2019\/03\/WhatsApp-Image-2019-03-18-at-09.54.19.jpeg\" alt=\"\" width=\"1280\" height=\"853\" class=\"aligncenter size-full wp-image-78\" srcset=\"http:\/\/ipads.org.br\/cidadaniajovem\/wp-content\/uploads\/2019\/03\/WhatsApp-Image-2019-03-18-at-09.54.19.jpeg 1280w, http:\/\/ipads.org.br\/cidadaniajovem\/wp-content\/uploads\/2019\/03\/WhatsApp-Image-2019-03-18-at-09.54.19-300x200.jpeg 300w, http:\/\/ipads.org.br\/cidadaniajovem\/wp-content\/uploads\/2019\/03\/WhatsApp-Image-2019-03-18-at-09.54.19-768x512.jpeg 768w, http:\/\/ipads.org.br\/cidadaniajovem\/wp-content\/uploads\/2019\/03\/WhatsApp-Image-2019-03-18-at-09.54.19-1024x682.jpeg 1024w, http:\/\/ipads.org.br\/cidadaniajovem\/wp-content\/uploads\/2019\/03\/WhatsApp-Image-2019-03-18-at-09.54.19-1200x800.jpeg 1200w\" sizes=\"(max-width: 709px) 85vw, (max-width: 909px) 67vw, (max-width: 1362px) 62vw, 840px\" \/><\/p>\n<p><img decoding=\"async\" loading=\"lazy\" src=\"http:\/\/ipads.org.br\/cidadaniajovem\/\/wp-content\/uploads\/2019\/03\/WhatsApp-Image-2019-03-18-at-09.55.53.jpeg\" alt=\"\" width=\"1280\" height=\"720\" class=\"aligncenter size-full wp-image-80\" srcset=\"http:\/\/ipads.org.br\/cidadaniajovem\/wp-content\/uploads\/2019\/03\/WhatsApp-Image-2019-03-18-at-09.55.53.jpeg 1280w, http:\/\/ipads.org.br\/cidadaniajovem\/wp-content\/uploads\/2019\/03\/WhatsApp-Image-2019-03-18-at-09.55.53-300x169.jpeg 300w, http:\/\/ipads.org.br\/cidadaniajovem\/wp-content\/uploads\/2019\/03\/WhatsApp-Image-2019-03-18-at-09.55.53-768x432.jpeg 768w, http:\/\/ipads.org.br\/cidadaniajovem\/wp-content\/uploads\/2019\/03\/WhatsApp-Image-2019-03-18-at-09.55.53-1024x576.jpeg 1024w, http:\/\/ipads.org.br\/cidadaniajovem\/wp-content\/uploads\/2019\/03\/WhatsApp-Image-2019-03-18-at-09.55.53-1200x675.jpeg 1200w\" sizes=\"(max-width: 709px) 85vw, (max-width: 909px) 67vw, (max-width: 1362px) 62vw, 840px\" \/><\/p>\n<p>*Fotos: Erlan Roberto -Prefeitura Municipal de Rio Preto da Eva<\/p>\n","protected":false},"excerpt":{"rendered":"<p>Com popula\u00e7\u00e3o estimada em 32 mil habitantes, Rio Preto da Eva faz parte da Regi\u00e3o Metropolitana de Manaus e fica a 78 quil\u00f4metros da capital. Seu nome deve-se \u00e0s \u00e1guas escuras de um rio que corta a cidade e des\u00e1gua no Paran\u00e1 da Eva. \u00c9 um dos mais recentes munic\u00edpios do Amazonas, emancipado pela segunda &hellip; <a href=\"http:\/\/ipads.org.br\/cidadaniajovem\/rio-preto-da-eva-am\/\" class=\"more-link\">Continue lendo<span class=\"screen-reader-text\"> &#8220;Rio Preto da Eva &#8211; AM&#8221;<\/span><\/a><\/p>\n","protected":false},"author":1,"featured_media":0,"parent":0,"menu_order":0,"comment_status":"closed","ping_status":"closed","template":"","meta":{"ngg_post_thumbnail":0},"yoast_head":"<!-- This site is optimized with the Yoast SEO plugin v20.11 - https:\/\/yoast.com\/wordpress\/plugins\/seo\/ -->\n<title>Rio Preto da Eva - AM - Cidadania Jovem<\/title>\n<meta name=\"robots\" content=\"index, follow, max-snippet:-1, max-image-preview:large, max-video-preview:-1\" \/>\n<link rel=\"canonical\" href=\"http:\/\/ipads.org.br\/cidadaniajovem\/rio-preto-da-eva-am\/\" \/>\n<meta property=\"og:locale\" content=\"pt_BR\" \/>\n<meta property=\"og:type\" content=\"article\" \/>\n<meta property=\"og:title\" content=\"Rio Preto da Eva - AM - Cidadania Jovem\" \/>\n<meta property=\"og:description\" content=\"Com popula\u00e7\u00e3o estimada em 32 mil habitantes, Rio Preto da Eva faz parte da Regi\u00e3o Metropolitana de Manaus e fica a 78 quil\u00f4metros da capital. Seu nome deve-se \u00e0s \u00e1guas escuras de um rio que corta a cidade e des\u00e1gua no Paran\u00e1 da Eva. \u00c9 um dos mais recentes munic\u00edpios do Amazonas, emancipado pela segunda &hellip; Continue lendo &quot;Rio Preto da Eva &#8211; AM&quot;\" \/>\n<meta property=\"og:url\" content=\"http:\/\/ipads.org.br\/cidadaniajovem\/rio-preto-da-eva-am\/\" \/>\n<meta property=\"og:site_name\" content=\"Cidadania Jovem\" \/>\n<meta property=\"article:modified_time\" content=\"2019-03-22T14:57:44+00:00\" \/>\n<meta property=\"og:image\" content=\"http:\/\/ipads.org.br\/cidadaniajovem\/\/wp-content\/uploads\/2019\/03\/WhatsApp-Image-2019-03-18-at-09.56.03.jpeg\" \/>\n<meta name=\"twitter:card\" content=\"summary_large_image\" \/>\n<meta name=\"twitter:label1\" content=\"Est. tempo de leitura\" \/>\n\t<meta name=\"twitter:data1\" content=\"1 minuto\" \/>\n<script type=\"application\/ld+json\" class=\"yoast-schema-graph\">{\"@context\":\"https:\/\/schema.org\",\"@graph\":[{\"@type\":\"WebPage\",\"@id\":\"http:\/\/ipads.org.br\/cidadaniajovem\/rio-preto-da-eva-am\/\",\"url\":\"http:\/\/ipads.org.br\/cidadaniajovem\/rio-preto-da-eva-am\/\",\"name\":\"Rio Preto da Eva - AM - Cidadania Jovem\",\"isPartOf\":{\"@id\":\"https:\/\/ipads.org.br\/cidadaniajovem\/#website\"},\"datePublished\":\"2019-03-07T13:51:31+00:00\",\"dateModified\":\"2019-03-22T14:57:44+00:00\",\"breadcrumb\":{\"@id\":\"http:\/\/ipads.org.br\/cidadaniajovem\/rio-preto-da-eva-am\/#breadcrumb\"},\"inLanguage\":\"pt-BR\",\"potentialAction\":[{\"@type\":\"ReadAction\",\"target\":[\"http:\/\/ipads.org.br\/cidadaniajovem\/rio-preto-da-eva-am\/\"]}]},{\"@type\":\"BreadcrumbList\",\"@id\":\"http:\/\/ipads.org.br\/cidadaniajovem\/rio-preto-da-eva-am\/#breadcrumb\",\"itemListElement\":[{\"@type\":\"ListItem\",\"position\":1,\"name\":\"In\u00edcio\",\"item\":\"https:\/\/ipads.org.br\/cidadaniajovem\/\"},{\"@type\":\"ListItem\",\"position\":2,\"name\":\"Rio Preto da Eva &#8211; AM\"}]},{\"@type\":\"WebSite\",\"@id\":\"https:\/\/ipads.org.br\/cidadaniajovem\/#website\",\"url\":\"https:\/\/ipads.org.br\/cidadaniajovem\/\",\"name\":\"Cidadania Jovem\",\"description\":\"Promo\u00e7\u00e3o da sa\u00fade de adolescentes\",\"potentialAction\":[{\"@type\":\"SearchAction\",\"target\":{\"@type\":\"EntryPoint\",\"urlTemplate\":\"https:\/\/ipads.org.br\/cidadaniajovem\/?s={search_term_string}\"},\"query-input\":\"required name=search_term_string\"}],\"inLanguage\":\"pt-BR\"}]}<\/script>\n<!-- \/ Yoast SEO plugin. -->","yoast_head_json":{"title":"Rio Preto da Eva - AM - Cidadania Jovem","robots":{"index":"index","follow":"follow","max-snippet":"max-snippet:-1","max-image-preview":"max-image-preview:large","max-video-preview":"max-video-preview:-1"},"canonical":"http:\/\/ipads.org.br\/cidadaniajovem\/rio-preto-da-eva-am\/","og_locale":"pt_BR","og_type":"article","og_title":"Rio Preto da Eva - AM - Cidadania Jovem","og_description":"Com popula\u00e7\u00e3o estimada em 32 mil habitantes, Rio Preto da Eva faz parte da Regi\u00e3o Metropolitana de Manaus e fica a 78 quil\u00f4metros da capital. Seu nome deve-se \u00e0s \u00e1guas escuras de um rio que corta a cidade e des\u00e1gua no Paran\u00e1 da Eva. \u00c9 um dos mais recentes munic\u00edpios do Amazonas, emancipado pela segunda &hellip; Continue lendo \"Rio Preto da Eva &#8211; AM\"","og_url":"http:\/\/ipads.org.br\/cidadaniajovem\/rio-preto-da-eva-am\/","og_site_name":"Cidadania Jovem","article_modified_time":"2019-03-22T14:57:44+00:00","og_image":[{"url":"http:\/\/ipads.org.br\/cidadaniajovem\/\/wp-content\/uploads\/2019\/03\/WhatsApp-Image-2019-03-18-at-09.56.03.jpeg"}],"twitter_card":"summary_large_image","twitter_misc":{"Est. tempo de leitura":"1 minuto"},"schema":{"@context":"https:\/\/schema.org","@graph":[{"@type":"WebPage","@id":"http:\/\/ipads.org.br\/cidadaniajovem\/rio-preto-da-eva-am\/","url":"http:\/\/ipads.org.br\/cidadaniajovem\/rio-preto-da-eva-am\/","name":"Rio Preto da Eva - AM - Cidadania Jovem","isPartOf":{"@id":"https:\/\/ipads.org.br\/cidadaniajovem\/#website"},"datePublished":"2019-03-07T13:51:31+00:00","dateModified":"2019-03-22T14:57:44+00:00","breadcrumb":{"@id":"http:\/\/ipads.org.br\/cidadaniajovem\/rio-preto-da-eva-am\/#breadcrumb"},"inLanguage":"pt-BR","potentialAction":[{"@type":"ReadAction","target":["http:\/\/ipads.org.br\/cidadaniajovem\/rio-preto-da-eva-am\/"]}]},{"@type":"BreadcrumbList","@id":"http:\/\/ipads.org.br\/cidadaniajovem\/rio-preto-da-eva-am\/#breadcrumb","itemListElement":[{"@type":"ListItem","position":1,"name":"In\u00edcio","item":"https:\/\/ipads.org.br\/cidadaniajovem\/"},{"@type":"ListItem","position":2,"name":"Rio Preto da Eva &#8211; AM"}]},{"@type":"WebSite","@id":"https:\/\/ipads.org.br\/cidadaniajovem\/#website","url":"https:\/\/ipads.org.br\/cidadaniajovem\/","name":"Cidadania Jovem","description":"Promo\u00e7\u00e3o da sa\u00fade de adolescentes","potentialAction":[{"@type":"SearchAction","target":{"@type":"EntryPoint","urlTemplate":"https:\/\/ipads.org.br\/cidadaniajovem\/?s={search_term_string}"},"query-input":"required name=search_term_string"}],"inLanguage":"pt-BR"}]}},"_links":{"self":[{"href":"http:\/\/ipads.org.br\/cidadaniajovem\/wp-json\/wp\/v2\/pages\/45"}],"collection":[{"href":"http:\/\/ipads.org.br\/cidadaniajovem\/wp-json\/wp\/v2\/pages"}],"about":[{"href":"http:\/\/ipads.org.br\/cidadaniajovem\/wp-json\/wp\/v2\/types\/page"}],"author":[{"embeddable":true,"href":"http:\/\/ipads.org.br\/cidadaniajovem\/wp-json\/wp\/v2\/users\/1"}],"replies":[{"embeddable":true,"href":"http:\/\/ipads.org.br\/cidadaniajovem\/wp-json\/wp\/v2\/comments?post=45"}],"version-history":[{"count":5,"href":"http:\/\/ipads.org.br\/cidadaniajovem\/wp-json\/wp\/v2\/pages\/45\/revisions"}],"predecessor-version":[{"id":99,"href":"http:\/\/ipads.org.br\/cidadaniajovem\/wp-json\/wp\/v2\/pages\/45\/revisions\/99"}],"wp:attachment":[{"href":"http:\/\/ipads.org.br\/cidadaniajovem\/wp-json\/wp\/v2\/media?parent=45"}],"curies":[{"name":"wp","href":"https:\/\/api.w.org\/{rel}","templated":true}]}}