{"id":832,"date":"2020-08-27T15:33:54","date_gmt":"2020-08-27T18:33:54","guid":{"rendered":"http:\/\/ipads.org.br\/cidadaniajovem\/?page_id=832"},"modified":"2020-08-28T09:48:01","modified_gmt":"2020-08-28T12:48:01","slug":"videos","status":"publish","type":"page","link":"http:\/\/ipads.org.br\/cidadaniajovem\/videos\/","title":{"rendered":"V\u00eddeos"},"content":{"rendered":"<p>V\u00eddeo institucional do \u201cProjeto Cidadania Jovem\u201d<\/p>\n<p><iframe loading=\"lazy\" src=\"https:\/\/www.youtube.com\/embed\/KMPkeXjistk\" allowfullscreen=\"allowfullscreen\" width=\"560\" height=\"315\" frameborder=\"0\"><\/iframe><\/p>\n<p>O v\u00eddeo \u201cSer Adolescente\u201d produzido no \u00e2mbito do \u201cProjeto Cidadania Jovem\u201d \u00e9 dirigido aos adolescentes e busca abordar as principais quest\u00f5es relacionadas a essa importante fase do ciclo de vida.<\/p>\n<p><iframe loading=\"lazy\" src=\"https:\/\/www.youtube.com\/embed\/iWiCNiz8zPk\" allowfullscreen=\"allowfullscreen\" width=\"560\" height=\"315\" frameborder=\"0\"><\/iframe><\/p>\n<p>O v\u00eddeo \u201cConstru\u00e7\u00e3o da Cidadania\u201d produzido no \u00e2mbito do \u201cProjeto Cidadania Jovem\u201d \u00e9 dirigido a todos os profissionais que, de uma forma ou de outra, contribuem para o desenvolvimento de adolescentes no pa\u00eds.&nbsp;<\/p>\n<p><iframe loading=\"lazy\" src=\"https:\/\/www.youtube.com\/embed\/z9hzMFOlkzg\" allowfullscreen=\"allowfullscreen\" width=\"560\" height=\"315\" frameborder=\"0\"><\/iframe><\/p>\n<p>O v\u00eddeo \u201cAten\u00e7\u00e3o Integral e Promo\u00e7\u00e3o da Sa\u00fade dos Adolescentes\u201d produzido no \u00e2mbito do \u201cProjeto Cidadania Jovem\u201d \u00e9 dirigido, prioritariamente, aos profissionais de sa\u00fade que atuam na oferta de cuidados aos adolescentes.&nbsp;<\/p>\n<p><iframe loading=\"lazy\" width=\"560\" height=\"315\" src=\"https:\/\/www.youtube.com\/embed\/VK-VtE2IRic\" frameborder=\"0\" allow=\"accelerometer; autoplay; encrypted-media; gyroscope; picture-in-picture\" allowfullscreen><\/iframe><br \/>\n&nbsp;<\/p>\n<p>O v\u00eddeo \u201cAdolesc\u00eancia, Sexualidade e Uso de Subst\u00e2ncias\u201d produzido no \u00e2mbito do \u201cProjeto Cidadania Jovem\u201d \u00e9 dirigido, prioritariamente, aos Profissionais de Sa\u00fade que atuam na oferta de cuidados aos adolescentes.<\/p>\n<p><iframe loading=\"lazy\" src=\"https:\/\/www.youtube.com\/embed\/gEz_7EWv3kk\" allowfullscreen=\"allowfullscreen\" width=\"560\" height=\"315\" frameborder=\"0\"><\/iframe><br \/>\n&nbsp;<\/p>\n","protected":false},"excerpt":{"rendered":"<p>V\u00eddeo institucional do \u201cProjeto Cidadania Jovem\u201d O v\u00eddeo \u201cSer Adolescente\u201d produzido no \u00e2mbito do \u201cProjeto Cidadania Jovem\u201d \u00e9 dirigido aos adolescentes e busca abordar as principais quest\u00f5es relacionadas a essa importante fase do ciclo de vida. O v\u00eddeo \u201cConstru\u00e7\u00e3o da Cidadania\u201d produzido no \u00e2mbito do \u201cProjeto Cidadania Jovem\u201d \u00e9 dirigido a todos os profissionais que, &hellip; <a href=\"http:\/\/ipads.org.br\/cidadaniajovem\/videos\/\" class=\"more-link\">Continue lendo<span class=\"screen-reader-text\"> &#8220;V\u00eddeos&#8221;<\/span><\/a><\/p>\n","protected":false},"author":2,"featured_media":0,"parent":0,"menu_order":0,"comment_status":"closed","ping_status":"closed","template":"","meta":{"ngg_post_thumbnail":0},"yoast_head":"<!-- This site is optimized with the Yoast SEO plugin v20.11 - https:\/\/yoast.com\/wordpress\/plugins\/seo\/ -->\n<title>V\u00eddeos - Cidadania Jovem<\/title>\n<meta name=\"robots\" content=\"index, follow, max-snippet:-1, max-image-preview:large, max-video-preview:-1\" \/>\n<link rel=\"canonical\" href=\"http:\/\/ipads.org.br\/cidadaniajovem\/videos\/\" \/>\n<meta property=\"og:locale\" content=\"pt_BR\" \/>\n<meta property=\"og:type\" content=\"article\" \/>\n<meta property=\"og:title\" content=\"V\u00eddeos - Cidadania Jovem\" \/>\n<meta property=\"og:description\" content=\"V\u00eddeo institucional do \u201cProjeto Cidadania Jovem\u201d O v\u00eddeo \u201cSer Adolescente\u201d produzido no \u00e2mbito do \u201cProjeto Cidadania Jovem\u201d \u00e9 dirigido aos adolescentes e busca abordar as principais quest\u00f5es relacionadas a essa importante fase do ciclo de vida. O v\u00eddeo \u201cConstru\u00e7\u00e3o da Cidadania\u201d produzido no \u00e2mbito do \u201cProjeto Cidadania Jovem\u201d \u00e9 dirigido a todos os profissionais que, &hellip; Continue lendo &quot;V\u00eddeos&quot;\" \/>\n<meta property=\"og:url\" content=\"http:\/\/ipads.org.br\/cidadaniajovem\/videos\/\" \/>\n<meta property=\"og:site_name\" content=\"Cidadania Jovem\" \/>\n<meta property=\"article:modified_time\" content=\"2020-08-28T12:48:01+00:00\" \/>\n<meta name=\"twitter:card\" content=\"summary_large_image\" \/>\n<meta name=\"twitter:label1\" content=\"Est. tempo de leitura\" \/>\n\t<meta name=\"twitter:data1\" content=\"1 minuto\" \/>\n<script type=\"application\/ld+json\" class=\"yoast-schema-graph\">{\"@context\":\"https:\/\/schema.org\",\"@graph\":[{\"@type\":\"WebPage\",\"@id\":\"http:\/\/ipads.org.br\/cidadaniajovem\/videos\/\",\"url\":\"http:\/\/ipads.org.br\/cidadaniajovem\/videos\/\",\"name\":\"V\u00eddeos - Cidadania Jovem\",\"isPartOf\":{\"@id\":\"https:\/\/ipads.org.br\/cidadaniajovem\/#website\"},\"datePublished\":\"2020-08-27T18:33:54+00:00\",\"dateModified\":\"2020-08-28T12:48:01+00:00\",\"breadcrumb\":{\"@id\":\"http:\/\/ipads.org.br\/cidadaniajovem\/videos\/#breadcrumb\"},\"inLanguage\":\"pt-BR\",\"potentialAction\":[{\"@type\":\"ReadAction\",\"target\":[\"http:\/\/ipads.org.br\/cidadaniajovem\/videos\/\"]}]},{\"@type\":\"BreadcrumbList\",\"@id\":\"http:\/\/ipads.org.br\/cidadaniajovem\/videos\/#breadcrumb\",\"itemListElement\":[{\"@type\":\"ListItem\",\"position\":1,\"name\":\"In\u00edcio\",\"item\":\"https:\/\/ipads.org.br\/cidadaniajovem\/\"},{\"@type\":\"ListItem\",\"position\":2,\"name\":\"V\u00eddeos\"}]},{\"@type\":\"WebSite\",\"@id\":\"https:\/\/ipads.org.br\/cidadaniajovem\/#website\",\"url\":\"https:\/\/ipads.org.br\/cidadaniajovem\/\",\"name\":\"Cidadania Jovem\",\"description\":\"Promo\u00e7\u00e3o da sa\u00fade de adolescentes\",\"potentialAction\":[{\"@type\":\"SearchAction\",\"target\":{\"@type\":\"EntryPoint\",\"urlTemplate\":\"https:\/\/ipads.org.br\/cidadaniajovem\/?s={search_term_string}\"},\"query-input\":\"required name=search_term_string\"}],\"inLanguage\":\"pt-BR\"}]}<\/script>\n<!-- \/ Yoast SEO plugin. -->","yoast_head_json":{"title":"V\u00eddeos - Cidadania Jovem","robots":{"index":"index","follow":"follow","max-snippet":"max-snippet:-1","max-image-preview":"max-image-preview:large","max-video-preview":"max-video-preview:-1"},"canonical":"http:\/\/ipads.org.br\/cidadaniajovem\/videos\/","og_locale":"pt_BR","og_type":"article","og_title":"V\u00eddeos - Cidadania Jovem","og_description":"V\u00eddeo institucional do \u201cProjeto Cidadania Jovem\u201d O v\u00eddeo \u201cSer Adolescente\u201d produzido no \u00e2mbito do \u201cProjeto Cidadania Jovem\u201d \u00e9 dirigido aos adolescentes e busca abordar as principais quest\u00f5es relacionadas a essa importante fase do ciclo de vida. O v\u00eddeo \u201cConstru\u00e7\u00e3o da Cidadania\u201d produzido no \u00e2mbito do \u201cProjeto Cidadania Jovem\u201d \u00e9 dirigido a todos os profissionais que, &hellip; Continue lendo \"V\u00eddeos\"","og_url":"http:\/\/ipads.org.br\/cidadaniajovem\/videos\/","og_site_name":"Cidadania Jovem","article_modified_time":"2020-08-28T12:48:01+00:00","twitter_card":"summary_large_image","twitter_misc":{"Est. tempo de leitura":"1 minuto"},"schema":{"@context":"https:\/\/schema.org","@graph":[{"@type":"WebPage","@id":"http:\/\/ipads.org.br\/cidadaniajovem\/videos\/","url":"http:\/\/ipads.org.br\/cidadaniajovem\/videos\/","name":"V\u00eddeos - Cidadania Jovem","isPartOf":{"@id":"https:\/\/ipads.org.br\/cidadaniajovem\/#website"},"datePublished":"2020-08-27T18:33:54+00:00","dateModified":"2020-08-28T12:48:01+00:00","breadcrumb":{"@id":"http:\/\/ipads.org.br\/cidadaniajovem\/videos\/#breadcrumb"},"inLanguage":"pt-BR","potentialAction":[{"@type":"ReadAction","target":["http:\/\/ipads.org.br\/cidadaniajovem\/videos\/"]}]},{"@type":"BreadcrumbList","@id":"http:\/\/ipads.org.br\/cidadaniajovem\/videos\/#breadcrumb","itemListElement":[{"@type":"ListItem","position":1,"name":"In\u00edcio","item":"https:\/\/ipads.org.br\/cidadaniajovem\/"},{"@type":"ListItem","position":2,"name":"V\u00eddeos"}]},{"@type":"WebSite","@id":"https:\/\/ipads.org.br\/cidadaniajovem\/#website","url":"https:\/\/ipads.org.br\/cidadaniajovem\/","name":"Cidadania Jovem","description":"Promo\u00e7\u00e3o da sa\u00fade de adolescentes","potentialAction":[{"@type":"SearchAction","target":{"@type":"EntryPoint","urlTemplate":"https:\/\/ipads.org.br\/cidadaniajovem\/?s={search_term_string}"},"query-input":"required name=search_term_string"}],"inLanguage":"pt-BR"}]}},"_links":{"self":[{"href":"http:\/\/ipads.org.br\/cidadaniajovem\/wp-json\/wp\/v2\/pages\/832"}],"collection":[{"href":"http:\/\/ipads.org.br\/cidadaniajovem\/wp-json\/wp\/v2\/pages"}],"about":[{"href":"http:\/\/ipads.org.br\/cidadaniajovem\/wp-json\/wp\/v2\/types\/page"}],"author":[{"embeddable":true,"href":"http:\/\/ipads.org.br\/cidadaniajovem\/wp-json\/wp\/v2\/users\/2"}],"replies":[{"embeddable":true,"href":"http:\/\/ipads.org.br\/cidadaniajovem\/wp-json\/wp\/v2\/comments?post=832"}],"version-history":[{"count":8,"href":"http:\/\/ipads.org.br\/cidadaniajovem\/wp-json\/wp\/v2\/pages\/832\/revisions"}],"predecessor-version":[{"id":846,"href":"http:\/\/ipads.org.br\/cidadaniajovem\/wp-json\/wp\/v2\/pages\/832\/revisions\/846"}],"wp:attachment":[{"href":"http:\/\/ipads.org.br\/cidadaniajovem\/wp-json\/wp\/v2\/media?parent=832"}],"curies":[{"name":"wp","href":"https:\/\/api.w.org\/{rel}","templated":true}]}}