{"id":848,"date":"2020-08-28T10:28:43","date_gmt":"2020-08-28T13:28:43","guid":{"rendered":"http:\/\/ipads.org.br\/cidadaniajovem\/?page_id=848"},"modified":"2020-08-28T10:41:11","modified_gmt":"2020-08-28T13:41:11","slug":"aplicativo","status":"publish","type":"page","link":"http:\/\/ipads.org.br\/cidadaniajovem\/aplicativo\/","title":{"rendered":"Aplicativo"},"content":{"rendered":"<p>O aplicativo Cidadania Jovem e \u00e9 caracterizado por perguntas com respostas a serem escolhidas entre alternativas propostas pelo sistema.<\/p>\n<p>As perguntas s\u00e3o agrupadas nas categorias:&nbsp;<\/p>\n<ul>\n<li>Meio ambiente;&nbsp;<\/li>\n<li>Educa\u00e7\u00e3o;&nbsp;<\/li>\n<li>Sa\u00fade;&nbsp;<\/li>\n<li>Esporte;&nbsp;<\/li>\n<li>Entretenimento;&nbsp;<\/li>\n<li>Seguran\u00e7a.&nbsp;<\/li>\n<\/ul>\n<p>Uma jogada \u00e9 composta por uma bateria de 10 perguntas, cada uma com um limite de 45 segundos para ser respondida. Ao iniciar uma jogada, um sorteio automatizado seleciona qual ser\u00e1 a categoria, entre as seis disponibilizadas, entre a qual as perguntas ser\u00e3o escolhidas. A cada resposta correta, o jogador ganha pontos que s\u00e3o acumulados no pr\u00f3prio perfil. Ao atingir determinados n\u00edveis de pontos, os jogadores ganham elementos de personaliza\u00e7\u00e3o do pr\u00f3prio perfil, indicando o n\u00edvel de desempenho. A classifica\u00e7\u00e3o geral ser\u00e1 organizada de forma decrescente a partir do jogar com o maior n\u00famero de pontos, o qual ocupa o primeiro lugar.&nbsp;<\/p>\n<p>Baixe aqui o aplicativo &#8220;Cidadania Jovem&#8221;<\/p>\n<p>Google Store:<\/p>\n<p><a href=\"https:\/\/play.google.com\/store\/apps\/details?id=com.cidadaniajovem\">https:\/\/play.google.com\/store\/apps\/details?id=com.cidadaniajovem<\/a><\/p>\n<p>Apple Store:<\/p>\n<p><a href=\"https:\/\/apps.apple.com\/us\/app\/id1506851051\">https:\/\/apps.apple.com\/us\/app\/id1506851051<\/a><\/p>\n<p>&nbsp;<\/p>\n<p>&nbsp;<\/p>\n","protected":false},"excerpt":{"rendered":"<p>O aplicativo Cidadania Jovem e \u00e9 caracterizado por perguntas com respostas a serem escolhidas entre alternativas propostas pelo sistema. As perguntas s\u00e3o agrupadas nas categorias:&nbsp; Meio ambiente;&nbsp; Educa\u00e7\u00e3o;&nbsp; Sa\u00fade;&nbsp; Esporte;&nbsp; Entretenimento;&nbsp; Seguran\u00e7a.&nbsp; Uma jogada \u00e9 composta por uma bateria de 10 perguntas, cada uma com um limite de 45 segundos para ser respondida. Ao iniciar &hellip; <a href=\"http:\/\/ipads.org.br\/cidadaniajovem\/aplicativo\/\" class=\"more-link\">Continue lendo<span class=\"screen-reader-text\"> &#8220;Aplicativo&#8221;<\/span><\/a><\/p>\n","protected":false},"author":2,"featured_media":0,"parent":0,"menu_order":0,"comment_status":"closed","ping_status":"closed","template":"","meta":{"ngg_post_thumbnail":0},"yoast_head":"<!-- This site is optimized with the Yoast SEO plugin v20.11 - https:\/\/yoast.com\/wordpress\/plugins\/seo\/ -->\n<title>Aplicativo - Cidadania Jovem<\/title>\n<meta name=\"robots\" content=\"index, follow, max-snippet:-1, max-image-preview:large, max-video-preview:-1\" \/>\n<link rel=\"canonical\" href=\"http:\/\/ipads.org.br\/cidadaniajovem\/aplicativo\/\" \/>\n<meta property=\"og:locale\" content=\"pt_BR\" \/>\n<meta property=\"og:type\" content=\"article\" \/>\n<meta property=\"og:title\" content=\"Aplicativo - Cidadania Jovem\" \/>\n<meta property=\"og:description\" content=\"O aplicativo Cidadania Jovem e \u00e9 caracterizado por perguntas com respostas a serem escolhidas entre alternativas propostas pelo sistema. As perguntas s\u00e3o agrupadas nas categorias:&nbsp; Meio ambiente;&nbsp; Educa\u00e7\u00e3o;&nbsp; Sa\u00fade;&nbsp; Esporte;&nbsp; Entretenimento;&nbsp; Seguran\u00e7a.&nbsp; Uma jogada \u00e9 composta por uma bateria de 10 perguntas, cada uma com um limite de 45 segundos para ser respondida. Ao iniciar &hellip; Continue lendo &quot;Aplicativo&quot;\" \/>\n<meta property=\"og:url\" content=\"http:\/\/ipads.org.br\/cidadaniajovem\/aplicativo\/\" \/>\n<meta property=\"og:site_name\" content=\"Cidadania Jovem\" \/>\n<meta property=\"article:modified_time\" content=\"2020-08-28T13:41:11+00:00\" \/>\n<meta name=\"twitter:card\" content=\"summary_large_image\" \/>\n<meta name=\"twitter:label1\" content=\"Est. tempo de leitura\" \/>\n\t<meta name=\"twitter:data1\" content=\"1 minuto\" \/>\n<script type=\"application\/ld+json\" class=\"yoast-schema-graph\">{\"@context\":\"https:\/\/schema.org\",\"@graph\":[{\"@type\":\"WebPage\",\"@id\":\"http:\/\/ipads.org.br\/cidadaniajovem\/aplicativo\/\",\"url\":\"http:\/\/ipads.org.br\/cidadaniajovem\/aplicativo\/\",\"name\":\"Aplicativo - Cidadania Jovem\",\"isPartOf\":{\"@id\":\"https:\/\/ipads.org.br\/cidadaniajovem\/#website\"},\"datePublished\":\"2020-08-28T13:28:43+00:00\",\"dateModified\":\"2020-08-28T13:41:11+00:00\",\"breadcrumb\":{\"@id\":\"http:\/\/ipads.org.br\/cidadaniajovem\/aplicativo\/#breadcrumb\"},\"inLanguage\":\"pt-BR\",\"potentialAction\":[{\"@type\":\"ReadAction\",\"target\":[\"http:\/\/ipads.org.br\/cidadaniajovem\/aplicativo\/\"]}]},{\"@type\":\"BreadcrumbList\",\"@id\":\"http:\/\/ipads.org.br\/cidadaniajovem\/aplicativo\/#breadcrumb\",\"itemListElement\":[{\"@type\":\"ListItem\",\"position\":1,\"name\":\"In\u00edcio\",\"item\":\"https:\/\/ipads.org.br\/cidadaniajovem\/\"},{\"@type\":\"ListItem\",\"position\":2,\"name\":\"Aplicativo\"}]},{\"@type\":\"WebSite\",\"@id\":\"https:\/\/ipads.org.br\/cidadaniajovem\/#website\",\"url\":\"https:\/\/ipads.org.br\/cidadaniajovem\/\",\"name\":\"Cidadania Jovem\",\"description\":\"Promo\u00e7\u00e3o da sa\u00fade de adolescentes\",\"potentialAction\":[{\"@type\":\"SearchAction\",\"target\":{\"@type\":\"EntryPoint\",\"urlTemplate\":\"https:\/\/ipads.org.br\/cidadaniajovem\/?s={search_term_string}\"},\"query-input\":\"required name=search_term_string\"}],\"inLanguage\":\"pt-BR\"}]}<\/script>\n<!-- \/ Yoast SEO plugin. -->","yoast_head_json":{"title":"Aplicativo - Cidadania Jovem","robots":{"index":"index","follow":"follow","max-snippet":"max-snippet:-1","max-image-preview":"max-image-preview:large","max-video-preview":"max-video-preview:-1"},"canonical":"http:\/\/ipads.org.br\/cidadaniajovem\/aplicativo\/","og_locale":"pt_BR","og_type":"article","og_title":"Aplicativo - Cidadania Jovem","og_description":"O aplicativo Cidadania Jovem e \u00e9 caracterizado por perguntas com respostas a serem escolhidas entre alternativas propostas pelo sistema. As perguntas s\u00e3o agrupadas nas categorias:&nbsp; Meio ambiente;&nbsp; Educa\u00e7\u00e3o;&nbsp; Sa\u00fade;&nbsp; Esporte;&nbsp; Entretenimento;&nbsp; Seguran\u00e7a.&nbsp; Uma jogada \u00e9 composta por uma bateria de 10 perguntas, cada uma com um limite de 45 segundos para ser respondida. Ao iniciar &hellip; Continue lendo \"Aplicativo\"","og_url":"http:\/\/ipads.org.br\/cidadaniajovem\/aplicativo\/","og_site_name":"Cidadania Jovem","article_modified_time":"2020-08-28T13:41:11+00:00","twitter_card":"summary_large_image","twitter_misc":{"Est. tempo de leitura":"1 minuto"},"schema":{"@context":"https:\/\/schema.org","@graph":[{"@type":"WebPage","@id":"http:\/\/ipads.org.br\/cidadaniajovem\/aplicativo\/","url":"http:\/\/ipads.org.br\/cidadaniajovem\/aplicativo\/","name":"Aplicativo - Cidadania Jovem","isPartOf":{"@id":"https:\/\/ipads.org.br\/cidadaniajovem\/#website"},"datePublished":"2020-08-28T13:28:43+00:00","dateModified":"2020-08-28T13:41:11+00:00","breadcrumb":{"@id":"http:\/\/ipads.org.br\/cidadaniajovem\/aplicativo\/#breadcrumb"},"inLanguage":"pt-BR","potentialAction":[{"@type":"ReadAction","target":["http:\/\/ipads.org.br\/cidadaniajovem\/aplicativo\/"]}]},{"@type":"BreadcrumbList","@id":"http:\/\/ipads.org.br\/cidadaniajovem\/aplicativo\/#breadcrumb","itemListElement":[{"@type":"ListItem","position":1,"name":"In\u00edcio","item":"https:\/\/ipads.org.br\/cidadaniajovem\/"},{"@type":"ListItem","position":2,"name":"Aplicativo"}]},{"@type":"WebSite","@id":"https:\/\/ipads.org.br\/cidadaniajovem\/#website","url":"https:\/\/ipads.org.br\/cidadaniajovem\/","name":"Cidadania Jovem","description":"Promo\u00e7\u00e3o da sa\u00fade de adolescentes","potentialAction":[{"@type":"SearchAction","target":{"@type":"EntryPoint","urlTemplate":"https:\/\/ipads.org.br\/cidadaniajovem\/?s={search_term_string}"},"query-input":"required name=search_term_string"}],"inLanguage":"pt-BR"}]}},"_links":{"self":[{"href":"http:\/\/ipads.org.br\/cidadaniajovem\/wp-json\/wp\/v2\/pages\/848"}],"collection":[{"href":"http:\/\/ipads.org.br\/cidadaniajovem\/wp-json\/wp\/v2\/pages"}],"about":[{"href":"http:\/\/ipads.org.br\/cidadaniajovem\/wp-json\/wp\/v2\/types\/page"}],"author":[{"embeddable":true,"href":"http:\/\/ipads.org.br\/cidadaniajovem\/wp-json\/wp\/v2\/users\/2"}],"replies":[{"embeddable":true,"href":"http:\/\/ipads.org.br\/cidadaniajovem\/wp-json\/wp\/v2\/comments?post=848"}],"version-history":[{"count":6,"href":"http:\/\/ipads.org.br\/cidadaniajovem\/wp-json\/wp\/v2\/pages\/848\/revisions"}],"predecessor-version":[{"id":855,"href":"http:\/\/ipads.org.br\/cidadaniajovem\/wp-json\/wp\/v2\/pages\/848\/revisions\/855"}],"wp:attachment":[{"href":"http:\/\/ipads.org.br\/cidadaniajovem\/wp-json\/wp\/v2\/media?parent=848"}],"curies":[{"name":"wp","href":"https:\/\/api.w.org\/{rel}","templated":true}]}}