{"id":856,"date":"2020-09-03T16:11:50","date_gmt":"2020-09-03T19:11:50","guid":{"rendered":"http:\/\/ipads.org.br\/cidadaniajovem\/?page_id=856"},"modified":"2020-09-03T16:29:44","modified_gmt":"2020-09-03T19:29:44","slug":"produtos","status":"publish","type":"page","link":"http:\/\/ipads.org.br\/cidadaniajovem\/produtos\/","title":{"rendered":"Produtos"},"content":{"rendered":"<p>&nbsp;<\/p>\n<p>Durante a realiza\u00e7\u00e3o do projeto, a equipe do Cidadania Jovem elabora os documentos \u201c<a href=\"http:\/\/ipads.org.br\/cidadaniajovem\/wp-content\/uploads\/2020\/08\/MANUAL-TE\u0301CNICO-SAU\u0301DE-ADOLESCENTE-DIGITAL.pdf\">Manual T\u00e9cnico para o Cuidado \u00e0 Sa\u00fade do Adolescente na Aten\u00e7\u00e3o B\u00e1sica<\/a>\u201d e o \u201c<a href=\"http:\/\/ipads.org.br\/cidadaniajovem\/wp-content\/uploads\/2020\/08\/CADERNO-DE-PROMOC\u0327A\u0303O-ADOLESCENTE-DIGITAL-1.pdf\">Caderno de Promo\u00e7\u00e3o da Sa\u00fade do Adolescente<\/a>\u201d, Dispon\u00edveis aqui em:<\/p>\n<ul>\n<li><strong>Manual T\u00e9cnico para o Cuidado \u00e0 Sa\u00fade do Adolescente na Aten\u00e7\u00e3o B\u00e1sica<\/strong> &#8211; <a href=\"http:\/\/ipads.org.br\/cidadaniajovem\/wp-content\/uploads\/2020\/08\/MANUAL-TE\u0301CNICO-SAU\u0301DE-ADOLESCENTE-DIGITAL.pdf\">Acesse aqui<\/a><\/li>\n<li><strong>Caderno de Promoc\u0327a\u0303o da Sau\u0301de de Adolescentes na Atenc\u0327a\u0303o Ba\u0301sica<\/strong> &#8211; <a href=\"http:\/\/ipads.org.br\/cidadaniajovem\/wp-content\/uploads\/2020\/08\/CADERNO-DE-PROMOC\u0327A\u0303O-ADOLESCENTE-DIGITAL-1.pdf\">Acesse aqui<\/a><\/li>\n<\/ul>\n<p>O Cidadania Jovem tamb\u00e9m trabalha na<strong> <a href=\"https:\/\/www.youtube.com\/playlist?list=PLsy2_XBSl_eCGmcA3XtAn-RwOZzBkSKqD\">produ\u00e7\u00e3o de cinco v\u00eddeos<\/a> <\/strong>sobre temas relacionados \u00e0 adolesc\u00eancia, voltados a p\u00fablicos distintos (adolescentes, pais e educadores e profissionais do SUS): <strong><a href=\"http:\/\/ipads.org.br\/cidadaniajovem\/videos\/\">Acesse aqui<\/a>,<\/strong> al\u00e9m de um aplicativo para uso de adolescentes.<\/p>\n<p><strong>Baixe aqui o aplicativo \u201cCidadania Jovem\u201d<\/strong><\/p>\n<p><strong><em>Google Store:<\/em><\/strong><\/p>\n<p><a href=\"https:\/\/play.google.com\/store\/apps\/details?id=com.cidadaniajovem\">https:\/\/play.google.com\/store\/apps\/details?id=com.cidadaniajovem<\/a><\/p>\n<p><strong><em>Apple Store:<\/em><\/strong><\/p>\n<p><a href=\"https:\/\/apps.apple.com\/us\/app\/id1506851051\">https:\/\/apps.apple.com\/us\/app\/id1506851051<\/a><\/p>\n<p>&nbsp;<\/p>\n","protected":false},"excerpt":{"rendered":"<p>&nbsp; Durante a realiza\u00e7\u00e3o do projeto, a equipe do Cidadania Jovem elabora os documentos \u201cManual T\u00e9cnico para o Cuidado \u00e0 Sa\u00fade do Adolescente na Aten\u00e7\u00e3o B\u00e1sica\u201d e o \u201cCaderno de Promo\u00e7\u00e3o da Sa\u00fade do Adolescente\u201d, Dispon\u00edveis aqui em: Manual T\u00e9cnico para o Cuidado \u00e0 Sa\u00fade do Adolescente na Aten\u00e7\u00e3o B\u00e1sica &#8211; Acesse aqui Caderno de &hellip; <a href=\"http:\/\/ipads.org.br\/cidadaniajovem\/produtos\/\" class=\"more-link\">Continue lendo<span class=\"screen-reader-text\"> &#8220;Produtos&#8221;<\/span><\/a><\/p>\n","protected":false},"author":2,"featured_media":0,"parent":0,"menu_order":0,"comment_status":"closed","ping_status":"closed","template":"","meta":{"ngg_post_thumbnail":0},"yoast_head":"<!-- This site is optimized with the Yoast SEO plugin v20.11 - https:\/\/yoast.com\/wordpress\/plugins\/seo\/ -->\n<title>Produtos - Cidadania Jovem<\/title>\n<meta name=\"robots\" content=\"index, follow, max-snippet:-1, max-image-preview:large, max-video-preview:-1\" \/>\n<link rel=\"canonical\" href=\"https:\/\/ipads.org.br\/cidadaniajovem\/produtos\/\" \/>\n<meta property=\"og:locale\" content=\"pt_BR\" \/>\n<meta property=\"og:type\" content=\"article\" \/>\n<meta property=\"og:title\" content=\"Produtos - Cidadania Jovem\" \/>\n<meta property=\"og:description\" content=\"&nbsp; Durante a realiza\u00e7\u00e3o do projeto, a equipe do Cidadania Jovem elabora os documentos \u201cManual T\u00e9cnico para o Cuidado \u00e0 Sa\u00fade do Adolescente na Aten\u00e7\u00e3o B\u00e1sica\u201d e o \u201cCaderno de Promo\u00e7\u00e3o da Sa\u00fade do Adolescente\u201d, Dispon\u00edveis aqui em: Manual T\u00e9cnico para o Cuidado \u00e0 Sa\u00fade do Adolescente na Aten\u00e7\u00e3o B\u00e1sica &#8211; Acesse aqui Caderno de &hellip; Continue lendo &quot;Produtos&quot;\" \/>\n<meta property=\"og:url\" content=\"https:\/\/ipads.org.br\/cidadaniajovem\/produtos\/\" \/>\n<meta property=\"og:site_name\" content=\"Cidadania Jovem\" \/>\n<meta property=\"article:modified_time\" content=\"2020-09-03T19:29:44+00:00\" \/>\n<meta name=\"twitter:card\" content=\"summary_large_image\" \/>\n<meta name=\"twitter:label1\" content=\"Est. tempo de leitura\" \/>\n\t<meta name=\"twitter:data1\" content=\"1 minuto\" \/>\n<script type=\"application\/ld+json\" class=\"yoast-schema-graph\">{\"@context\":\"https:\/\/schema.org\",\"@graph\":[{\"@type\":\"WebPage\",\"@id\":\"https:\/\/ipads.org.br\/cidadaniajovem\/produtos\/\",\"url\":\"https:\/\/ipads.org.br\/cidadaniajovem\/produtos\/\",\"name\":\"Produtos - Cidadania Jovem\",\"isPartOf\":{\"@id\":\"https:\/\/ipads.org.br\/cidadaniajovem\/#website\"},\"datePublished\":\"2020-09-03T19:11:50+00:00\",\"dateModified\":\"2020-09-03T19:29:44+00:00\",\"breadcrumb\":{\"@id\":\"https:\/\/ipads.org.br\/cidadaniajovem\/produtos\/#breadcrumb\"},\"inLanguage\":\"pt-BR\",\"potentialAction\":[{\"@type\":\"ReadAction\",\"target\":[\"https:\/\/ipads.org.br\/cidadaniajovem\/produtos\/\"]}]},{\"@type\":\"BreadcrumbList\",\"@id\":\"https:\/\/ipads.org.br\/cidadaniajovem\/produtos\/#breadcrumb\",\"itemListElement\":[{\"@type\":\"ListItem\",\"position\":1,\"name\":\"In\u00edcio\",\"item\":\"https:\/\/ipads.org.br\/cidadaniajovem\/\"},{\"@type\":\"ListItem\",\"position\":2,\"name\":\"Produtos\"}]},{\"@type\":\"WebSite\",\"@id\":\"https:\/\/ipads.org.br\/cidadaniajovem\/#website\",\"url\":\"https:\/\/ipads.org.br\/cidadaniajovem\/\",\"name\":\"Cidadania Jovem\",\"description\":\"Promo\u00e7\u00e3o da sa\u00fade de adolescentes\",\"potentialAction\":[{\"@type\":\"SearchAction\",\"target\":{\"@type\":\"EntryPoint\",\"urlTemplate\":\"https:\/\/ipads.org.br\/cidadaniajovem\/?s={search_term_string}\"},\"query-input\":\"required name=search_term_string\"}],\"inLanguage\":\"pt-BR\"}]}<\/script>\n<!-- \/ Yoast SEO plugin. -->","yoast_head_json":{"title":"Produtos - Cidadania Jovem","robots":{"index":"index","follow":"follow","max-snippet":"max-snippet:-1","max-image-preview":"max-image-preview:large","max-video-preview":"max-video-preview:-1"},"canonical":"https:\/\/ipads.org.br\/cidadaniajovem\/produtos\/","og_locale":"pt_BR","og_type":"article","og_title":"Produtos - Cidadania Jovem","og_description":"&nbsp; Durante a realiza\u00e7\u00e3o do projeto, a equipe do Cidadania Jovem elabora os documentos \u201cManual T\u00e9cnico para o Cuidado \u00e0 Sa\u00fade do Adolescente na Aten\u00e7\u00e3o B\u00e1sica\u201d e o \u201cCaderno de Promo\u00e7\u00e3o da Sa\u00fade do Adolescente\u201d, Dispon\u00edveis aqui em: Manual T\u00e9cnico para o Cuidado \u00e0 Sa\u00fade do Adolescente na Aten\u00e7\u00e3o B\u00e1sica &#8211; Acesse aqui Caderno de &hellip; Continue lendo \"Produtos\"","og_url":"https:\/\/ipads.org.br\/cidadaniajovem\/produtos\/","og_site_name":"Cidadania Jovem","article_modified_time":"2020-09-03T19:29:44+00:00","twitter_card":"summary_large_image","twitter_misc":{"Est. tempo de leitura":"1 minuto"},"schema":{"@context":"https:\/\/schema.org","@graph":[{"@type":"WebPage","@id":"https:\/\/ipads.org.br\/cidadaniajovem\/produtos\/","url":"https:\/\/ipads.org.br\/cidadaniajovem\/produtos\/","name":"Produtos - Cidadania Jovem","isPartOf":{"@id":"https:\/\/ipads.org.br\/cidadaniajovem\/#website"},"datePublished":"2020-09-03T19:11:50+00:00","dateModified":"2020-09-03T19:29:44+00:00","breadcrumb":{"@id":"https:\/\/ipads.org.br\/cidadaniajovem\/produtos\/#breadcrumb"},"inLanguage":"pt-BR","potentialAction":[{"@type":"ReadAction","target":["https:\/\/ipads.org.br\/cidadaniajovem\/produtos\/"]}]},{"@type":"BreadcrumbList","@id":"https:\/\/ipads.org.br\/cidadaniajovem\/produtos\/#breadcrumb","itemListElement":[{"@type":"ListItem","position":1,"name":"In\u00edcio","item":"https:\/\/ipads.org.br\/cidadaniajovem\/"},{"@type":"ListItem","position":2,"name":"Produtos"}]},{"@type":"WebSite","@id":"https:\/\/ipads.org.br\/cidadaniajovem\/#website","url":"https:\/\/ipads.org.br\/cidadaniajovem\/","name":"Cidadania Jovem","description":"Promo\u00e7\u00e3o da sa\u00fade de adolescentes","potentialAction":[{"@type":"SearchAction","target":{"@type":"EntryPoint","urlTemplate":"https:\/\/ipads.org.br\/cidadaniajovem\/?s={search_term_string}"},"query-input":"required name=search_term_string"}],"inLanguage":"pt-BR"}]}},"_links":{"self":[{"href":"http:\/\/ipads.org.br\/cidadaniajovem\/wp-json\/wp\/v2\/pages\/856"}],"collection":[{"href":"http:\/\/ipads.org.br\/cidadaniajovem\/wp-json\/wp\/v2\/pages"}],"about":[{"href":"http:\/\/ipads.org.br\/cidadaniajovem\/wp-json\/wp\/v2\/types\/page"}],"author":[{"embeddable":true,"href":"http:\/\/ipads.org.br\/cidadaniajovem\/wp-json\/wp\/v2\/users\/2"}],"replies":[{"embeddable":true,"href":"http:\/\/ipads.org.br\/cidadaniajovem\/wp-json\/wp\/v2\/comments?post=856"}],"version-history":[{"count":4,"href":"http:\/\/ipads.org.br\/cidadaniajovem\/wp-json\/wp\/v2\/pages\/856\/revisions"}],"predecessor-version":[{"id":860,"href":"http:\/\/ipads.org.br\/cidadaniajovem\/wp-json\/wp\/v2\/pages\/856\/revisions\/860"}],"wp:attachment":[{"href":"http:\/\/ipads.org.br\/cidadaniajovem\/wp-json\/wp\/v2\/media?parent=856"}],"curies":[{"name":"wp","href":"https:\/\/api.w.org\/{rel}","templated":true}]}}