{"id":29,"date":"2018-10-12T00:40:30","date_gmt":"2018-10-12T03:40:30","guid":{"rendered":"http:\/\/www.uncle.com.br\/zikalab\/site\/?page_id=29"},"modified":"2019-05-21T11:59:13","modified_gmt":"2019-05-21T14:59:13","slug":"o-zikalab","status":"publish","type":"page","link":"http:\/\/ipads.org.br\/zikalab\/o-zikalab\/","title":{"rendered":"O Zikalab"},"content":{"rendered":"<h2>LABORATO\u0301RIO DE FORMAC\u0327A\u0303O DO TRABALHADOR DE SAU\u0301DE NO CONTEXTO DO VI\u0301RUS ZIKA<\/h2>\n<p><iframe loading=\"lazy\" width=\"840\" height=\"473\" src=\"https:\/\/www.youtube.com\/embed\/9XY8UqUAvUw?feature=oembed\" frameborder=\"0\" allow=\"accelerometer; autoplay; encrypted-media; gyroscope; picture-in-picture\" allowfullscreen><\/iframe><\/p>\n<p>O ZikaLab nasceu para atender uma demanda urgente de informac\u0327a\u0303o e capacitac\u0327a\u0303o dos profissionais de sau\u0301de que esta\u0303o atuando na linha de frente da emerge\u0302ncia em sau\u0301de causada pelo vi\u0301rus Zika.<\/p>\n<p>O foco do projeto e\u0301 cuidar de quem mais precisa \u2013 a populac\u0327a\u0303o mais vulnera\u0301vel ao v\u00edrus Zika: gestantes, ma\u0303es e bebe\u0302s nas regio\u0303es mais atingidas pela doenc\u0327a no Brasil.<\/p>\n<p>No primeiro ano de atua\u00e7\u00e3o o Zikalab levou informa\u00e7\u00e3o sobre o v\u00edrus Zika para mais de 7 mil profissionais de sa\u00fade e ajudou a organizar redes de aten\u00e7\u00e3o para as v\u00edtimas e familiares em 37 mun\u00edcipios brasileiros.<\/p>\n<p>No segundo ano de projeto as equipes realizaram capacita\u00e7\u00f5es em 5 estados (Piau\u00ed, Maranh\u00e3o,Bahia, Rio Grande do Norte e Amazonas), selecionados de acordo com o n\u00famero registrados de incid\u00eancia do v\u00edrus Zika e a capacidade de atendimento da rede de sa\u00fade local.<\/p>\n<p>Foram 197 munic\u00edpios participantes, mais de 4 mil profissionais capacitados, al\u00e9m de ampliar a produ\u00e7\u00e3o de conhecimento e a rede de informa\u00e7\u00f5es sobre o tema.<\/p>\n<div style=\"padding: 20px; background: #eee; margin-bottom: 40px;\"><div id=\"testimonial_rotator_wrap_31\" class=\"testimonial_rotator_wrap with-prevnext \">\n\t<div id=\"testimonial_rotator_31\" class=\"testimonial_rotator hreview-aggregate cycletwo-slideshow format-rotator template-longform\" data-cycletwo-timeout=\"5000\" data-cycletwo-speed=\"1000\" data-cycletwo-pause-on-hover=\"true\"  data-cycletwo-center-horz=\"true\" data-cycletwo-center-vert=\"true\"  data-cycletwo-swipe=\"true\" data-cycletwo-fx=\"fade\" data-cycletwo-auto-height=\"calc\"  data-cycletwo-next=\"#testimonial_rotator_wrap_31 .testimonial_rotator_next\" data-cycletwo-prev=\"#testimonial_rotator_wrap_31 .testimonial_rotator_prev\" data-cycletwo-slides=\"> div.slide\" data-cycletwo-log=\"false\" >\n<div class=\"slide slide1 testimonial_rotator_slide hreview itemreviewed item  cf-tr\">\n<div class=\"text testimonial_rotator_description\">\n<div class=\"testimonial_rotator_quote\">\nNesse contexto, uma iniciativa bastante inovadora e potente no sentido estrat\u00e9gico de alinhamento e integra\u00e7\u00e3o de a\u00e7\u00f5es setoriais<\/div>\n<hr class=\"longform_hr\"><div class=\"testimonial_rotator_author_info cf-tr\">\n<p align=\"left\">Dr. Neilton Araujo de Oliveira, Secret\u00e1rio Executivo Adjunto do Minist\u00e9rio da Sa\u00fade<\/p>\n<\/div>\n<\/div>\n<div class=\"testimonial_rotator_microdata\">\n\t<div class=\"dtreviewed\"> 2018-10-12T00:42:40-03:00<\/div>\t<div class=\"reviewer\"> \t<div class=\"fn\"> <p align=\"left\">Dr. Neilton Araujo de Oliveira, Secret\u00e1rio Executivo Adjunto do Minist\u00e9rio da Sa\u00fade<\/p>\n<\/div>\t<\/div>Nesse contexto, uma iniciativa bastante inovadora e potente no sentido estrat\u00e9gico de alinhamento e integra\u00e7\u00e3o de a\u00e7\u00f5es setoriais\t<div class=\"summary\"> <\/div>\t<div class=\"permalink\"> http:\/\/ipads.org.br\/zikalab\/testimonials\/dr-neilton-araujo-de-oliveira-secretario-executivo-adjunto-do-ministerio-da-saude\/<\/div><\/div> <!-- .testimonial_rotator_microdata -->\n<\/div>\n<div class=\"slide slide2 testimonial_rotator_slide hreview itemreviewed item  cf-tr\">\n<div class=\"text testimonial_rotator_description\">\n<div class=\"testimonial_rotator_quote\">\nO Zikalab foi formulado para atuar em a\u00e7\u00f5es de enfrentamento ao v\u00edrus Zika em territ\u00f3rios heterog\u00eaneos, utlizando inova\u00e7\u00f5es nos processos de educa\u00e7\u00e3o em sa\u00fade\u201d<\/div>\n<hr class=\"longform_hr\"><div class=\"testimonial_rotator_author_info cf-tr\">\n<p align=\"left\">Dr. Orlando M\u00e1rio Soeiro, presidente do IPADS.<\/p>\n<\/div>\n<\/div>\n<div class=\"testimonial_rotator_microdata\">\n\t<div class=\"dtreviewed\"> 2018-10-12T00:42:04-03:00<\/div>\t<div class=\"reviewer\"> \t<div class=\"fn\"> <p align=\"left\">Dr. Orlando M\u00e1rio Soeiro, presidente do IPADS.<\/p>\n<\/div>\t<\/div>O Zikalab foi formulado para atuar em a\u00e7\u00f5es de enfrentamento ao v\u00edrus Zika em territ\u00f3rios heterog\u00eaneos, utlizando inova\u00e7\u00f5es nos processos de educa\u00e7\u00e3o em sa\u00fade\u201d\t<div class=\"summary\"> <\/div>\t<div class=\"permalink\"> http:\/\/ipads.org.br\/zikalab\/testimonials\/dr-orlando-mario-soeiro-presidente-do-ipads\/<\/div><\/div> <!-- .testimonial_rotator_microdata -->\n<\/div>\n<div class=\"slide slide3 testimonial_rotator_slide hreview itemreviewed item  cf-tr\">\n<div class=\"text testimonial_rotator_description\">\n<div class=\"testimonial_rotator_quote\">\nEste projeto esta\u0301 relacionado ao compromisso mundial da J&J de contribuir com a sau\u0301de pu\u0301blica e combater a mortalidade infantil e se soma ao o Programa Johnson & Johnson de Apoio a\u0300 Humanizac\u0327a\u0303o da Sau\u0301de<\/div>\n<hr class=\"longform_hr\"><div class=\"testimonial_rotator_author_info cf-tr\">\n<p align=\"left\">Juliana Dal Pino, Gerente de Assuntos Governamentais e Pol\u00edticas P\u00fablicas da J&amp;J<\/p>\n<\/div>\n<\/div>\n<div class=\"testimonial_rotator_microdata\">\n\t<div class=\"dtreviewed\"> 2018-10-12T00:43:06-03:00<\/div>\t<div class=\"reviewer\"> \t<div class=\"fn\"> <p align=\"left\">Juliana Dal Pino, Gerente de Assuntos Governamentais e Pol\u00edticas P\u00fablicas da J&amp;J<\/p>\n<\/div>\t<\/div>Este projeto esta\u0301 relacionado ao compromisso mundial da J&J de contribuir com a sau\u0301de pu\u0301blica e combater a mortalidade infantil e se soma ao o Programa Johnson & Johnson de Apoio a\u0300 Humanizac\u0327a\u0303o da Sau\u0301de\t<div class=\"summary\"> <\/div>\t<div class=\"permalink\"> http:\/\/ipads.org.br\/zikalab\/testimonials\/juliana-dal-pino-gerente-de-assuntos-governamentais-e-politicas-publicas-da-jj\/<\/div><\/div> <!-- .testimonial_rotator_microdata -->\n<\/div>\n<\/div><!-- #testimonial_rotator_31 -->\n<div class=\"testimonial_rotator_nav\">\t<div class=\"testimonial_rotator_prev\"><i class=\"fa fa-chevron-left\"><\/i><\/div>\t<div class=\"testimonial_rotator_next\"><i class=\"fa fa-chevron-right\"><\/i><\/div><\/div>\n<\/div><!-- .testimonial_rotator_wrap -->\n\n<\/div>\n<p><a class=\"botao_saiba\" href=\"http:\/\/ipads.org.br\/zikalab\/comite-gestor\/\">Conhe\u00e7a o Comit\u00ea Gestor do projeto<\/a><\/p>\n<h2>Como atuamos<\/h2>\n<p>O foco da nossa atua\u00e7\u00e3o com o projeto \u00e9 qualificar o atendimento cli\u0301nico-assistencial no enfrentamento ao vi\u0301rus Zika. Al\u00e9m da capacita\u00e7\u00e3o o projeto tamb\u00e9m compreendeu:<\/p>\n<ul class=\"sobre_zika\">\n<li>o est\u00edmulo e ativa\u00e7\u00e3o de redes intersetoriais,<\/li>\n<li>parcerias entre a rede de sa\u00fade e universidades,<\/li>\n<li>o apoio \u00e0 an\u00e1lise de dados epidemiol\u00f3gicos locais,<\/li>\n<li>a produ\u00e7\u00e3o de conhecimento,<\/li>\n<li>a ativa\u00e7\u00e3o de espa\u00e7os de educa\u00e7\u00e3o permanente sobre as arboviroses.<\/li>\n<\/ul>\n<div style=\"padding: 20px; background: #eee; margin: 40px 0;\">\n<h2 style=\"text-align: center;\">N\u00fameros do Zikalab<\/h2>\n<div>\n<div class=\"numeros\"><span class=\"numeros_maior\">75<\/span><br \/>\n<span class=\"numeros_menos\">Docentes<\/span><\/div>\n<div class=\"numeros\"><span class=\"numeros_maior\">1.417<\/span><br \/>\n<span class=\"numeros_menos\">Multiplicadores capacitados<\/span><\/div>\n<div class=\"numeros\"><span class=\"numeros_maior\">10.547<\/span><br \/>\n<span class=\"numeros_menos\">Capacitados na multiplica\u00e7\u00e3o<\/span><\/div>\n<div class=\"numeros\"><span class=\"numeros_maior\">11.964<\/span><br \/>\n<span class=\"numeros_menos\">No total<\/span><\/div>\n<\/div>\n<\/div>\n","protected":false},"excerpt":{"rendered":"<p>LABORATO\u0301RIO DE FORMAC\u0327A\u0303O DO TRABALHADOR DE SAU\u0301DE NO CONTEXTO DO VI\u0301RUS ZIKA O ZikaLab nasceu para atender uma demanda urgente de informac\u0327a\u0303o e capacitac\u0327a\u0303o dos profissionais de sau\u0301de que esta\u0303o atuando na linha de frente da emerge\u0302ncia em sau\u0301de causada pelo vi\u0301rus Zika. O foco do projeto e\u0301 cuidar de quem mais precisa \u2013 a &hellip; <a href=\"http:\/\/ipads.org.br\/zikalab\/testimonials\/juliana-dal-pino-gerente-de-assuntos-governamentais-e-politicas-publicas-da-jj\/\" class=\"more-link\">Continue lendo<span class=\"screen-reader-text\"> &#8220;Juliana Dal Pino, Gerente de Assuntos Governamentais e Pol\u00edticas P\u00fablicas da J&#038;J&#8221;<\/span><\/a><\/p>\n","protected":false},"author":1,"featured_media":0,"parent":0,"menu_order":0,"comment_status":"closed","ping_status":"closed","template":"","meta":[],"_links":{"self":[{"href":"http:\/\/ipads.org.br\/zikalab\/wp-json\/wp\/v2\/pages\/29"}],"collection":[{"href":"http:\/\/ipads.org.br\/zikalab\/wp-json\/wp\/v2\/pages"}],"about":[{"href":"http:\/\/ipads.org.br\/zikalab\/wp-json\/wp\/v2\/types\/page"}],"author":[{"embeddable":true,"href":"http:\/\/ipads.org.br\/zikalab\/wp-json\/wp\/v2\/users\/1"}],"replies":[{"embeddable":true,"href":"http:\/\/ipads.org.br\/zikalab\/wp-json\/wp\/v2\/comments?post=29"}],"version-history":[{"count":24,"href":"http:\/\/ipads.org.br\/zikalab\/wp-json\/wp\/v2\/pages\/29\/revisions"}],"predecessor-version":[{"id":2026,"href":"http:\/\/ipads.org.br\/zikalab\/wp-json\/wp\/v2\/pages\/29\/revisions\/2026"}],"wp:attachment":[{"href":"http:\/\/ipads.org.br\/zikalab\/wp-json\/wp\/v2\/media?parent=29"}],"curies":[{"name":"wp","href":"https:\/\/api.w.org\/{rel}","templated":true}]}}