{"id":41,"date":"2018-10-12T01:09:23","date_gmt":"2018-10-12T04:09:23","guid":{"rendered":"http:\/\/www.uncle.com.br\/zikalab\/site\/?page_id=41"},"modified":"2018-10-12T01:09:23","modified_gmt":"2018-10-12T04:09:23","slug":"comite-gestor","status":"publish","type":"page","link":"http:\/\/ipads.org.br\/zikalab\/comite-gestor\/","title":{"rendered":"Comit\u00ea Gestor"},"content":{"rendered":"<p>Fruto de uma parceria entre Johnson &#038; Johnson, CONASEMS (Conselho Nacional de Secreta\u0301rios Municipais de Sau\u0301de) e IPADS (Instituto de Pesquisa e Apoio ao Desenvolvimento Social), o projeto atua na qualifica\u00e7\u00e3o da rede de profissionais de sau\u0301de para enfrentamento ao v\u00edrus Zika e atendimento \u00e0s fam\u00edlias afetadas.<\/p>\n<p><img decoding=\"async\" loading=\"lazy\" src=\"http:\/\/www.uncle.com.br\/zikalab\/site\/wp-content\/uploads\/2018\/10\/logos_comite.jpg\" alt=\"Logotipo das empresas CONASEMS, JohsonJohson e IPads\" width=\"924\" height=\"221\" class=\"aligncenter size-full wp-image-42\" srcset=\"http:\/\/ipads.org.br\/zikalab\/wp-content\/uploads\/2018\/10\/logos_comite.jpg 924w, http:\/\/ipads.org.br\/zikalab\/wp-content\/uploads\/2018\/10\/logos_comite-300x72.jpg 300w, http:\/\/ipads.org.br\/zikalab\/wp-content\/uploads\/2018\/10\/logos_comite-768x184.jpg 768w\" sizes=\"(max-width: 709px) 85vw, (max-width: 909px) 67vw, (max-width: 1362px) 62vw, 840px\" \/><\/p>\n","protected":false},"excerpt":{"rendered":"<p>Fruto de uma parceria entre Johnson &#038; Johnson, CONASEMS (Conselho Nacional de Secreta\u0301rios Municipais de Sau\u0301de) e IPADS (Instituto de Pesquisa e Apoio ao Desenvolvimento Social), o projeto atua na qualifica\u00e7\u00e3o da rede de profissionais de sau\u0301de para enfrentamento ao v\u00edrus Zika e atendimento \u00e0s fam\u00edlias afetadas.<\/p>\n","protected":false},"author":1,"featured_media":0,"parent":0,"menu_order":0,"comment_status":"closed","ping_status":"closed","template":"","meta":[],"_links":{"self":[{"href":"http:\/\/ipads.org.br\/zikalab\/wp-json\/wp\/v2\/pages\/41"}],"collection":[{"href":"http:\/\/ipads.org.br\/zikalab\/wp-json\/wp\/v2\/pages"}],"about":[{"href":"http:\/\/ipads.org.br\/zikalab\/wp-json\/wp\/v2\/types\/page"}],"author":[{"embeddable":true,"href":"http:\/\/ipads.org.br\/zikalab\/wp-json\/wp\/v2\/users\/1"}],"replies":[{"embeddable":true,"href":"http:\/\/ipads.org.br\/zikalab\/wp-json\/wp\/v2\/comments?post=41"}],"version-history":[{"count":1,"href":"http:\/\/ipads.org.br\/zikalab\/wp-json\/wp\/v2\/pages\/41\/revisions"}],"predecessor-version":[{"id":43,"href":"http:\/\/ipads.org.br\/zikalab\/wp-json\/wp\/v2\/pages\/41\/revisions\/43"}],"wp:attachment":[{"href":"http:\/\/ipads.org.br\/zikalab\/wp-json\/wp\/v2\/media?parent=41"}],"curies":[{"name":"wp","href":"https:\/\/api.w.org\/{rel}","templated":true}]}}