{"id":44,"date":"2018-10-12T01:13:15","date_gmt":"2018-10-12T04:13:15","guid":{"rendered":"http:\/\/www.uncle.com.br\/zikalab\/site\/?page_id=44"},"modified":"2018-10-16T19:20:38","modified_gmt":"2018-10-16T22:20:38","slug":"sobre-o-virus-zika","status":"publish","type":"page","link":"http:\/\/ipads.org.br\/zikalab\/sobre-o-virus-zika\/","title":{"rendered":"Sobre o V\u00edrus Zika"},"content":{"rendered":"<p>O V\u00edrus Zika \u00e9 um v\u00edrus transmitido pelos mosquitos Aedes aegypti (mesmo transmissor da dengue e da febre chikungunya) e o Aedes albopictus. No ano de 2015 o Brasil come\u00e7ou a notificar os primeiros casos de V\u00edrus Zika nos estados do Rio Grande do Norte e Bahia. Este foi o inicio do que iria se tornar um grande surto, no pa\u00eds, de crian\u00e7as com microcefalia em decorr\u00eancia do v\u00edrus, contra\u00eddo por suas m\u00e3es ainda na gesta\u00e7\u00e3o.<\/p>\n<p>As pessoas que contraem a doen\u00e7a causadas pelo v\u00edrus raramente apresentam complica\u00e7\u00f5es, por\u00e9m, estudos indicam que o v\u00edrus pode causar microcefalia cong\u00eanita, quando adquirido por gestantes.<\/p>\n<p>A primeira apari\u00e7\u00e3o do v\u00edrus Zika no mundo foi registrada em 1947, em macacos da Floresta Zika, na Rep\u00fablica de Uganda. Relatos de infec\u00e7\u00e3o em seres humanos s\u00f3 ocorreram em meados de 1954, na Nig\u00e9ria. Atualmente, sua presen\u00e7a j\u00e1 est\u00e1 documentada em cerca de 70 pa\u00edses.<\/p>\n","protected":false},"excerpt":{"rendered":"<p>O V\u00edrus Zika \u00e9 um v\u00edrus transmitido pelos mosquitos Aedes aegypti (mesmo transmissor da dengue e da febre chikungunya) e o Aedes albopictus. No ano de 2015 o Brasil come\u00e7ou a notificar os primeiros casos de V\u00edrus Zika nos estados do Rio Grande do Norte e Bahia. Este foi o inicio do que iria se &hellip; <a href=\"http:\/\/ipads.org.br\/zikalab\/sobre-o-virus-zika\/\" class=\"more-link\">Continue lendo<span class=\"screen-reader-text\"> &#8220;Sobre o V\u00edrus Zika&#8221;<\/span><\/a><\/p>\n","protected":false},"author":1,"featured_media":0,"parent":0,"menu_order":0,"comment_status":"closed","ping_status":"closed","template":"","meta":[],"_links":{"self":[{"href":"http:\/\/ipads.org.br\/zikalab\/wp-json\/wp\/v2\/pages\/44"}],"collection":[{"href":"http:\/\/ipads.org.br\/zikalab\/wp-json\/wp\/v2\/pages"}],"about":[{"href":"http:\/\/ipads.org.br\/zikalab\/wp-json\/wp\/v2\/types\/page"}],"author":[{"embeddable":true,"href":"http:\/\/ipads.org.br\/zikalab\/wp-json\/wp\/v2\/users\/1"}],"replies":[{"embeddable":true,"href":"http:\/\/ipads.org.br\/zikalab\/wp-json\/wp\/v2\/comments?post=44"}],"version-history":[{"count":5,"href":"http:\/\/ipads.org.br\/zikalab\/wp-json\/wp\/v2\/pages\/44\/revisions"}],"predecessor-version":[{"id":96,"href":"http:\/\/ipads.org.br\/zikalab\/wp-json\/wp\/v2\/pages\/44\/revisions\/96"}],"wp:attachment":[{"href":"http:\/\/ipads.org.br\/zikalab\/wp-json\/wp\/v2\/media?parent=44"}],"curies":[{"name":"wp","href":"https:\/\/api.w.org\/{rel}","templated":true}]}}