{"id":5,"date":"2018-10-02T22:24:40","date_gmt":"2018-10-03T01:24:40","guid":{"rendered":"http:\/\/www.uncle.com.br\/zikalab\/site\/?page_id=5"},"modified":"2018-10-12T16:39:48","modified_gmt":"2018-10-12T19:39:48","slug":"contato","status":"publish","type":"page","link":"http:\/\/ipads.org.br\/zikalab\/contato\/","title":{"rendered":"Contato"},"content":{"rendered":"<h2>Fale conosco<\/h2>\n<p align=\"left\">Tem alguma sugest\u00e3o? Procurou alguma informa\u00e7\u00e3o e n\u00e3o encontrou? Deseja contribuir com o projeto?<\/p>\n<p align=\"left\">Basta preencher este formul\u00e1rio e aguardar o nosso contato. Agradecemos o seu interesse!<\/p>\n<p align=\"left\">\n<div class=\"wpcf7 no-js\" id=\"wpcf7-f14-o1\" lang=\"pt-BR\" dir=\"ltr\">\n<div class=\"screen-reader-response\"><p role=\"status\" aria-live=\"polite\" aria-atomic=\"true\"><\/p> <ul><\/ul><\/div>\n<form action=\"\/zikalab\/wp-json\/wp\/v2\/pages\/5#wpcf7-f14-o1\" method=\"post\" class=\"wpcf7-form init\" aria-label=\"Formul\u00e1rios de contato\" novalidate=\"novalidate\" data-status=\"init\">\n<div style=\"display: none;\">\n<input type=\"hidden\" name=\"_wpcf7\" value=\"14\" \/>\n<input type=\"hidden\" name=\"_wpcf7_version\" value=\"5.7.7\" \/>\n<input type=\"hidden\" name=\"_wpcf7_locale\" value=\"pt_BR\" \/>\n<input type=\"hidden\" name=\"_wpcf7_unit_tag\" value=\"wpcf7-f14-o1\" \/>\n<input type=\"hidden\" name=\"_wpcf7_container_post\" value=\"0\" \/>\n<input type=\"hidden\" name=\"_wpcf7_posted_data_hash\" value=\"\" \/>\n<\/div>\n<p><label for=\"your-name\"> Seu nome (obrigat\u00f3rio)<\/label><br \/>\n<span class=\"wpcf7-form-control-wrap\" data-name=\"your-name\"><input size=\"40\" class=\"wpcf7-form-control wpcf7-text wpcf7-validates-as-required\" aria-required=\"true\" aria-invalid=\"false\" value=\"\" type=\"text\" name=\"your-name\" \/><\/span>\n<\/p>\n<p><label  for=\"your-email\"> Seu e-mail (obrigat\u00f3rio)<\/label><br \/>\n<span class=\"wpcf7-form-control-wrap\" data-name=\"your-email\"><input size=\"40\" class=\"wpcf7-form-control wpcf7-text wpcf7-email wpcf7-validates-as-required wpcf7-validates-as-email\" aria-required=\"true\" aria-invalid=\"false\" value=\"\" type=\"email\" name=\"your-email\" \/><\/span>\n<\/p>\n<p><label for=\"tel-342\"> Telefone<\/label><br \/>\n<span class=\"wpcf7-form-control-wrap\" data-name=\"tel-342\"><input size=\"40\" class=\"wpcf7-form-control wpcf7-text wpcf7-tel wpcf7-validates-as-tel\" aria-invalid=\"false\" value=\"\" type=\"tel\" name=\"tel-342\" \/><\/span>\n<\/p>\n<p><label for=\"your-subject\"> Assunto<\/label><br \/>\n<span class=\"wpcf7-form-control-wrap\" data-name=\"your-subject\"><input size=\"40\" class=\"wpcf7-form-control wpcf7-text\" aria-invalid=\"false\" value=\"\" type=\"text\" name=\"your-subject\" \/><\/span>\n<\/p>\n<p><label for=\"your-message\"> Sua mensagem<\/label><br \/>\n<span class=\"wpcf7-form-control-wrap\" data-name=\"your-message\"><textarea cols=\"40\" rows=\"10\" class=\"wpcf7-form-control wpcf7-textarea\" aria-invalid=\"false\" name=\"your-message\"><\/textarea><\/span>\n<\/p>\n<p><input class=\"wpcf7-form-control has-spinner wpcf7-submit\" type=\"submit\" value=\"Enviar\" \/>\n<\/p><div class=\"wpcf7-response-output\" aria-hidden=\"true\"><\/div>\n<\/form>\n<\/div>\n<\/p>\n","protected":false},"excerpt":{"rendered":"<p>Fale conosco Tem alguma sugest\u00e3o? Procurou alguma informa\u00e7\u00e3o e n\u00e3o encontrou? Deseja contribuir com o projeto? Basta preencher este formul\u00e1rio e aguardar o nosso contato. Agradecemos o seu interesse!<\/p>\n","protected":false},"author":1,"featured_media":0,"parent":0,"menu_order":0,"comment_status":"closed","ping_status":"closed","template":"","meta":[],"_links":{"self":[{"href":"http:\/\/ipads.org.br\/zikalab\/wp-json\/wp\/v2\/pages\/5"}],"collection":[{"href":"http:\/\/ipads.org.br\/zikalab\/wp-json\/wp\/v2\/pages"}],"about":[{"href":"http:\/\/ipads.org.br\/zikalab\/wp-json\/wp\/v2\/types\/page"}],"author":[{"embeddable":true,"href":"http:\/\/ipads.org.br\/zikalab\/wp-json\/wp\/v2\/users\/1"}],"replies":[{"embeddable":true,"href":"http:\/\/ipads.org.br\/zikalab\/wp-json\/wp\/v2\/comments?post=5"}],"version-history":[{"count":4,"href":"http:\/\/ipads.org.br\/zikalab\/wp-json\/wp\/v2\/pages\/5\/revisions"}],"predecessor-version":[{"id":85,"href":"http:\/\/ipads.org.br\/zikalab\/wp-json\/wp\/v2\/pages\/5\/revisions\/85"}],"wp:attachment":[{"href":"http:\/\/ipads.org.br\/zikalab\/wp-json\/wp\/v2\/media?parent=5"}],"curies":[{"name":"wp","href":"https:\/\/api.w.org\/{rel}","templated":true}]}}