{"id":58,"date":"2018-10-12T14:37:17","date_gmt":"2018-10-12T17:37:17","guid":{"rendered":"http:\/\/www.uncle.com.br\/zikalab\/site\/?page_id=58"},"modified":"2018-12-03T16:06:55","modified_gmt":"2018-12-03T18:06:55","slug":"para-conectar","status":"publish","type":"page","link":"http:\/\/ipads.org.br\/zikalab\/para-conectar\/","title":{"rendered":"Para conectar"},"content":{"rendered":"<p>Compartilhe e visualize experi\u00eancias de pessoas que participaram do Zikalab.<br \/>\nEsse banco foi criado com o objetivo de sensibilizar e conscientizar a sociedade sobre o tema.<\/p>\n<p>Queremos, a partir desses relatos, potencializar os efeitos do projeto, ouvir e aproximar as pessoas, fomentar a produ\u00e7\u00e3o de conhecimento e manter a rede ativa.<br \/>\nVamos transformar juntos?<\/p>\n<p><a class=\"botao_saiba\" href=\"http:\/\/ipads.org.br\/zikalab\/cadastro-depoimento\/\">Compartilhe o seu depoimento<\/a><\/p>\n<h2 class=\"titulo_conectar\">Conhe\u00e7a algumas hist\u00f3rias<\/h2>\n<ul class=\"display-posts-listing\"><li class=\"listing-item\"><a class=\"title\" href=\"http:\/\/ipads.org.br\/zikalab\/historias\/historia-da-rosa\/\">Hist\u00f3ria da Rosa<\/a> <span class=\"excerpt-dash\">-<\/span> <span class=\"excerpt\">Rosa Martha Ventura Nunes, Secreta\u0301ria de Sau\u0301de de Livramento-PB<\/span><\/li><li class=\"listing-item\"><a class=\"title\" href=\"http:\/\/ipads.org.br\/zikalab\/historias\/historia-da-amanda\/\">Hist\u00f3ria da Amanda<\/a> <span class=\"excerpt-dash\">-<\/span> <span class=\"excerpt\">Amanda Louise, ma\u0303e da Li\u0301via Antonia<\/span><\/li><li class=\"listing-item\"><a class=\"title\" href=\"http:\/\/ipads.org.br\/zikalab\/historias\/historia-do-miguel\/\">Hist\u00f3ria do Miguel<\/a> <span class=\"excerpt-dash\">-<\/span> <span class=\"excerpt\">Miguel Rodrigues Albuquerque Dantas, Gerente de atenc\u0327a\u0303o ba\u0301sica da Secretaria Municipal, de Sau\u0301de de Campina Grande-PB e docente do curso<\/span><\/li><li class=\"listing-item\"><a class=\"title\" href=\"http:\/\/ipads.org.br\/zikalab\/historias\/historia-da-tania\/\">Hist\u00f3ria da T\u00e2nia<\/a> <span class=\"excerpt-dash\">-<\/span> <span class=\"excerpt\">Ta\u0302nia Maria do Espi\u0301rito Santo, Profissional de sau\u0301de do NASF de Cuiaba\u0301, discente do Zikalab<\/span><\/li><li class=\"listing-item\"><a class=\"title\" href=\"http:\/\/ipads.org.br\/zikalab\/historias\/historia-da-delaine\/\">Hist\u00f3ria da Delaine<\/a> <span class=\"excerpt-dash\">-<\/span> <span class=\"excerpt\">Delaine La Gatta Carminati, Me\u0301dica especialista em Sau\u0301de da Fami\u0301lia e Docente ZikaLab<\/span><\/li><li class=\"listing-item\"><a class=\"title\" href=\"http:\/\/ipads.org.br\/zikalab\/historias\/mayana\/\">Hist\u00f3ria da Mayana<\/a> <span class=\"excerpt-dash\">-<\/span> <span class=\"excerpt\">O Projeto Zikalab, atrav\u00e9s da capacita\u00e7\u00e3o de profissionais da \u00e1rea de sa\u00fade, constitui-se em um projeto de extrema import\u00e2ncia na aten\u00e7\u00e3o, cuidado e assist\u00eancia relacionado ao contexto do zika v\u00edrus. Ministrar as aulas do m\u00f3dulo V foi uma experi\u00eancia produtiva e muito enriquecedora, que contribuiu significamente com nosso crescimento pessoal e profissional. Al\u00e9m de promover &hellip; <a href=\"http:\/\/ipads.org.br\/zikalab\/historias\/mayana\/\" class=\"more-link\">Continue lendo<span class=\"screen-reader-text\"> \"Hist\u00f3ria da Mayana\"<\/span><\/a><\/span><\/li><li class=\"listing-item\"><a class=\"title\" href=\"http:\/\/ipads.org.br\/zikalab\/historias\/geruza-alfaia\/\">Hist\u00f3ria da Geruza Alfaia<\/a> <span class=\"excerpt-dash\">-<\/span> <span class=\"excerpt\">Sou fisioterapeuta e \u00e9 Muito bom E prazeroso trabalhar com o kit multissensorial que eu confeccionei e estou repassando para as m\u00e3es as informa\u00e7\u00f5es do fodem etc<\/span><\/li><li class=\"listing-item\"><a class=\"title\" href=\"http:\/\/ipads.org.br\/zikalab\/historias\/maria-andreia-bezerra-marques\/\">Hist\u00f3ria da Maria Andr\u00e9ia<\/a> <span class=\"excerpt-dash\">-<\/span> <span class=\"excerpt\">S\u00f3 tenho que parabenizar aos idealizadores, organizadores do projeto e agradecer por minha participa\u00e7\u00e3o. Muito enriquecedor e de grande satisfa\u00e7\u00e3o. &#x1f603; Tenho certeza que fez, est\u00e1 fazendo e far\u00e1 diferen\u00e7as no estilo de vida e na qualidade da Sa\u00fade de in\u00fameras fam\u00edlias e crian\u00e7as.<\/span><\/li><li class=\"listing-item\"><a class=\"title\" href=\"http:\/\/ipads.org.br\/zikalab\/historias\/mauricia\/\">Hist\u00f3ria da Maur\u00edcia<\/a> <span class=\"excerpt-dash\">-<\/span> <span class=\"excerpt\">Participar do ZIKALAB me possibilitou aprofundar conhecimentos sobre a S\u00edndrome Cong\u00eanita pelo zikavirus, compreendendo as implica\u00e7\u00f5es da doen\u00e7a na qualidade de vida dessas crian\u00e7as. Possibilitou o desenvolvimento de um novo olhar voltado a essas familias, o que culminou num processo de reestrutura\u00e7\u00e3o de toda a rede assistencial intersetorial no munic\u00edpio. Nasce com o ZIKALAB uma &hellip; <a href=\"http:\/\/ipads.org.br\/zikalab\/historias\/mauricia\/\" class=\"more-link\">Continue lendo<span class=\"screen-reader-text\"> \"Hist\u00f3ria da Maur\u00edcia\"<\/span><\/a><\/span><\/li><li class=\"listing-item\"><a class=\"title\" href=\"http:\/\/ipads.org.br\/zikalab\/historias\/historia-do-gentil\/\">Hist\u00f3ria do Gentil<\/a> <span class=\"excerpt-dash\">-<\/span> <span class=\"excerpt\">Fui docente do Estado do Rio Grande do Norte e foi \u00f3timo participar deste momento onde podemos trocar experi\u00eancias entre os outros estados e entre os profissionais da aten\u00e7\u00e3o prim\u00e1ria do meu Estado. Parab\u00e9ns a todos os envolvidos.<\/span><\/li><\/ul>\n","protected":false},"excerpt":{"rendered":"<p>Compartilhe e visualize experi\u00eancias de pessoas que participaram do Zikalab. Esse banco foi criado com o objetivo de sensibilizar e conscientizar a sociedade sobre o tema. Queremos, a partir desses relatos, potencializar os efeitos do projeto, ouvir e aproximar as pessoas, fomentar a produ\u00e7\u00e3o de conhecimento e manter a rede ativa. Vamos transformar juntos? Compartilhe &hellip; <a href=\"http:\/\/ipads.org.br\/zikalab\/historias\/historia-do-gentil\/\" class=\"more-link\">Continue lendo<span class=\"screen-reader-text\"> &#8220;Hist\u00f3ria do Gentil&#8221;<\/span><\/a><\/p>\n","protected":false},"author":1,"featured_media":98,"parent":0,"menu_order":0,"comment_status":"closed","ping_status":"closed","template":"conectar-template.php","meta":[],"_links":{"self":[{"href":"http:\/\/ipads.org.br\/zikalab\/wp-json\/wp\/v2\/pages\/58"}],"collection":[{"href":"http:\/\/ipads.org.br\/zikalab\/wp-json\/wp\/v2\/pages"}],"about":[{"href":"http:\/\/ipads.org.br\/zikalab\/wp-json\/wp\/v2\/types\/page"}],"author":[{"embeddable":true,"href":"http:\/\/ipads.org.br\/zikalab\/wp-json\/wp\/v2\/users\/1"}],"replies":[{"embeddable":true,"href":"http:\/\/ipads.org.br\/zikalab\/wp-json\/wp\/v2\/comments?post=58"}],"version-history":[{"count":20,"href":"http:\/\/ipads.org.br\/zikalab\/wp-json\/wp\/v2\/pages\/58\/revisions"}],"predecessor-version":[{"id":279,"href":"http:\/\/ipads.org.br\/zikalab\/wp-json\/wp\/v2\/pages\/58\/revisions\/279"}],"wp:featuredmedia":[{"embeddable":true,"href":"http:\/\/ipads.org.br\/zikalab\/wp-json\/wp\/v2\/media\/98"}],"wp:attachment":[{"href":"http:\/\/ipads.org.br\/zikalab\/wp-json\/wp\/v2\/media?parent=58"}],"curies":[{"name":"wp","href":"https:\/\/api.w.org\/{rel}","templated":true}]}}