{"id":69,"date":"2018-10-12T16:09:30","date_gmt":"2018-10-12T19:09:30","guid":{"rendered":"http:\/\/www.uncle.com.br\/zikalab\/site\/?page_id=69"},"modified":"2019-05-21T11:56:14","modified_gmt":"2019-05-21T14:56:14","slug":"para-ver","status":"publish","type":"page","link":"http:\/\/ipads.org.br\/zikalab\/para-ver\/","title":{"rendered":"Para ver"},"content":{"rendered":"<h2>Disseminac\u0327a\u0303o de Informac\u0327a\u0303o<\/h2>\n<p>O programa Zika de A a Z busca tirar as d\u00favidas mais frequentes da popula\u00e7\u00e3o em geral sobre a infec\u00e7\u00e3o pelo v\u00edrus Zika e desmistificar o tema.<\/p>\n<p>Ale\u0301m de compartilhar informac\u0327o\u0303es, os profissionais do projetos produziram conhecimento e esclareceram du\u0301vidas ao longo da execuc\u0327a\u0303o do ZikaLab, por meio de vi\u0301deos e entrevistas para vei\u0301culos de comunicac\u0327a\u0303o.<\/p>\n<p>Neste espa\u00e7o tamb\u00e9m compartilhamos v\u00eddeos de parceiros do Zikalab com orienta\u00e7\u00f5es, dicas e mais informa\u00e7\u00f5es para interessados no tema.<\/p>\n<h1 class=\"title style-scope ytd-video-primary-info-renderer\">Fase 2 &#8211; Espalhando Conhecimento<\/h1>\n<ul class=\"display-posts-listing\"><li class=\"listing-item\"><a class=\"title\" href=\"http:\/\/ipads.org.br\/zikalab\/conhecimento\/2019\/\"><\/a><div class=\"content\"><p><iframe loading=\"lazy\" width=\"840\" height=\"473\" src=\"https:\/\/www.youtube.com\/embed\/9XY8UqUAvUw?feature=oembed\" frameborder=\"0\" allow=\"accelerometer; autoplay; encrypted-media; gyroscope; picture-in-picture\" allowfullscreen><\/iframe><\/p>\n<\/div><\/li><\/ul>\n<h2>V\u00eddeos de Zika de A a Z<\/h2>\n<ul class=\"display-posts-listing\"><li class=\"listing-item\"><a class=\"title\" href=\"http:\/\/ipads.org.br\/zikalab\/videos-a-a-z\/o-zika-pode-ser-transmitido-sexualmente\/\">O Zika pode ser transmitido sexualmente?<\/a><div class=\"content\"><p><iframe loading=\"lazy\" width=\"560\" height=\"315\" src=\"https:\/\/www.youtube.com\/embed\/p9N0Cqsb3N8\" frameborder=\"0\" allow=\"autoplay; encrypted-media\" allowfullscreen><\/iframe><\/p>\n<\/div><\/li><li class=\"listing-item\"><a class=\"title\" href=\"http:\/\/ipads.org.br\/zikalab\/videos-a-a-z\/estou-gravida-o-que-fazer-para-me-prevenir\/\">Estou gr\u00e1vida. O que fazer para me prevenir?<\/a><div class=\"content\"><p><iframe loading=\"lazy\" width=\"560\" height=\"315\" src=\"https:\/\/www.youtube.com\/embed\/7yZ6hll8ofM\" frameborder=\"0\" allow=\"autoplay; encrypted-media\" allowfullscreen><\/iframe><\/p>\n<\/div><\/li><li class=\"listing-item\"><a class=\"title\" href=\"http:\/\/ipads.org.br\/zikalab\/videos-a-a-z\/existe-alguma-vacina-contra-o-zika\/\">Existe alguma vacina contra o Zika?<\/a><div class=\"content\"><p><iframe loading=\"lazy\" width=\"560\" height=\"315\" src=\"https:\/\/www.youtube.com\/embed\/2-fNICARpOw\" frameborder=\"0\" allow=\"autoplay; encrypted-media\" allowfullscreen><\/iframe><\/p>\n<\/div><\/li><li class=\"listing-item\"><a class=\"title\" href=\"http:\/\/ipads.org.br\/zikalab\/videos-a-a-z\/quais-sao-os-sintomas-do-zika\/\">Quais s\u00e3o os sintomas do Zika?<\/a><div class=\"content\"><p><iframe loading=\"lazy\" width=\"560\" height=\"315\" src=\"https:\/\/www.youtube.com\/embed\/Q3HEHfJj7t4\" frameborder=\"0\" allow=\"autoplay; encrypted-media\" allowfullscreen><\/iframe><\/p>\n<\/div><\/li><li class=\"listing-item\"><a class=\"title\" href=\"http:\/\/ipads.org.br\/zikalab\/videos-a-a-z\/quais-exames-devo-fazer-para-ter-certeza-de-que-estou-com-zika\/\">Quais exames devo fazer para ter certeza de que estou com Zika?<\/a><div class=\"content\"><p><iframe loading=\"lazy\" width=\"560\" height=\"315\" src=\"https:\/\/www.youtube.com\/embed\/nGtJlCLzkUo\" frameborder=\"0\" allow=\"autoplay; encrypted-media\" allowfullscreen><\/iframe><\/p>\n<\/div><\/li><li class=\"listing-item\"><a class=\"title\" href=\"http:\/\/ipads.org.br\/zikalab\/videos-a-a-z\/em-qual-fase-da-gravidez-o-virus-pode-nao-infectar-o-meu-filho\/\">Em qual fase da gravidez o v\u00edrus pode n\u00e3o infectar o meu filho?<\/a><div class=\"content\"><p><iframe loading=\"lazy\" width=\"560\" height=\"315\" src=\"https:\/\/www.youtube.com\/embed\/kS2C-sVslEg\" frameborder=\"0\" allow=\"autoplay; encrypted-media\" allowfullscreen><\/iframe><\/p>\n<\/div><\/li><li class=\"listing-item\"><a class=\"title\" href=\"http:\/\/ipads.org.br\/zikalab\/videos-a-a-z\/o-que-o-zika-pode-causar-no-recem-nascido\/\">O que o Zika pode causar no rec\u00e9m nascido?<\/a><div class=\"content\"><p><iframe loading=\"lazy\" width=\"560\" height=\"315\" src=\"https:\/\/www.youtube.com\/embed\/qGsx68plxqM\" frameborder=\"0\" allow=\"autoplay; encrypted-media\" allowfullscreen><\/iframe><\/p>\n<\/div><\/li><li class=\"listing-item\"><a class=\"title\" href=\"http:\/\/ipads.org.br\/zikalab\/videos-a-a-z\/e-para-quem-nao-esta-gravida-quais-problemas-o-zika-pode-causar\/\">E para quem n\u00e3o est\u00e1 gr\u00e1vida, quais problemas o Zika pode causar?<\/a><div class=\"content\"><p><iframe loading=\"lazy\" width=\"560\" height=\"315\" src=\"https:\/\/www.youtube.com\/embed\/Igeuj0ps1sI\" frameborder=\"0\" allow=\"autoplay; encrypted-media\" allowfullscreen><\/iframe><\/p>\n<\/div><\/li><li class=\"listing-item\"><a class=\"title\" href=\"http:\/\/ipads.org.br\/zikalab\/videos-a-a-z\/zika-de-a-a-z-estimulacao-das-criancas-com-zika\/\">Zika de A a Z | Estimula\u00e7\u00e3o das crian\u00e7as com Zika<\/a><div class=\"content\"><p><iframe loading=\"lazy\" width=\"840\" height=\"473\" src=\"https:\/\/www.youtube.com\/embed\/dCm1behy78c?feature=oembed\" frameborder=\"0\" allow=\"accelerometer; autoplay; encrypted-media; gyroscope; picture-in-picture\" allowfullscreen><\/iframe><\/p>\n<\/div><\/li><li class=\"listing-item\"><a class=\"title\" href=\"http:\/\/ipads.org.br\/zikalab\/videos-a-a-z\/zika-de-a-a-z-muito-alem-da-microcefalia\/\">Zika de A a Z | Muito al\u00e9m da Microcefalia<\/a><div class=\"content\"><p><iframe loading=\"lazy\" width=\"840\" height=\"473\" src=\"https:\/\/www.youtube.com\/embed\/zqbnf95730g?feature=oembed\" frameborder=\"0\" allow=\"accelerometer; autoplay; encrypted-media; gyroscope; picture-in-picture\" allowfullscreen><\/iframe><\/p>\n<\/div><\/li><li class=\"listing-item\"><a class=\"title\" href=\"http:\/\/ipads.org.br\/zikalab\/videos-a-a-z\/zika-de-a-a-z-existe-vacina-contra-o-zika\/\">Zika de A a Z | Existe vacina contra o Zika?<\/a><div class=\"content\"><p><iframe loading=\"lazy\" width=\"840\" height=\"473\" src=\"https:\/\/www.youtube.com\/embed\/dKIVDVspxIE?feature=oembed\" frameborder=\"0\" allow=\"accelerometer; autoplay; encrypted-media; gyroscope; picture-in-picture\" allowfullscreen><\/iframe><\/p>\n<\/div><\/li><li class=\"listing-item\"><a class=\"title\" href=\"http:\/\/ipads.org.br\/zikalab\/videos-a-a-z\/zika-de-a-a-z-a-importancia-da-familia\/\">Zika de A \u00e0 Z | A import\u00e2ncia da Fam\u00edlia<\/a><div class=\"content\"><p><iframe loading=\"lazy\" width=\"840\" height=\"473\" src=\"https:\/\/www.youtube.com\/embed\/e8Yrt9BIYRE?feature=oembed\" frameborder=\"0\" allow=\"accelerometer; autoplay; encrypted-media; gyroscope; picture-in-picture\" allowfullscreen><\/iframe><\/p>\n<\/div><\/li><li class=\"listing-item\"><a class=\"title\" href=\"http:\/\/ipads.org.br\/zikalab\/videos-a-a-z\/zika-de-a-a-z-fim-da-emergencia-sobre-o-zika-virus\/\">Zika de A \u00e0 Z | Fim da emerg\u00eancia sobre o zika v\u00edrus?<\/a><div class=\"content\"><p><iframe loading=\"lazy\" width=\"840\" height=\"473\" src=\"https:\/\/www.youtube.com\/embed\/dxqBnG299yk?feature=oembed\" frameborder=\"0\" allow=\"accelerometer; autoplay; encrypted-media; gyroscope; picture-in-picture\" allowfullscreen><\/iframe><\/p>\n<\/div><\/li><li class=\"listing-item\"><a class=\"title\" href=\"http:\/\/ipads.org.br\/zikalab\/videos-a-a-z\/zika-de-a-a-z-prevencao-antes-da-gravidez\/\">Zika de A \u00e0 Z | Preven\u00e7\u00e3o antes da gravidez<\/a><div class=\"content\"><p><iframe loading=\"lazy\" width=\"840\" height=\"473\" src=\"https:\/\/www.youtube.com\/embed\/NACUUQpqCZw?feature=oembed\" frameborder=\"0\" allow=\"accelerometer; autoplay; encrypted-media; gyroscope; picture-in-picture\" allowfullscreen><\/iframe><\/p>\n<\/div><\/li><li class=\"listing-item\"><a class=\"title\" href=\"http:\/\/ipads.org.br\/zikalab\/videos-a-a-z\/zika-de-a-a-z-sindrome-de-guillain-barre\/\">Zika de A \u00e0 Z | S\u00edndrome de Guillain-Barr\u00e9<\/a><div class=\"content\"><p><iframe loading=\"lazy\" width=\"840\" height=\"473\" src=\"https:\/\/www.youtube.com\/embed\/TYY3AHdppbk?feature=oembed\" frameborder=\"0\" allow=\"accelerometer; autoplay; encrypted-media; gyroscope; picture-in-picture\" allowfullscreen><\/iframe><\/p>\n<\/div><\/li><\/ul>\n<h2>V\u00eddeos parceiros &#8211; UNICEF<\/h2>\n<ul class=\"display-posts-listing\"><li class=\"listing-item\"><a class=\"title\" href=\"http:\/\/ipads.org.br\/zikalab\/outros-videos\/conhecendo-o-redes-de-inclusao\/\">Conhecendo o Redes de Inclus\u00e3o<\/a><div class=\"content\"><p><iframe loading=\"lazy\" width=\"560\" height=\"315\" src=\"https:\/\/www.youtube.com\/embed\/ZmhBZRIDRQI\" frameborder=\"0\" allow=\"autoplay; encrypted-media\" allowfullscreen><\/iframe><\/p>\n<\/div><\/li><li class=\"listing-item\"><a class=\"title\" href=\"http:\/\/ipads.org.br\/zikalab\/outros-videos\/conhecendo-o-kit-multisensorial\/\">Conhecendo o Kit Multisensorial<\/a><div class=\"content\"><p><iframe loading=\"lazy\" width=\"560\" height=\"315\" src=\"https:\/\/www.youtube.com\/embed\/ZmhBZRIDRQI\" frameborder=\"0\" allow=\"autoplay; encrypted-media\" allowfullscreen><\/iframe><\/p>\n<\/div><\/li><li class=\"listing-item\"><a class=\"title\" href=\"http:\/\/ipads.org.br\/zikalab\/outros-videos\/redes-de-inclusao-2-estimulacao-visual\/\">Redes de Inclus\u00e3o &#8211; 2 | Estimula\u00e7\u00e3o visual<\/a><div class=\"content\"><p><iframe loading=\"lazy\" width=\"560\" height=\"315\" src=\"https:\/\/www.youtube.com\/embed\/p0g2R3YOXmM\" frameborder=\"0\" allow=\"autoplay; encrypted-media\" allowfullscreen><\/iframe><\/p>\n<\/div><\/li><li class=\"listing-item\"><a class=\"title\" href=\"http:\/\/ipads.org.br\/zikalab\/outros-videos\/redes-de-inclusao-3-estimulacao-auditiva\/\">Redes de Inclus\u00e3o &#8211; 3 | Estimula\u00e7\u00e3o auditiva<\/a><div class=\"content\"><p><iframe loading=\"lazy\" width=\"560\" height=\"315\" src=\"https:\/\/www.youtube.com\/embed\/s-qTEJbalUI\" frameborder=\"0\" allow=\"autoplay; encrypted-media\" allowfullscreen><\/iframe><\/p>\n<\/div><\/li><li class=\"listing-item\"><a class=\"title\" href=\"http:\/\/ipads.org.br\/zikalab\/outros-videos\/redes-de-inclusao-4-estimulacao-motora\/\">Redes de Inclus\u00e3o &#8211; 4 | Estimula\u00e7\u00e3o Motora<\/a><div class=\"content\"><p><iframe loading=\"lazy\" width=\"560\" height=\"315\" src=\"https:\/\/www.youtube.com\/embed\/DT8iGLM65gE\" frameborder=\"0\" allow=\"autoplay; encrypted-media\" allowfullscreen><\/iframe><\/p>\n<\/div><\/li><li class=\"listing-item\"><a class=\"title\" href=\"http:\/\/ipads.org.br\/zikalab\/outros-videos\/redes-de-inclusao-5-estimulacao-auditiva-visual-e-motora\/\">Redes de Inclus\u00e3o &#8211; 5 | Estimula\u00e7\u00e3o Auditiva, Visual e Motora<\/a><div class=\"content\"><p><iframe loading=\"lazy\" width=\"560\" height=\"315\" src=\"https:\/\/www.youtube.com\/embed\/ajZqwMat96Q\" frameborder=\"0\" allow=\"autoplay; encrypted-media\" allowfullscreen><\/iframe><\/p>\n<\/div><\/li><\/ul>\n","protected":false},"excerpt":{"rendered":"<p>Disseminac\u0327a\u0303o de Informac\u0327a\u0303o O programa Zika de A a Z busca tirar as d\u00favidas mais frequentes da popula\u00e7\u00e3o em geral sobre a infec\u00e7\u00e3o pelo v\u00edrus Zika e desmistificar o tema. Ale\u0301m de compartilhar informac\u0327o\u0303es, os profissionais do projetos produziram conhecimento e esclareceram du\u0301vidas ao longo da execuc\u0327a\u0303o do ZikaLab, por meio de vi\u0301deos e entrevistas &hellip; <a href=\"http:\/\/ipads.org.br\/zikalab\/outros-videos\/redes-de-inclusao-5-estimulacao-auditiva-visual-e-motora\/\" class=\"more-link\">Continue lendo<span class=\"screen-reader-text\"> &#8220;Redes de Inclus\u00e3o &#8211; 5 | Estimula\u00e7\u00e3o Auditiva, Visual e Motora&#8221;<\/span><\/a><\/p>\n","protected":false},"author":1,"featured_media":0,"parent":0,"menu_order":0,"comment_status":"closed","ping_status":"closed","template":"ver-template.php","meta":[],"_links":{"self":[{"href":"http:\/\/ipads.org.br\/zikalab\/wp-json\/wp\/v2\/pages\/69"}],"collection":[{"href":"http:\/\/ipads.org.br\/zikalab\/wp-json\/wp\/v2\/pages"}],"about":[{"href":"http:\/\/ipads.org.br\/zikalab\/wp-json\/wp\/v2\/types\/page"}],"author":[{"embeddable":true,"href":"http:\/\/ipads.org.br\/zikalab\/wp-json\/wp\/v2\/users\/1"}],"replies":[{"embeddable":true,"href":"http:\/\/ipads.org.br\/zikalab\/wp-json\/wp\/v2\/comments?post=69"}],"version-history":[{"count":11,"href":"http:\/\/ipads.org.br\/zikalab\/wp-json\/wp\/v2\/pages\/69\/revisions"}],"predecessor-version":[{"id":2022,"href":"http:\/\/ipads.org.br\/zikalab\/wp-json\/wp\/v2\/pages\/69\/revisions\/2022"}],"wp:attachment":[{"href":"http:\/\/ipads.org.br\/zikalab\/wp-json\/wp\/v2\/media?parent=69"}],"curies":[{"name":"wp","href":"https:\/\/api.w.org\/{rel}","templated":true}]}}