{"id":285,"date":"2019-04-18T11:42:32","date_gmt":"2019-04-18T14:42:32","guid":{"rendered":"http:\/\/ipads.org.br\/cidadaniajovem\/?page_id=285"},"modified":"2019-04-18T11:42:32","modified_gmt":"2019-04-18T14:42:32","slug":"documentos-para-ab-sus","status":"publish","type":"page","link":"https:\/\/ipads.org.br\/cidadaniajovem\/documentos-para-ab-sus\/","title":{"rendered":"Documentos para AB\/SUS"},"content":{"rendered":"<p>Em breve<\/p>\n","protected":false},"excerpt":{"rendered":"<p>Em breve<\/p>\n","protected":false},"author":1,"featured_media":0,"parent":0,"menu_order":0,"comment_status":"closed","ping_status":"closed","template":"","meta":{"ngg_post_thumbnail":0},"yoast_head":"<!-- This site is optimized with the Yoast SEO plugin v20.11 - https:\/\/yoast.com\/wordpress\/plugins\/seo\/ -->\n<title>Documentos para AB\/SUS - Cidadania Jovem<\/title>\n<meta name=\"robots\" content=\"index, follow, max-snippet:-1, max-image-preview:large, max-video-preview:-1\" \/>\n<link rel=\"canonical\" href=\"https:\/\/ipads.org.br\/cidadaniajovem\/documentos-para-ab-sus\/\" \/>\n<meta property=\"og:locale\" content=\"pt_BR\" \/>\n<meta property=\"og:type\" content=\"article\" \/>\n<meta property=\"og:title\" content=\"Documentos para AB\/SUS - Cidadania Jovem\" \/>\n<meta property=\"og:description\" content=\"Em breve\" \/>\n<meta property=\"og:url\" content=\"https:\/\/ipads.org.br\/cidadaniajovem\/documentos-para-ab-sus\/\" \/>\n<meta property=\"og:site_name\" content=\"Cidadania Jovem\" \/>\n<meta name=\"twitter:card\" content=\"summary_large_image\" \/>\n<script type=\"application\/ld+json\" class=\"yoast-schema-graph\">{\"@context\":\"https:\/\/schema.org\",\"@graph\":[{\"@type\":\"WebPage\",\"@id\":\"https:\/\/ipads.org.br\/cidadaniajovem\/documentos-para-ab-sus\/\",\"url\":\"https:\/\/ipads.org.br\/cidadaniajovem\/documentos-para-ab-sus\/\",\"name\":\"Documentos para AB\/SUS - Cidadania Jovem\",\"isPartOf\":{\"@id\":\"https:\/\/ipads.org.br\/cidadaniajovem\/#website\"},\"datePublished\":\"2019-04-18T14:42:32+00:00\",\"dateModified\":\"2019-04-18T14:42:32+00:00\",\"breadcrumb\":{\"@id\":\"https:\/\/ipads.org.br\/cidadaniajovem\/documentos-para-ab-sus\/#breadcrumb\"},\"inLanguage\":\"pt-BR\",\"potentialAction\":[{\"@type\":\"ReadAction\",\"target\":[\"https:\/\/ipads.org.br\/cidadaniajovem\/documentos-para-ab-sus\/\"]}]},{\"@type\":\"BreadcrumbList\",\"@id\":\"https:\/\/ipads.org.br\/cidadaniajovem\/documentos-para-ab-sus\/#breadcrumb\",\"itemListElement\":[{\"@type\":\"ListItem\",\"position\":1,\"name\":\"In\u00edcio\",\"item\":\"https:\/\/ipads.org.br\/cidadaniajovem\/\"},{\"@type\":\"ListItem\",\"position\":2,\"name\":\"Documentos para AB\/SUS\"}]},{\"@type\":\"WebSite\",\"@id\":\"https:\/\/ipads.org.br\/cidadaniajovem\/#website\",\"url\":\"https:\/\/ipads.org.br\/cidadaniajovem\/\",\"name\":\"Cidadania Jovem\",\"description\":\"Promo\u00e7\u00e3o da sa\u00fade de adolescentes\",\"potentialAction\":[{\"@type\":\"SearchAction\",\"target\":{\"@type\":\"EntryPoint\",\"urlTemplate\":\"https:\/\/ipads.org.br\/cidadaniajovem\/?s={search_term_string}\"},\"query-input\":\"required name=search_term_string\"}],\"inLanguage\":\"pt-BR\"}]}<\/script>\n<!-- \/ Yoast SEO plugin. -->","yoast_head_json":{"title":"Documentos para AB\/SUS - Cidadania Jovem","robots":{"index":"index","follow":"follow","max-snippet":"max-snippet:-1","max-image-preview":"max-image-preview:large","max-video-preview":"max-video-preview:-1"},"canonical":"https:\/\/ipads.org.br\/cidadaniajovem\/documentos-para-ab-sus\/","og_locale":"pt_BR","og_type":"article","og_title":"Documentos para AB\/SUS - Cidadania Jovem","og_description":"Em breve","og_url":"https:\/\/ipads.org.br\/cidadaniajovem\/documentos-para-ab-sus\/","og_site_name":"Cidadania Jovem","twitter_card":"summary_large_image","schema":{"@context":"https:\/\/schema.org","@graph":[{"@type":"WebPage","@id":"https:\/\/ipads.org.br\/cidadaniajovem\/documentos-para-ab-sus\/","url":"https:\/\/ipads.org.br\/cidadaniajovem\/documentos-para-ab-sus\/","name":"Documentos para AB\/SUS - Cidadania Jovem","isPartOf":{"@id":"https:\/\/ipads.org.br\/cidadaniajovem\/#website"},"datePublished":"2019-04-18T14:42:32+00:00","dateModified":"2019-04-18T14:42:32+00:00","breadcrumb":{"@id":"https:\/\/ipads.org.br\/cidadaniajovem\/documentos-para-ab-sus\/#breadcrumb"},"inLanguage":"pt-BR","potentialAction":[{"@type":"ReadAction","target":["https:\/\/ipads.org.br\/cidadaniajovem\/documentos-para-ab-sus\/"]}]},{"@type":"BreadcrumbList","@id":"https:\/\/ipads.org.br\/cidadaniajovem\/documentos-para-ab-sus\/#breadcrumb","itemListElement":[{"@type":"ListItem","position":1,"name":"In\u00edcio","item":"https:\/\/ipads.org.br\/cidadaniajovem\/"},{"@type":"ListItem","position":2,"name":"Documentos para AB\/SUS"}]},{"@type":"WebSite","@id":"https:\/\/ipads.org.br\/cidadaniajovem\/#website","url":"https:\/\/ipads.org.br\/cidadaniajovem\/","name":"Cidadania Jovem","description":"Promo\u00e7\u00e3o da sa\u00fade de adolescentes","potentialAction":[{"@type":"SearchAction","target":{"@type":"EntryPoint","urlTemplate":"https:\/\/ipads.org.br\/cidadaniajovem\/?s={search_term_string}"},"query-input":"required name=search_term_string"}],"inLanguage":"pt-BR"}]}},"_links":{"self":[{"href":"https:\/\/ipads.org.br\/cidadaniajovem\/wp-json\/wp\/v2\/pages\/285"}],"collection":[{"href":"https:\/\/ipads.org.br\/cidadaniajovem\/wp-json\/wp\/v2\/pages"}],"about":[{"href":"https:\/\/ipads.org.br\/cidadaniajovem\/wp-json\/wp\/v2\/types\/page"}],"author":[{"embeddable":true,"href":"https:\/\/ipads.org.br\/cidadaniajovem\/wp-json\/wp\/v2\/users\/1"}],"replies":[{"embeddable":true,"href":"https:\/\/ipads.org.br\/cidadaniajovem\/wp-json\/wp\/v2\/comments?post=285"}],"version-history":[{"count":1,"href":"https:\/\/ipads.org.br\/cidadaniajovem\/wp-json\/wp\/v2\/pages\/285\/revisions"}],"predecessor-version":[{"id":287,"href":"https:\/\/ipads.org.br\/cidadaniajovem\/wp-json\/wp\/v2\/pages\/285\/revisions\/287"}],"wp:attachment":[{"href":"https:\/\/ipads.org.br\/cidadaniajovem\/wp-json\/wp\/v2\/media?parent=285"}],"curies":[{"name":"wp","href":"https:\/\/api.w.org\/{rel}","templated":true}]}}