{"id":23,"date":"2019-05-12T09:37:08","date_gmt":"2019-05-12T12:37:08","guid":{"rendered":"http:\/\/localhost:8080\/md-publicidade\/glicamelito\/?page_id=23"},"modified":"2019-05-12T13:14:15","modified_gmt":"2019-05-12T16:14:15","slug":"o-projeto","status":"publish","type":"page","link":"https:\/\/ipads.org.br\/glicamelito\/o-projeto\/","title":{"rendered":"O Projeto"},"content":{"rendered":"\n<p><strong>PROJETO  GLICA MELITO  I  DIABETES MELLITUS TIPO 1<\/strong><br>Implementa\u00e7\u00e3o do Protocolo Cl\u00ednico e Diretrizes Terap\u00eauticas (PCDT) no SUS.<\/p>\n\n\n\n<p>Com uma estimativa preocupante e crescente de 9600 casos novos\/ano, o Brasil ocupa a 3\u00aa posi\u00e7\u00e3o mundial em n\u00famero de crian\u00e7as e adolescentes com Diabete MellitusTipo 1 (DM1).<\/p>\n\n\n\n<p>Glica Melito \u00e9 um projeto de abrang\u00eancia nacional realizado em parcerias entre CONASEMS, IPADS e Novo Nordisk, a partir da demanda do CONASEMS para o fortalecimento da Aten\u00e7\u00e3o B\u00e1sica no SUS.<\/p>\n\n\n\n<p><strong>O sucesso desse projeto est\u00e1 na ADES\u00c3O de todos: Profissionais da Sa\u00fade, Pessoas com o DM1 e Cuidadores.<\/strong><\/p>\n\n\n\n<p>NOSSO OBJETIVO<br><\/p>\n\n\n\n<ul><li><strong>Qualificar <\/strong>o cuidado das pessoas com Diabete MellitusTipo 1 atendidos no Sistema \u00danico de Sa\u00fade.<br><\/li><li><strong>Apoiar <\/strong>a implanta\u00e7\u00e3o do Protocolo Cl\u00ednico e Diretrizes Terap\u00eauticas da Diabete MellitusTipo 1.<br><\/li><li><strong>Capacitar <\/strong>a equipe de sa\u00fade para o tratamento do Diabete MellitusTipo 1 e o uso das tecnologias disponibilizadas no SUS.<br><\/li><li><strong>Aprimorar <\/strong>as a\u00e7\u00f5es da Equipe de Sa\u00fade para: educa\u00e7\u00e3o em diabete, insulinoterapia, automonitoriza\u00e7\u00e3o glic\u00eamica,  orienta\u00e7\u00e3o nutricional e pr\u00e1tica de atividades f\u00edsicas.<br><\/li><li><strong>Subsidiar e fomentar<\/strong> a educa\u00e7\u00e3o dos pacientes e cuidadores para um melhor conv\u00edvio com a doen\u00e7a estimulando o autocuidado com: alimenta\u00e7\u00e3o, contagem de carboidratos, atividades f\u00edsicas, identifica\u00e7\u00e3o e tratamento da  hiperglicemia e hipoglicemia e administra\u00e7\u00e3o de insulina.<\/li><\/ul>\n","protected":false},"excerpt":{"rendered":"<p>PROJETO GLICA MELITO I DIABETES MELLITUS TIPO 1Implementa\u00e7\u00e3o do Protocolo Cl\u00ednico e Diretrizes Terap\u00eauticas (PCDT) no SUS. Com uma estimativa &hellip; <\/p>\n<p><a href=\"https:\/\/ipads.org.br\/glicamelito\/o-projeto\/\" class=\"more-link\">Ler mais<\/a><\/p>\n","protected":false},"author":1,"featured_media":0,"parent":0,"menu_order":0,"comment_status":"closed","ping_status":"closed","template":"template-projeto.php","meta":[],"_links":{"self":[{"href":"https:\/\/ipads.org.br\/glicamelito\/wp-json\/wp\/v2\/pages\/23"}],"collection":[{"href":"https:\/\/ipads.org.br\/glicamelito\/wp-json\/wp\/v2\/pages"}],"about":[{"href":"https:\/\/ipads.org.br\/glicamelito\/wp-json\/wp\/v2\/types\/page"}],"author":[{"embeddable":true,"href":"https:\/\/ipads.org.br\/glicamelito\/wp-json\/wp\/v2\/users\/1"}],"replies":[{"embeddable":true,"href":"https:\/\/ipads.org.br\/glicamelito\/wp-json\/wp\/v2\/comments?post=23"}],"version-history":[{"count":5,"href":"https:\/\/ipads.org.br\/glicamelito\/wp-json\/wp\/v2\/pages\/23\/revisions"}],"predecessor-version":[{"id":34,"href":"https:\/\/ipads.org.br\/glicamelito\/wp-json\/wp\/v2\/pages\/23\/revisions\/34"}],"wp:attachment":[{"href":"https:\/\/ipads.org.br\/glicamelito\/wp-json\/wp\/v2\/media?parent=23"}],"curies":[{"name":"wp","href":"https:\/\/api.w.org\/{rel}","templated":true}]}}