{"id":51,"date":"2019-05-12T13:50:20","date_gmt":"2019-05-12T16:50:20","guid":{"rendered":"http:\/\/localhost:8080\/md-publicidade\/glicamelito\/?page_id=51"},"modified":"2019-05-15T04:38:17","modified_gmt":"2019-05-15T07:38:17","slug":"gestao","status":"publish","type":"page","link":"https:\/\/ipads.org.br\/glicamelito\/gestao\/","title":{"rendered":"Gest\u00e3o"},"content":{"rendered":"\n<div class=\"wp-block-columns has-2-columns is-layout-flex wp-container-3\">\n<div class=\"wp-block-column is-layout-flow\">\n<p style=\"text-align:right\">PROJETO  GLICA MELITO  I  DIABETES <br>MELLITUS TIPO 1<br>Implementa\u00e7\u00e3o do Protocolo Cl\u00ednico e<br>Diretrizes Terap\u00eauticas (PCDT) no SUS.<\/p>\n<\/div>\n\n\n\n<div class=\"wp-block-column is-layout-flow\">\n<p class=\"has-text-color has-pale-cyan-blue-color\">GRUPO EXECUTIVO<\/p>\n\n\n\n<p><strong>IPADS<\/strong><br>ORLANDO M\u00c1RIO SOEIRO<br>KAREN SARMENTO COSTA<br>ALICE OLIM BR\u00cdCOLA <\/p>\n\n\n\n<p><strong>CONASEMS<\/strong><br>MAURO GUIMAR\u00c3ES JUNQUEIRA<br>ELTON DA SILVA CHAVES<br>HISHAM MOHAMAD HAMIDA<\/p>\n\n\n\n<p><strong>NOVO NORDISK<\/strong><br>SIMONE WARMBRAND TCHERNIAKOVSKY<br>MARCO ANT\u00d4NIO NAZAR PETTI<br>Fl\u00c1VIA BRAKLING<\/p>\n<\/div>\n<\/div>\n","protected":false},"excerpt":{"rendered":"<p>PROJETO GLICA MELITO I DIABETES MELLITUS TIPO 1Implementa\u00e7\u00e3o do Protocolo Cl\u00ednico eDiretrizes Terap\u00eauticas (PCDT) no SUS. GRUPO EXECUTIVO IPADSORLANDO M\u00c1RIO &hellip; <\/p>\n<p><a href=\"https:\/\/ipads.org.br\/glicamelito\/gestao\/\" class=\"more-link\">Ler mais<\/a><\/p>\n","protected":false},"author":1,"featured_media":0,"parent":0,"menu_order":0,"comment_status":"closed","ping_status":"closed","template":"template-gestao.php","meta":[],"_links":{"self":[{"href":"https:\/\/ipads.org.br\/glicamelito\/wp-json\/wp\/v2\/pages\/51"}],"collection":[{"href":"https:\/\/ipads.org.br\/glicamelito\/wp-json\/wp\/v2\/pages"}],"about":[{"href":"https:\/\/ipads.org.br\/glicamelito\/wp-json\/wp\/v2\/types\/page"}],"author":[{"embeddable":true,"href":"https:\/\/ipads.org.br\/glicamelito\/wp-json\/wp\/v2\/users\/1"}],"replies":[{"embeddable":true,"href":"https:\/\/ipads.org.br\/glicamelito\/wp-json\/wp\/v2\/comments?post=51"}],"version-history":[{"count":4,"href":"https:\/\/ipads.org.br\/glicamelito\/wp-json\/wp\/v2\/pages\/51\/revisions"}],"predecessor-version":[{"id":90,"href":"https:\/\/ipads.org.br\/glicamelito\/wp-json\/wp\/v2\/pages\/51\/revisions\/90"}],"wp:attachment":[{"href":"https:\/\/ipads.org.br\/glicamelito\/wp-json\/wp\/v2\/media?parent=51"}],"curies":[{"name":"wp","href":"https:\/\/api.w.org\/{rel}","templated":true}]}}